{"id":32314,"date":"2025-10-24T10:42:02","date_gmt":"2025-10-24T07:42:02","guid":{"rendered":"https:\/\/www.gasia.com.tr\/tr\/?post_type=product&#038;p=32314"},"modified":"2026-03-22T20:11:47","modified_gmt":"2026-03-22T17:11:47","slug":"pirlanta-fiyonk-detayli-renkli-deri-bileklik","status":"publish","type":"product","link":"https:\/\/www.gasia.com.tr\/en\/collections\/pirlanta-fiyonk-detayli-renkli-deri-bileklik\/","title":{"rendered":"P\u0131rlanta Fiyonk Detayl\u0131 Renkli Deri Bileklik"},"content":{"rendered":"<p>Canl\u0131 renkleri ve zarif detaylar\u0131yla dikkat \u00e7eken bu deri bileklik, lacivert ve turuncu tonlar\u0131n\u0131n enerjisini p\u0131rlanta fiyonk motifi ile bulu\u015fturur. \u0130nce formu ve ortadaki \u0131\u015f\u0131lt\u0131l\u0131 fiyonk detay\u0131, tasar\u0131ma feminen ve \u015f\u0131k bir dokunu\u015f kazand\u0131r\u0131rken, alt\u0131n detaylarla b\u00fct\u00fcnl\u00fck sa\u011flar. Ayarlanabilir yap\u0131s\u0131 sayesinde bile\u011fe kolayca uyum sa\u011flar ve g\u00fcn boyu konforlu kullan\u0131m sunar. Tek ba\u015f\u0131na zarif bir g\u00f6r\u00fcn\u00fcm yarat\u0131rken, kombinlerde de tamamlay\u0131c\u0131 bir par\u00e7a olarak \u00f6ne \u00e7\u0131kar.<\/p>","protected":false},"excerpt":{"rendered":"<ul>\n<li>14 Ayar 585 Alt\u0131n<\/li>\n<li>0,04 ct P\u0131rlanta<\/li>\n<li>5 mm geni\u015fli\u011finde ger\u00e7ek Deri<\/li>\n<\/ul>","protected":false},"featured_media":40278,"comment_status":"open","ping_status":"closed","template":"","meta":[],"product_brand":[],"product_cat":[73,209],"product_tag":[2187,1027,230,2194,229,2182,2193,512,228,1037,231,365,2191,2185,2189,2190,366,232,2192],"class_list":{"0":"post-32314","1":"product","2":"type-product","3":"status-publish","4":"has-post-thumbnail","6":"product_cat-altin-pirlanta-bileklik","7":"product_cat-deri-orgu-bileklik","8":"product_tag-adjustable-bracelet","9":"product_tag-altin-detayli-bileklik","10":"product_tag-bileklik","11":"product_tag-colorful-bracelet","12":"product_tag-deri","13":"product_tag-deri-bileklik","14":"product_tag-diamond-bow-bracelet","15":"product_tag-elegant-bracelet","16":"product_tag-fiyonk","17":"product_tag-gold-detail-bracelet","18":"product_tag-hediye","19":"product_tag-kadin-bileklik","20":"product_tag-lacivert-bileklik","21":"product_tag-leather-bracelet","22":"product_tag-pirlanta-fiyonk-bileklik","23":"product_tag-renkli-bileklik","24":"product_tag-sik-bileklik","25":"product_tag-tasarim","26":"product_tag-turuncu-bileklik","27":"pa_cinsiyet-kadin","29":"first","30":"instock","31":"shipping-taxable","32":"purchasable","33":"product-type-simple"},"_links":{"self":[{"href":"https:\/\/www.gasia.com.tr\/en\/wp-json\/wp\/v2\/product\/32314","targetHints":{"allow":["GET"]}}],"collection":[{"href":"https:\/\/www.gasia.com.tr\/en\/wp-json\/wp\/v2\/product"}],"about":[{"href":"https:\/\/www.gasia.com.tr\/en\/wp-json\/wp\/v2\/types\/product"}],"replies":[{"embeddable":true,"href":"https:\/\/www.gasia.com.tr\/en\/wp-json\/wp\/v2\/comments?post=32314"}],"version-history":[{"count":2,"href":"https:\/\/www.gasia.com.tr\/en\/wp-json\/wp\/v2\/product\/32314\/revisions"}],"predecessor-version":[{"id":40281,"href":"https:\/\/www.gasia.com.tr\/en\/wp-json\/wp\/v2\/product\/32314\/revisions\/40281"}],"wp:featuredmedia":[{"embeddable":true,"href":"https:\/\/www.gasia.com.tr\/en\/wp-json\/wp\/v2\/media\/40278"}],"wp:attachment":[{"href":"https:\/\/www.gasia.com.tr\/en\/wp-json\/wp\/v2\/media?parent=32314"}],"wp:term":[{"taxonomy":"product_brand","embeddable":true,"href":"https:\/\/www.gasia.com.tr\/en\/wp-json\/wp\/v2\/product_brand?post=32314"},{"taxonomy":"product_cat","embeddable":true,"href":"https:\/\/www.gasia.com.tr\/en\/wp-json\/wp\/v2\/product_cat?post=32314"},{"taxonomy":"product_tag","embeddable":true,"href":"https:\/\/www.gasia.com.tr\/en\/wp-json\/wp\/v2\/product_tag?post=32314"}],"curies":[{"name":"wp","href":"https:\/\/api.w.org\/{rel}","templated":true}]}}