{"id":32660,"date":"2025-11-10T15:11:17","date_gmt":"2025-11-10T12:11:17","guid":{"rendered":"https:\/\/www.gasia.com.tr\/?post_type=product&#038;p=32660"},"modified":"2026-04-26T21:06:46","modified_gmt":"2026-04-26T18:06:46","slug":"dikdortgen-kesim-aquamarine-tasli-altin-pirlanta-kolye","status":"publish","type":"product","link":"https:\/\/www.gasia.com.tr\/en\/collections\/dikdortgen-kesim-aquamarine-tasli-altin-pirlanta-kolye\/","title":{"rendered":"Dikd\u00f6rtgen Kesim Aquamarine Ta\u015fl\u0131 Alt\u0131n P\u0131rlanta Kolye"},"content":{"rendered":"<p data-start=\"115\" data-end=\"359\">Buz mavisi tonlar\u0131yla dikkat \u00e7eken dikd\u00f6rtgen kesim aquamarine ta\u015f, bu zarif kolyede alt\u0131n \u00e7er\u00e7eve ve p\u0131rlanta detaylarla tamamlan\u0131yor. Ta\u015f\u0131n berrak yap\u0131s\u0131 \u0131\u015f\u0131\u011f\u0131 g\u00fc\u00e7l\u00fc \u015fekilde yans\u0131tarak tasar\u0131ma ferah ve dikkat \u00e7ekici bir g\u00f6r\u00fcn\u00fcm kazand\u0131r\u0131r.<\/p>\n<p data-start=\"361\" data-end=\"631\">\u00c7evresini saran p\u0131rlanta detaylar kolyeye ince bir \u0131\u015f\u0131lt\u0131 katarken, alt\u0131n zincir ile dengelenen form sade ama etkileyici bir duru\u015f sunar. G\u00fcnl\u00fck stiline zarif bir dokunu\u015f eklemek ya da \u00f6zel anlar\u0131nda g\u00f6z al\u0131c\u0131 bir par\u00e7a tercih etmek isteyenler i\u00e7in ideal bir se\u00e7imdir.<\/p>","protected":false},"excerpt":{"rendered":"<ul>\n<li>3,79 ct Brezilya Aquamarin<\/li>\n<li>0,19 ct P\u0131rlanta<\/li>\n<li>45 cm uzunluk<\/li>\n<\/ul>","protected":false},"featured_media":41142,"comment_status":"open","ping_status":"closed","template":"","meta":[],"product_brand":[2718],"product_cat":[75],"product_tag":[2921,278,2920,2923,2924,2168,294,2922,2926,1655,322,473,1417,1602,277,276,2925,489,329,476],"class_list":{"0":"post-32660","1":"product","2":"type-product","3":"status-publish","4":"has-post-thumbnail","6":"product_brand-gasia-casuals","7":"product_cat-kolye","8":"product_tag-akuamarin-kolye","9":"product_tag-altin-kolye","10":"product_tag-aquamarine-kolye","11":"product_tag-aquamarine-necklace","12":"product_tag-blue-gemstone-necklace","13":"product_tag-delicate-necklace","14":"product_tag-diamond-necklace","15":"product_tag-dikdortgen-tas-kolye","16":"product_tag-elegant-jewelry","17":"product_tag-fine-jewelry","18":"product_tag-gold-necklace","19":"product_tag-kadin-kolye","20":"product_tag-luxury-necklace","21":"product_tag-mavi-tas-kolye","22":"product_tag-modern-kolye","23":"product_tag-pirlanta-kolye","24":"product_tag-rectangular-gemstone-necklace","25":"product_tag-statement-necklace","26":"product_tag-tasli-kolye","27":"product_tag-zarif-kolye","28":"pa_cinsiyet-kadin","30":"first","31":"instock","32":"sale","33":"shipping-taxable","34":"purchasable","35":"product-type-simple"},"_links":{"self":[{"href":"https:\/\/www.gasia.com.tr\/en\/wp-json\/wp\/v2\/product\/32660","targetHints":{"allow":["GET"]}}],"collection":[{"href":"https:\/\/www.gasia.com.tr\/en\/wp-json\/wp\/v2\/product"}],"about":[{"href":"https:\/\/www.gasia.com.tr\/en\/wp-json\/wp\/v2\/types\/product"}],"replies":[{"embeddable":true,"href":"https:\/\/www.gasia.com.tr\/en\/wp-json\/wp\/v2\/comments?post=32660"}],"version-history":[{"count":2,"href":"https:\/\/www.gasia.com.tr\/en\/wp-json\/wp\/v2\/product\/32660\/revisions"}],"predecessor-version":[{"id":41143,"href":"https:\/\/www.gasia.com.tr\/en\/wp-json\/wp\/v2\/product\/32660\/revisions\/41143"}],"wp:featuredmedia":[{"embeddable":true,"href":"https:\/\/www.gasia.com.tr\/en\/wp-json\/wp\/v2\/media\/41142"}],"wp:attachment":[{"href":"https:\/\/www.gasia.com.tr\/en\/wp-json\/wp\/v2\/media?parent=32660"}],"wp:term":[{"taxonomy":"product_brand","embeddable":true,"href":"https:\/\/www.gasia.com.tr\/en\/wp-json\/wp\/v2\/product_brand?post=32660"},{"taxonomy":"product_cat","embeddable":true,"href":"https:\/\/www.gasia.com.tr\/en\/wp-json\/wp\/v2\/product_cat?post=32660"},{"taxonomy":"product_tag","embeddable":true,"href":"https:\/\/www.gasia.com.tr\/en\/wp-json\/wp\/v2\/product_tag?post=32660"}],"curies":[{"name":"wp","href":"https:\/\/api.w.org\/{rel}","templated":true}]}}