{"id":32719,"date":"2025-11-10T15:54:00","date_gmt":"2025-11-10T12:54:00","guid":{"rendered":"https:\/\/www.gasia.com.tr\/?post_type=product&#038;p=32719"},"modified":"2026-03-14T16:26:25","modified_gmt":"2026-03-14T13:26:25","slug":"pirlantali-fil-figurlu-tasarim-altin-kolye","status":"publish","type":"product","link":"https:\/\/www.gasia.com.tr\/en\/collections\/pirlantali-fil-figurlu-tasarim-altin-kolye\/","title":{"rendered":"P\u0131rlantal\u0131 Fil Fig\u00fcrl\u00fc Tasar\u0131m Alt\u0131n Kolye"},"content":{"rendered":"<p>\u015eans ve g\u00fc\u00e7 sembol\u00fc olan fil fig\u00fcr\u00fcnden ilham alan bu \u00f6zel tasar\u0131m kolye, p\u0131rlanta ta\u015flarla s\u00fcslenmi\u015f detaylar\u0131yla dikkat \u00e7eker. Siyah rodaj g\u00f6vde, alt\u0131n detaylar ve fildi\u015fi g\u00f6r\u00fcn\u00fcml\u00fc di\u015f tasar\u0131m\u0131 kolyeye karakter ve derinlik kazand\u0131r\u0131r. Sanatsal ve \u00f6zg\u00fcn m\u00fccevher tasar\u0131mlar\u0131n\u0131 sevenler i\u00e7in dikkat \u00e7ekici bir par\u00e7ad\u0131r.<\/p>","protected":false},"excerpt":{"rendered":"<ul>\n<li>abanoz a\u011fac\u0131 el i\u015f\u00e7ili\u011fi<\/li>\n<li>1,33 ct P\u0131rlanta<\/li>\n<li>24 ayar 995 alt\u0131n<\/li>\n<li>925 ayar okside g\u00fcm\u00fc\u015f<\/li>\n<li>65 cm zincir uzunluk<\/li>\n<\/ul>","protected":false},"featured_media":39694,"comment_status":"open","ping_status":"closed","template":"","meta":[],"product_brand":[],"product_cat":[264],"product_tag":[1447,1416,1446,1445,1441,1180,480,1443,477,1181,1442,1444,489,1334],"class_list":{"0":"post-32719","1":"product","2":"type-product","3":"status-publish","4":"has-post-thumbnail","6":"product_cat-gasia-1974-koleksiyonu","7":"product_tag-animal-motif-necklace","8":"product_tag-designer-gold-necklace","9":"product_tag-diamond-elephant-necklace","10":"product_tag-elephant-necklace","11":"product_tag-fil-kolye","12":"product_tag-fine-jewelry-necklace","13":"product_tag-hayvan-figurlu-kolye","14":"product_tag-kadin-kolye-modeli","15":"product_tag-luks-kolye","16":"product_tag-luxury-diamond-necklace","17":"product_tag-pirlantali-fil-kolye","18":"product_tag-sans-sembollu-taki","19":"product_tag-statement-necklace","20":"product_tag-tasarim-altin-kolye","21":"pa_cinsiyet-kadin","23":"first","24":"instock","25":"shipping-taxable","26":"purchasable","27":"product-type-simple"},"_links":{"self":[{"href":"https:\/\/www.gasia.com.tr\/en\/wp-json\/wp\/v2\/product\/32719","targetHints":{"allow":["GET"]}}],"collection":[{"href":"https:\/\/www.gasia.com.tr\/en\/wp-json\/wp\/v2\/product"}],"about":[{"href":"https:\/\/www.gasia.com.tr\/en\/wp-json\/wp\/v2\/types\/product"}],"replies":[{"embeddable":true,"href":"https:\/\/www.gasia.com.tr\/en\/wp-json\/wp\/v2\/comments?post=32719"}],"version-history":[{"count":2,"href":"https:\/\/www.gasia.com.tr\/en\/wp-json\/wp\/v2\/product\/32719\/revisions"}],"predecessor-version":[{"id":39690,"href":"https:\/\/www.gasia.com.tr\/en\/wp-json\/wp\/v2\/product\/32719\/revisions\/39690"}],"wp:featuredmedia":[{"embeddable":true,"href":"https:\/\/www.gasia.com.tr\/en\/wp-json\/wp\/v2\/media\/39694"}],"wp:attachment":[{"href":"https:\/\/www.gasia.com.tr\/en\/wp-json\/wp\/v2\/media?parent=32719"}],"wp:term":[{"taxonomy":"product_brand","embeddable":true,"href":"https:\/\/www.gasia.com.tr\/en\/wp-json\/wp\/v2\/product_brand?post=32719"},{"taxonomy":"product_cat","embeddable":true,"href":"https:\/\/www.gasia.com.tr\/en\/wp-json\/wp\/v2\/product_cat?post=32719"},{"taxonomy":"product_tag","embeddable":true,"href":"https:\/\/www.gasia.com.tr\/en\/wp-json\/wp\/v2\/product_tag?post=32719"}],"curies":[{"name":"wp","href":"https:\/\/api.w.org\/{rel}","templated":true}]}}