{"id":32807,"date":"2025-11-14T13:34:47","date_gmt":"2025-11-14T10:34:47","guid":{"rendered":"https:\/\/www.gasia.com.tr\/?post_type=product&#038;p=32807"},"modified":"2026-01-10T19:42:46","modified_gmt":"2026-01-10T16:42:46","slug":"dogal-kehribar-kolye","status":"publish","type":"product","link":"https:\/\/www.gasia.com.tr\/en\/collections\/dogal-kehribar-kolye\/","title":{"rendered":"Do\u011fal Kehribar kolye"},"content":{"rendered":"<p>Gasia&#8217;n\u0131n titizlikle tasarlanm\u0131\u015f \u00fcr\u00fcnleriyle zarafet ve i\u015f\u00e7ili\u011fin \u00f6z\u00fcn\u00fc deneyimleyin. Koleksiyonumuzdaki her par\u00e7a, sadece bir \u00fcr\u00fcn de\u011fil, g\u00fczelli\u011fin zamans\u0131z bir ifadesini alman\u0131z\u0131 sa\u011flamak i\u00e7in detaylara ola\u011fan\u00fcst\u00fc \u00f6zen g\u00f6sterilerek haz\u0131rlanm\u0131\u015ft\u0131r. \u0130ster cesur bir ifade par\u00e7as\u0131 ister ince bir sofistike dokunu\u015f ar\u0131yor olun, Gasia ki\u015fisel tarz\u0131n\u0131z\u0131 tamamlayacak \u00e7ok \u00e7e\u015fitli tasar\u0131mlar sunar. Gasia&#8217;n\u0131n m\u00fckemmellik konusundaki itibar\u0131, onlarca y\u0131ll\u0131k uzmanl\u0131\u011fa ve zaman\u0131n testine dayanan par\u00e7alar sunmaya adanm\u0131\u015fl\u0131\u011fa dayanmaktad\u0131r. D\u00fcnyan\u0131n d\u00f6rt bir yan\u0131ndaki m\u00fc\u015fterilerimiz taraf\u0131ndan g\u00fcvenilen \u00fcr\u00fcnlerimiz aksesuarlardan daha fazlas\u0131d\u0131r.<\/p>","protected":false},"excerpt":{"rendered":"<p>Gasia&#8217;n\u0131n titizlikle tasarlanm\u0131\u015f \u00fcr\u00fcnleriyle zarafet ve i\u015f\u00e7ili\u011fin \u00f6z\u00fcn\u00fc deneyimleyin. Koleksiyonumuzdaki her par\u00e7a, sadece bir \u00fcr\u00fcn de\u011fil, g\u00fczelli\u011fin zamans\u0131z bir ifadesini<\/p>","protected":false},"featured_media":36825,"comment_status":"open","ping_status":"closed","template":"","meta":[],"product_brand":[],"product_cat":[264],"product_tag":[],"class_list":{"0":"post-32807","1":"product","2":"type-product","3":"status-publish","4":"has-post-thumbnail","6":"product_cat-gasia-1974-koleksiyonu","7":"pa_cinsiyet-kadin","9":"first","10":"onbackorder","11":"shipping-taxable","12":"product-type-simple"},"_links":{"self":[{"href":"https:\/\/www.gasia.com.tr\/en\/wp-json\/wp\/v2\/product\/32807","targetHints":{"allow":["GET"]}}],"collection":[{"href":"https:\/\/www.gasia.com.tr\/en\/wp-json\/wp\/v2\/product"}],"about":[{"href":"https:\/\/www.gasia.com.tr\/en\/wp-json\/wp\/v2\/types\/product"}],"replies":[{"embeddable":true,"href":"https:\/\/www.gasia.com.tr\/en\/wp-json\/wp\/v2\/comments?post=32807"}],"version-history":[{"count":2,"href":"https:\/\/www.gasia.com.tr\/en\/wp-json\/wp\/v2\/product\/32807\/revisions"}],"predecessor-version":[{"id":36826,"href":"https:\/\/www.gasia.com.tr\/en\/wp-json\/wp\/v2\/product\/32807\/revisions\/36826"}],"wp:featuredmedia":[{"embeddable":true,"href":"https:\/\/www.gasia.com.tr\/en\/wp-json\/wp\/v2\/media\/36825"}],"wp:attachment":[{"href":"https:\/\/www.gasia.com.tr\/en\/wp-json\/wp\/v2\/media?parent=32807"}],"wp:term":[{"taxonomy":"product_brand","embeddable":true,"href":"https:\/\/www.gasia.com.tr\/en\/wp-json\/wp\/v2\/product_brand?post=32807"},{"taxonomy":"product_cat","embeddable":true,"href":"https:\/\/www.gasia.com.tr\/en\/wp-json\/wp\/v2\/product_cat?post=32807"},{"taxonomy":"product_tag","embeddable":true,"href":"https:\/\/www.gasia.com.tr\/en\/wp-json\/wp\/v2\/product_tag?post=32807"}],"curies":[{"name":"wp","href":"https:\/\/api.w.org\/{rel}","templated":true}]}}