{"id":32836,"date":"2025-11-17T17:40:11","date_gmt":"2025-11-17T14:40:11","guid":{"rendered":"https:\/\/www.gasia.com.tr\/?post_type=product&#038;p=32836"},"modified":"2026-04-13T16:43:58","modified_gmt":"2026-04-13T13:43:58","slug":"ham-pirlanta-tasli-altin-detayli-luks-tesbih","status":"publish","type":"product","link":"https:\/\/www.gasia.com.tr\/en\/collections\/ham-pirlanta-tasli-altin-detayli-luks-tesbih\/","title":{"rendered":"Ham P\u0131rlanta Ta\u015fl\u0131 Alt\u0131n Detayl\u0131 L\u00fcks Tesbih"},"content":{"rendered":"<p data-start=\"100\" data-end=\"365\">Ham p\u0131rlanta\u00a0 \u00e7ok y\u00fczeyli kesim taneleriyle \u00f6ne \u00e7\u0131kan bu tesbih, \u0131\u015f\u0131\u011f\u0131 k\u0131rarak dikkat \u00e7ekici bir parlakl\u0131k sunar. Koyu ve derin tonlara sahip ta\u015f yap\u0131s\u0131, g\u00fc\u00e7l\u00fc bir stil yans\u0131t\u0131rken alt\u0131n detaylarla tamamlanan tasar\u0131m estetik bir b\u00fct\u00fcnl\u00fck olu\u015fturur.<\/p>\n<p data-start=\"367\" data-end=\"537\">Ak\u0131c\u0131 dizilimi ve dengeli yap\u0131s\u0131 sayesinde elde rahat bir kullan\u0131m sa\u011flar. U\u00e7 k\u0131sm\u0131ndaki \u00f6zenli i\u015f\u00e7ilik ve hareketli p\u00fcsk\u00fcl detay\u0131, \u00fcr\u00fcne zarif bir dinamizm kazand\u0131r\u0131r.<\/p>\n<p data-start=\"539\" data-end=\"676\">G\u00fcnl\u00fck kullan\u0131m\u0131n yan\u0131 s\u0131ra \u00f6zel koleksiyonlara da uyum sa\u011flayan bu tesbih, farkl\u0131 ve iddial\u0131 par\u00e7alar arayanlar i\u00e7in ideal bir se\u00e7imdir.<\/p>","protected":false},"excerpt":{"rendered":"<ul>\n<li>18 Ayar Alt\u0131n<\/li>\n<li>90,45 ct 33 adet P\u0131rlanta top<\/li>\n<li>1,25 ct P\u0131rlanta<\/li>\n<\/ul>","protected":false},"featured_media":42057,"comment_status":"open","ping_status":"closed","template":"","meta":[],"product_brand":[77,2957],"product_cat":[247,259],"product_tag":[3317,3416,3415,3352,3417,3419,3410,3403,3413,3353,3411,3418,3414,3412],"class_list":{"0":"post-32836","1":"product","2":"type-product","3":"status-publish","4":"has-post-thumbnail","6":"product_brand-gasia","7":"product_brand-gasia-for-man","8":"product_cat-hediyelik","9":"product_cat-tespih-modelleri","10":"product_tag-altin-detayli-tesbih","11":"product_tag-black-luxury-tasbih","12":"product_tag-diamond-cut-tasbih","13":"product_tag-erkek-tesbih","14":"product_tag-faceted-beads-tasbih","15":"product_tag-gemstone-tasbih","16":"product_tag-ham-pirlanta-tesbih","17":"product_tag-koleksiyon-tesbih","18":"product_tag-luks-tesbih","19":"product_tag-men-tasbih","20":"product_tag-pirlanta-gorunumlu-tesbih","21":"product_tag-premium-prayer-beads","22":"product_tag-raw-diamond-tasbih","23":"product_tag-siyah-tesbih","24":"pa_cinsiyet-erkek","26":"first","27":"instock","28":"shipping-taxable","29":"product-type-simple"},"_links":{"self":[{"href":"https:\/\/www.gasia.com.tr\/en\/wp-json\/wp\/v2\/product\/32836","targetHints":{"allow":["GET"]}}],"collection":[{"href":"https:\/\/www.gasia.com.tr\/en\/wp-json\/wp\/v2\/product"}],"about":[{"href":"https:\/\/www.gasia.com.tr\/en\/wp-json\/wp\/v2\/types\/product"}],"replies":[{"embeddable":true,"href":"https:\/\/www.gasia.com.tr\/en\/wp-json\/wp\/v2\/comments?post=32836"}],"version-history":[{"count":5,"href":"https:\/\/www.gasia.com.tr\/en\/wp-json\/wp\/v2\/product\/32836\/revisions"}],"predecessor-version":[{"id":42058,"href":"https:\/\/www.gasia.com.tr\/en\/wp-json\/wp\/v2\/product\/32836\/revisions\/42058"}],"wp:featuredmedia":[{"embeddable":true,"href":"https:\/\/www.gasia.com.tr\/en\/wp-json\/wp\/v2\/media\/42057"}],"wp:attachment":[{"href":"https:\/\/www.gasia.com.tr\/en\/wp-json\/wp\/v2\/media?parent=32836"}],"wp:term":[{"taxonomy":"product_brand","embeddable":true,"href":"https:\/\/www.gasia.com.tr\/en\/wp-json\/wp\/v2\/product_brand?post=32836"},{"taxonomy":"product_cat","embeddable":true,"href":"https:\/\/www.gasia.com.tr\/en\/wp-json\/wp\/v2\/product_cat?post=32836"},{"taxonomy":"product_tag","embeddable":true,"href":"https:\/\/www.gasia.com.tr\/en\/wp-json\/wp\/v2\/product_tag?post=32836"}],"curies":[{"name":"wp","href":"https:\/\/api.w.org\/{rel}","templated":true}]}}