{"id":32871,"date":"2025-11-20T10:22:39","date_gmt":"2025-11-20T07:22:39","guid":{"rendered":"https:\/\/www.gasia.com.tr\/?post_type=product&#038;p=32871"},"modified":"2026-03-23T21:15:49","modified_gmt":"2026-03-23T18:15:49","slug":"geometrik-formlu-oksitli-gumus-kelepce-bileklik","status":"publish","type":"product","link":"https:\/\/www.gasia.com.tr\/en\/collections\/geometrik-formlu-oksitli-gumus-kelepce-bileklik\/","title":{"rendered":"Geometrik Formlu Oksitli G\u00fcm\u00fc\u015f Kelep\u00e7e Bileklik"},"content":{"rendered":"<p>Keskin hatlara sahip geometrik formu ve oksitli g\u00fcm\u00fc\u015f dokusuyla \u00f6ne \u00e7\u0131kan bu kelep\u00e7e bileklik, g\u00fc\u00e7l\u00fc bir tasar\u0131m dili sunar. Tekrar eden ritmik detaylar\u0131 ve el i\u015f\u00e7ili\u011fi hissi, modern ve karakterli bir g\u00f6r\u00fcn\u00fcm yarat\u0131r.<\/p>","protected":false},"excerpt":{"rendered":"<p>Keskin hatlara sahip geometrik formu ve oksitli g\u00fcm\u00fc\u015f dokusuyla \u00f6ne \u00e7\u0131kan bu kelep\u00e7e bileklik, g\u00fc\u00e7l\u00fc bir tasar\u0131m dili sunar. Tekrar<\/p>","protected":false},"featured_media":40463,"comment_status":"open","ping_status":"closed","template":"","meta":[],"product_brand":[],"product_cat":[255],"product_tag":[405,2420,420,543,2433,2432,2419,2423,363,622,2418,2197,2430,1805,2434,2249,2236,2424],"class_list":{"0":"post-32871","1":"product","2":"type-product","3":"status-publish","4":"has-post-thumbnail","6":"product_cat-altin-gumus-bileklikler","7":"product_tag-artisan-jewelry","8":"product_tag-cuff-bracelet","9":"product_tag-designer-bracelet","10":"product_tag-erkek-bileklik","11":"product_tag-geometric-silver-bracelet","12":"product_tag-geometrik-gumus-bileklik","13":"product_tag-kelepce-bileklik","14":"product_tag-mens-bracelet","15":"product_tag-modern-bileklik","16":"product_tag-modern-bracelet","17":"product_tag-oksitli-gumus-bileklik","18":"product_tag-oxidized-silver-bracelet","19":"product_tag-ozgun-tasarim-bileklik","20":"product_tag-statement-bracelet","21":"product_tag-textured-bracelet","22":"product_tag-unique-bracelet","23":"product_tag-unisex-bileklik","24":"product_tag-unisex-bracelet","25":"pa_cinsiyet-erkek","27":"first","28":"instock","29":"shipping-taxable","30":"purchasable","31":"product-type-simple"},"_links":{"self":[{"href":"https:\/\/www.gasia.com.tr\/en\/wp-json\/wp\/v2\/product\/32871","targetHints":{"allow":["GET"]}}],"collection":[{"href":"https:\/\/www.gasia.com.tr\/en\/wp-json\/wp\/v2\/product"}],"about":[{"href":"https:\/\/www.gasia.com.tr\/en\/wp-json\/wp\/v2\/types\/product"}],"replies":[{"embeddable":true,"href":"https:\/\/www.gasia.com.tr\/en\/wp-json\/wp\/v2\/comments?post=32871"}],"version-history":[{"count":2,"href":"https:\/\/www.gasia.com.tr\/en\/wp-json\/wp\/v2\/product\/32871\/revisions"}],"predecessor-version":[{"id":40465,"href":"https:\/\/www.gasia.com.tr\/en\/wp-json\/wp\/v2\/product\/32871\/revisions\/40465"}],"wp:featuredmedia":[{"embeddable":true,"href":"https:\/\/www.gasia.com.tr\/en\/wp-json\/wp\/v2\/media\/40463"}],"wp:attachment":[{"href":"https:\/\/www.gasia.com.tr\/en\/wp-json\/wp\/v2\/media?parent=32871"}],"wp:term":[{"taxonomy":"product_brand","embeddable":true,"href":"https:\/\/www.gasia.com.tr\/en\/wp-json\/wp\/v2\/product_brand?post=32871"},{"taxonomy":"product_cat","embeddable":true,"href":"https:\/\/www.gasia.com.tr\/en\/wp-json\/wp\/v2\/product_cat?post=32871"},{"taxonomy":"product_tag","embeddable":true,"href":"https:\/\/www.gasia.com.tr\/en\/wp-json\/wp\/v2\/product_tag?post=32871"}],"curies":[{"name":"wp","href":"https:\/\/api.w.org\/{rel}","templated":true}]}}