{"id":32887,"date":"2025-11-20T12:33:49","date_gmt":"2025-11-20T09:33:49","guid":{"rendered":"https:\/\/www.gasia.com.tr\/?post_type=product&#038;p=32887"},"modified":"2026-03-23T21:06:34","modified_gmt":"2026-03-23T18:06:34","slug":"civi-detayli-oksitli-gumus-kelepce-bileklik","status":"publish","type":"product","link":"https:\/\/www.gasia.com.tr\/en\/collections\/civi-detayli-oksitli-gumus-kelepce-bileklik\/","title":{"rendered":"\u00c7ivi Detayl\u0131 Oksitli G\u00fcm\u00fc\u015f Kelep\u00e7e Bileklik"},"content":{"rendered":"<p>End\u00fcstriyel esintiler ta\u015f\u0131yan bu tasar\u0131m, merkezindeki \u00e7ivi form detay\u0131yla g\u00fc\u00e7l\u00fc ve farkl\u0131 bir karakter sunar. Oksitli g\u00fcm\u00fc\u015f y\u00fczeyi ve kontrast yaratan alt\u0131n ton dokunu\u015flar\u0131, bilekli\u011fe dikkat \u00e7ekici bir duru\u015f kazand\u0131r\u0131r.<\/p>\n<p>&nbsp;<\/p>","protected":false},"excerpt":{"rendered":"<ul>\n<li>14 ayar alt\u0131n<\/li>\n<li>925 ayar okside g\u00fcm\u00fc\u015f<\/li>\n<li>14 mm geni\u015flik<\/li>\n<\/ul>","protected":false},"featured_media":40455,"comment_status":"open","ping_status":"closed","template":"","meta":[],"product_brand":[],"product_cat":[255],"product_tag":[405,2416,2420,420,2421,543,2422,2419,2423,363,2417,2418,2197,2425,1805,2249,2236,2424],"class_list":{"0":"post-32887","1":"product","2":"type-product","3":"status-publish","4":"has-post-thumbnail","6":"product_cat-altin-gumus-bileklikler","7":"product_tag-artisan-jewelry","8":"product_tag-civi-detayli-bileklik","9":"product_tag-cuff-bracelet","10":"product_tag-designer-bracelet","11":"product_tag-endustriyel-tasarim-bileklik","12":"product_tag-erkek-bileklik","13":"product_tag-industrial-bracelet","14":"product_tag-kelepce-bileklik","15":"product_tag-mens-bracelet","16":"product_tag-modern-bileklik","17":"product_tag-nail-bracelet","18":"product_tag-oksitli-gumus-bileklik","19":"product_tag-oxidized-silver-bracelet","20":"product_tag-ozgun-bileklik","21":"product_tag-statement-bracelet","22":"product_tag-unique-bracelet","23":"product_tag-unisex-bileklik","24":"product_tag-unisex-bracelet","25":"pa_cinsiyet-erkek","27":"first","28":"instock","29":"shipping-taxable","30":"purchasable","31":"product-type-simple"},"_links":{"self":[{"href":"https:\/\/www.gasia.com.tr\/en\/wp-json\/wp\/v2\/product\/32887","targetHints":{"allow":["GET"]}}],"collection":[{"href":"https:\/\/www.gasia.com.tr\/en\/wp-json\/wp\/v2\/product"}],"about":[{"href":"https:\/\/www.gasia.com.tr\/en\/wp-json\/wp\/v2\/types\/product"}],"replies":[{"embeddable":true,"href":"https:\/\/www.gasia.com.tr\/en\/wp-json\/wp\/v2\/comments?post=32887"}],"version-history":[{"count":2,"href":"https:\/\/www.gasia.com.tr\/en\/wp-json\/wp\/v2\/product\/32887\/revisions"}],"predecessor-version":[{"id":40457,"href":"https:\/\/www.gasia.com.tr\/en\/wp-json\/wp\/v2\/product\/32887\/revisions\/40457"}],"wp:featuredmedia":[{"embeddable":true,"href":"https:\/\/www.gasia.com.tr\/en\/wp-json\/wp\/v2\/media\/40455"}],"wp:attachment":[{"href":"https:\/\/www.gasia.com.tr\/en\/wp-json\/wp\/v2\/media?parent=32887"}],"wp:term":[{"taxonomy":"product_brand","embeddable":true,"href":"https:\/\/www.gasia.com.tr\/en\/wp-json\/wp\/v2\/product_brand?post=32887"},{"taxonomy":"product_cat","embeddable":true,"href":"https:\/\/www.gasia.com.tr\/en\/wp-json\/wp\/v2\/product_cat?post=32887"},{"taxonomy":"product_tag","embeddable":true,"href":"https:\/\/www.gasia.com.tr\/en\/wp-json\/wp\/v2\/product_tag?post=32887"}],"curies":[{"name":"wp","href":"https:\/\/api.w.org\/{rel}","templated":true}]}}