{"id":32891,"date":"2025-11-20T13:01:15","date_gmt":"2025-11-20T10:01:15","guid":{"rendered":"https:\/\/www.gasia.com.tr\/?post_type=product&#038;p=32891"},"modified":"2026-03-23T21:20:45","modified_gmt":"2026-03-23T18:20:45","slug":"pence-detayli-oksitli-gumus-kelepce-bileklik","status":"publish","type":"product","link":"https:\/\/www.gasia.com.tr\/en\/collections\/pence-detayli-oksitli-gumus-kelepce-bileklik\/","title":{"rendered":"Pen\u00e7e Detayl\u0131 Oksitli G\u00fcm\u00fc\u015f Kelep\u00e7e Bileklik"},"content":{"rendered":"<p>G\u00fc\u00e7l\u00fc ve asi bir stilin simgesi olan pen\u00e7e detaylar\u0131yla tasarlanan bu kelep\u00e7e bileklik, el i\u015f\u00e7ili\u011finin \u00f6zg\u00fcn dokusunu yans\u0131t\u0131r. Oksitli g\u00fcm\u00fc\u015f y\u00fczeyi ve alt\u0131n tonlu pen\u00e7e u\u00e7lar\u0131yla dikkat \u00e7ekici, karakterli bir g\u00f6r\u00fcn\u00fcm sunar.<\/p>","protected":false},"excerpt":{"rendered":"<ul>\n<li>14 Ayar alt\u0131n<\/li>\n<li>925 ayar Okside G\u00fcm\u00fc<\/li>\n<\/ul>","protected":false},"featured_media":40469,"comment_status":"open","ping_status":"closed","template":"","meta":[],"product_brand":[],"product_cat":[255],"product_tag":[2439,2438,2440],"class_list":{"0":"post-32891","1":"product","2":"type-product","3":"status-publish","4":"has-post-thumbnail","6":"product_cat-altin-gumus-bileklikler","7":"product_tag-el-isciliginin-ozgun-dokusunu-yansitir-oksitli-gumus-yuzeyi-ve-altin-tonlu-pence-uclariyla-dikkat-cekici","8":"product_tag-guclu-ve-asi-bir-stilin-simgesi-olan-pence-detaylariyla-tasarlanan-bu-kelepce-bileklik","9":"product_tag-karakterli-bir-gorunum-sunar","10":"pa_cinsiyet-erkek","12":"first","13":"instock","14":"shipping-taxable","15":"purchasable","16":"product-type-simple"},"_links":{"self":[{"href":"https:\/\/www.gasia.com.tr\/en\/wp-json\/wp\/v2\/product\/32891","targetHints":{"allow":["GET"]}}],"collection":[{"href":"https:\/\/www.gasia.com.tr\/en\/wp-json\/wp\/v2\/product"}],"about":[{"href":"https:\/\/www.gasia.com.tr\/en\/wp-json\/wp\/v2\/types\/product"}],"replies":[{"embeddable":true,"href":"https:\/\/www.gasia.com.tr\/en\/wp-json\/wp\/v2\/comments?post=32891"}],"version-history":[{"count":2,"href":"https:\/\/www.gasia.com.tr\/en\/wp-json\/wp\/v2\/product\/32891\/revisions"}],"predecessor-version":[{"id":40470,"href":"https:\/\/www.gasia.com.tr\/en\/wp-json\/wp\/v2\/product\/32891\/revisions\/40470"}],"wp:featuredmedia":[{"embeddable":true,"href":"https:\/\/www.gasia.com.tr\/en\/wp-json\/wp\/v2\/media\/40469"}],"wp:attachment":[{"href":"https:\/\/www.gasia.com.tr\/en\/wp-json\/wp\/v2\/media?parent=32891"}],"wp:term":[{"taxonomy":"product_brand","embeddable":true,"href":"https:\/\/www.gasia.com.tr\/en\/wp-json\/wp\/v2\/product_brand?post=32891"},{"taxonomy":"product_cat","embeddable":true,"href":"https:\/\/www.gasia.com.tr\/en\/wp-json\/wp\/v2\/product_cat?post=32891"},{"taxonomy":"product_tag","embeddable":true,"href":"https:\/\/www.gasia.com.tr\/en\/wp-json\/wp\/v2\/product_tag?post=32891"}],"curies":[{"name":"wp","href":"https:\/\/api.w.org\/{rel}","templated":true}]}}