{"id":32903,"date":"2025-11-20T14:39:32","date_gmt":"2025-11-20T11:39:32","guid":{"rendered":"https:\/\/www.gasia.com.tr\/?post_type=product&#038;p=32903"},"modified":"2026-04-02T22:49:24","modified_gmt":"2026-04-02T19:49:24","slug":"el-isciligi-oksitli-gumus-kelepce-bileklik","status":"publish","type":"product","link":"https:\/\/www.gasia.com.tr\/en\/collections\/el-isciligi-oksitli-gumus-kelepce-bileklik\/","title":{"rendered":"El \u0130\u015f\u00e7ili\u011fi Oksitli G\u00fcm\u00fc\u015f Kelep\u00e7e Bileklik"},"content":{"rendered":"<p>Dokulu y\u00fczeyi ve oksitli g\u00fcm\u00fc\u015f g\u00f6r\u00fcn\u00fcm\u00fcyle \u00f6ne \u00e7\u0131kan bu kelep\u00e7e bileklik, el i\u015f\u00e7ili\u011finin karakterini yans\u0131t\u0131r. \u00dczerindeki ince detaylar ve \u00f6zg\u00fcn formu sayesinde g\u00fc\u00e7l\u00fc ve stil sahibi bir duru\u015f sunar.<\/p>","protected":false},"excerpt":{"rendered":"<p>Dokulu y\u00fczeyi ve oksitli g\u00fcm\u00fc\u015f g\u00f6r\u00fcn\u00fcm\u00fcyle \u00f6ne \u00e7\u0131kan bu kelep\u00e7e bileklik, el i\u015f\u00e7ili\u011finin karakterini yans\u0131t\u0131r. \u00dczerindeki ince detaylar ve \u00f6zg\u00fcn<\/p>","protected":false},"featured_media":41319,"comment_status":"open","ping_status":"closed","template":"","meta":[],"product_brand":[],"product_cat":[255],"product_tag":[405,420,2437,543,2435,2188,365,2423,361,363,2418,2197,2436,1805,2434,2249,2424],"class_list":{"0":"post-32903","1":"product","2":"type-product","3":"status-publish","4":"has-post-thumbnail","6":"product_cat-altin-gumus-bileklikler","7":"product_tag-artisan-jewelry","8":"product_tag-designer-bracelet","9":"product_tag-el-yapimi-bileklik","10":"product_tag-erkek-bileklik","11":"product_tag-gumus-kelepce-bileklik","12":"product_tag-handmade-bracelet","13":"product_tag-kadin-bileklik","14":"product_tag-mens-bracelet","15":"product_tag-minimal-bileklik","16":"product_tag-modern-bileklik","17":"product_tag-oksitli-gumus-bileklik","18":"product_tag-oxidized-silver-bracelet","19":"product_tag-silver-cuff-bracelet","20":"product_tag-statement-bracelet","21":"product_tag-textured-bracelet","22":"product_tag-unique-bracelet","23":"product_tag-unisex-bracelet","24":"pa_cinsiyet-erkek","26":"first","27":"instock","28":"shipping-taxable","29":"purchasable","30":"product-type-simple"},"_links":{"self":[{"href":"https:\/\/www.gasia.com.tr\/en\/wp-json\/wp\/v2\/product\/32903","targetHints":{"allow":["GET"]}}],"collection":[{"href":"https:\/\/www.gasia.com.tr\/en\/wp-json\/wp\/v2\/product"}],"about":[{"href":"https:\/\/www.gasia.com.tr\/en\/wp-json\/wp\/v2\/types\/product"}],"replies":[{"embeddable":true,"href":"https:\/\/www.gasia.com.tr\/en\/wp-json\/wp\/v2\/comments?post=32903"}],"version-history":[{"count":2,"href":"https:\/\/www.gasia.com.tr\/en\/wp-json\/wp\/v2\/product\/32903\/revisions"}],"predecessor-version":[{"id":40468,"href":"https:\/\/www.gasia.com.tr\/en\/wp-json\/wp\/v2\/product\/32903\/revisions\/40468"}],"wp:featuredmedia":[{"embeddable":true,"href":"https:\/\/www.gasia.com.tr\/en\/wp-json\/wp\/v2\/media\/41319"}],"wp:attachment":[{"href":"https:\/\/www.gasia.com.tr\/en\/wp-json\/wp\/v2\/media?parent=32903"}],"wp:term":[{"taxonomy":"product_brand","embeddable":true,"href":"https:\/\/www.gasia.com.tr\/en\/wp-json\/wp\/v2\/product_brand?post=32903"},{"taxonomy":"product_cat","embeddable":true,"href":"https:\/\/www.gasia.com.tr\/en\/wp-json\/wp\/v2\/product_cat?post=32903"},{"taxonomy":"product_tag","embeddable":true,"href":"https:\/\/www.gasia.com.tr\/en\/wp-json\/wp\/v2\/product_tag?post=32903"}],"curies":[{"name":"wp","href":"https:\/\/api.w.org\/{rel}","templated":true}]}}