{"id":32912,"date":"2025-11-20T14:56:39","date_gmt":"2025-11-20T11:56:39","guid":{"rendered":"https:\/\/www.gasia.com.tr\/?post_type=product&#038;p=32912"},"modified":"2026-03-23T21:13:37","modified_gmt":"2026-03-23T18:13:37","slug":"panter-figurlu-oksitli-gumus-kelepce-bileklik","status":"publish","type":"product","link":"https:\/\/www.gasia.com.tr\/en\/collections\/panter-figurlu-oksitli-gumus-kelepce-bileklik\/","title":{"rendered":"Panter Fig\u00fcrl\u00fc Oksitli G\u00fcm\u00fc\u015f Kelep\u00e7e Bileklik"},"content":{"rendered":"<p>G\u00fcc\u00fc ve \u00f6zg\u00fcrl\u00fc\u011f\u00fc simgeleyen panter fig\u00fcr\u00fcyle \u00f6ne \u00e7\u0131kan bu kelep\u00e7e bileklik, detayl\u0131 i\u015f\u00e7ili\u011fiyle dikkat \u00e7eker. Oksitli g\u00fcm\u00fc\u015f y\u00fczeyi ve keskin hatl\u0131 tasar\u0131m\u0131, karakterli ve iddial\u0131 bir stil sunar.<\/p>","protected":false},"excerpt":{"rendered":"<p>G\u00fcc\u00fc ve \u00f6zg\u00fcrl\u00fc\u011f\u00fc simgeleyen panter fig\u00fcr\u00fcyle \u00f6ne \u00e7\u0131kan bu kelep\u00e7e bileklik, detayl\u0131 i\u015f\u00e7ili\u011fiyle dikkat \u00e7eker. Oksitli g\u00fcm\u00fc\u015f y\u00fczeyi ve keskin<\/p>","protected":false},"featured_media":40458,"comment_status":"open","ping_status":"closed","template":"","meta":[],"product_brand":[],"product_cat":[255],"product_tag":[2429,405,2420,420,543,2431,2428,2419,2423,363,2418,2197,2430,2426,2427,1805,2249,2236,2424],"class_list":{"0":"post-32912","1":"product","2":"type-product","3":"status-publish","4":"has-post-thumbnail","6":"product_cat-altin-gumus-bileklikler","7":"product_tag-animal-bracelet","8":"product_tag-artisan-jewelry","9":"product_tag-cuff-bracelet","10":"product_tag-designer-bracelet","11":"product_tag-erkek-bileklik","12":"product_tag-guclu-stil-jewelry","13":"product_tag-hayvan-figurlu-bileklik","14":"product_tag-kelepce-bileklik","15":"product_tag-mens-bracelet","16":"product_tag-modern-bileklik","17":"product_tag-oksitli-gumus-bileklik","18":"product_tag-oxidized-silver-bracelet","19":"product_tag-ozgun-tasarim-bileklik","20":"product_tag-panter-bileklik","21":"product_tag-panther-bracelet","22":"product_tag-statement-bracelet","23":"product_tag-unique-bracelet","24":"product_tag-unisex-bileklik","25":"product_tag-unisex-bracelet","26":"pa_cinsiyet-erkek","28":"first","29":"instock","30":"shipping-taxable","31":"purchasable","32":"product-type-simple"},"_links":{"self":[{"href":"https:\/\/www.gasia.com.tr\/en\/wp-json\/wp\/v2\/product\/32912","targetHints":{"allow":["GET"]}}],"collection":[{"href":"https:\/\/www.gasia.com.tr\/en\/wp-json\/wp\/v2\/product"}],"about":[{"href":"https:\/\/www.gasia.com.tr\/en\/wp-json\/wp\/v2\/types\/product"}],"replies":[{"embeddable":true,"href":"https:\/\/www.gasia.com.tr\/en\/wp-json\/wp\/v2\/comments?post=32912"}],"version-history":[{"count":2,"href":"https:\/\/www.gasia.com.tr\/en\/wp-json\/wp\/v2\/product\/32912\/revisions"}],"predecessor-version":[{"id":40460,"href":"https:\/\/www.gasia.com.tr\/en\/wp-json\/wp\/v2\/product\/32912\/revisions\/40460"}],"wp:featuredmedia":[{"embeddable":true,"href":"https:\/\/www.gasia.com.tr\/en\/wp-json\/wp\/v2\/media\/40458"}],"wp:attachment":[{"href":"https:\/\/www.gasia.com.tr\/en\/wp-json\/wp\/v2\/media?parent=32912"}],"wp:term":[{"taxonomy":"product_brand","embeddable":true,"href":"https:\/\/www.gasia.com.tr\/en\/wp-json\/wp\/v2\/product_brand?post=32912"},{"taxonomy":"product_cat","embeddable":true,"href":"https:\/\/www.gasia.com.tr\/en\/wp-json\/wp\/v2\/product_cat?post=32912"},{"taxonomy":"product_tag","embeddable":true,"href":"https:\/\/www.gasia.com.tr\/en\/wp-json\/wp\/v2\/product_tag?post=32912"}],"curies":[{"name":"wp","href":"https:\/\/api.w.org\/{rel}","templated":true}]}}