{"id":32922,"date":"2026-03-20T10:31:22","date_gmt":"2026-03-20T07:31:22","guid":{"rendered":"https:\/\/www.gasia.com.tr\/?post_type=product&#038;p=32922"},"modified":"2026-04-02T11:40:30","modified_gmt":"2026-04-02T08:40:30","slug":"mavi-orgu-deri-ve-gumus-detayli-erkek-bileklik","status":"publish","type":"product","link":"https:\/\/www.gasia.com.tr\/en\/collections\/mavi-orgu-deri-ve-gumus-detayli-erkek-bileklik\/","title":{"rendered":"Mavi \u00d6rg\u00fc Deri ve G\u00fcm\u00fc\u015f Detayl\u0131 Erkek Bileklik"},"content":{"rendered":"<p data-start=\"207\" data-end=\"441\">G\u00fc\u00e7l\u00fc ve karakterli tasar\u0131m\u0131yla \u00f6ne \u00e7\u0131kan bu bileklik, \u00f6rg\u00fc dokulu mavi deri ve g\u00fcm\u00fc\u015f detaylar\u0131n dengeli uyumunu yans\u0131t\u0131r. Derinin do\u011fal g\u00f6r\u00fcn\u00fcm\u00fc, \u00fczerindeki i\u015flemeli metal halkalarla zenginle\u015ftirilerek dikkat \u00e7ekici bir stil sunar.<\/p>\n<p data-start=\"443\" data-end=\"648\">G\u00fcnl\u00fck kullan\u0131mda konfor sa\u011flarken kombinlere net bir duru\u015f kazand\u0131r\u0131r. Spor ve klasik par\u00e7alarla kolayca uyum sa\u011flayan bu bileklik, sade ama etkili aksesuar tercih edenler i\u00e7in ideal bir tamamlay\u0131c\u0131d\u0131r.<\/p>","protected":false},"excerpt":{"rendered":"<ul>\n<li>925 Ayar Okside G\u00fcm\u00fc\u015f<\/li>\n<li>0,22 ct P\u0131rlanta<\/li>\n<\/ul>","protected":false},"featured_media":41234,"comment_status":"open","ping_status":"closed","template":"","meta":[],"product_brand":[2957],"product_cat":[253],"product_tag":[2959,2629,2182,617,543,541,2185,2960,2207,2958,620,363,742,2622,2608,366],"class_list":{"0":"post-32922","1":"product","2":"type-product","3":"status-publish","4":"has-post-thumbnail","6":"product_brand-gasia-for-man","7":"product_cat-deri-bileklikler","8":"product_tag-blue-leather-bracelet","9":"product_tag-braided-leather-bracelet","10":"product_tag-deri-bileklik","11":"product_tag-erkek-aksesuar","12":"product_tag-erkek-bileklik","13":"product_tag-gumus-detayli-bileklik","14":"product_tag-leather-bracelet","15":"product_tag-masculine-jewelry","16":"product_tag-maskulen-taki","17":"product_tag-mavi-deri-bileklik","18":"product_tag-men-bracelet","19":"product_tag-modern-bileklik","20":"product_tag-modern-jewelry","21":"product_tag-orgu-deri-bileklik","22":"product_tag-silver-detail-bracelet","23":"product_tag-sik-bileklik","24":"pa_cinsiyet-erkek","26":"first","27":"instock","28":"shipping-taxable","29":"purchasable","30":"product-type-simple"},"_links":{"self":[{"href":"https:\/\/www.gasia.com.tr\/en\/wp-json\/wp\/v2\/product\/32922","targetHints":{"allow":["GET"]}}],"collection":[{"href":"https:\/\/www.gasia.com.tr\/en\/wp-json\/wp\/v2\/product"}],"about":[{"href":"https:\/\/www.gasia.com.tr\/en\/wp-json\/wp\/v2\/types\/product"}],"replies":[{"embeddable":true,"href":"https:\/\/www.gasia.com.tr\/en\/wp-json\/wp\/v2\/comments?post=32922"}],"version-history":[{"count":2,"href":"https:\/\/www.gasia.com.tr\/en\/wp-json\/wp\/v2\/product\/32922\/revisions"}],"predecessor-version":[{"id":41231,"href":"https:\/\/www.gasia.com.tr\/en\/wp-json\/wp\/v2\/product\/32922\/revisions\/41231"}],"wp:featuredmedia":[{"embeddable":true,"href":"https:\/\/www.gasia.com.tr\/en\/wp-json\/wp\/v2\/media\/41234"}],"wp:attachment":[{"href":"https:\/\/www.gasia.com.tr\/en\/wp-json\/wp\/v2\/media?parent=32922"}],"wp:term":[{"taxonomy":"product_brand","embeddable":true,"href":"https:\/\/www.gasia.com.tr\/en\/wp-json\/wp\/v2\/product_brand?post=32922"},{"taxonomy":"product_cat","embeddable":true,"href":"https:\/\/www.gasia.com.tr\/en\/wp-json\/wp\/v2\/product_cat?post=32922"},{"taxonomy":"product_tag","embeddable":true,"href":"https:\/\/www.gasia.com.tr\/en\/wp-json\/wp\/v2\/product_tag?post=32922"}],"curies":[{"name":"wp","href":"https:\/\/api.w.org\/{rel}","templated":true}]}}