{"id":32927,"date":"2025-11-21T11:01:21","date_gmt":"2025-11-21T08:01:21","guid":{"rendered":"https:\/\/www.gasia.com.tr\/?post_type=product&#038;p=32927"},"modified":"2026-03-23T23:39:47","modified_gmt":"2026-03-23T20:39:47","slug":"bodrum-celik-ve-sari-altin-detayli-hasir-bileklik","status":"publish","type":"product","link":"https:\/\/www.gasia.com.tr\/en\/collections\/bodrum-celik-ve-sari-altin-detayli-hasir-bileklik\/","title":{"rendered":"Bodrum \u00c7elik ve Sar\u0131 Alt\u0131n Detayl\u0131 Has\u0131r Bileklik"},"content":{"rendered":"<p>Dayan\u0131kl\u0131 \u00e7elik yap\u0131s\u0131 ve zarif alt\u0131n detaylar\u0131yla tasarlanan bu has\u0131r bileklik, modern ve g\u00fc\u00e7l\u00fc bir stil sunar. Minimal formu sayesinde hem g\u00fcnl\u00fck kullan\u0131mda hem de \u015f\u0131k kombinlerde rahatl\u0131kla tercih edilebilen, zamans\u0131z ve unisex bir par\u00e7ad\u0131r.<\/p>","protected":false},"excerpt":{"rendered":"<ul>\n<li>14 Ayar Alt\u0131n<\/li>\n<li>8 mm geni\u015flik<\/li>\n<li>\u00c7elik ve alt\u0131n<\/li>\n<\/ul>","protected":false},"featured_media":40578,"comment_status":"open","ping_status":"closed","template":"","meta":[],"product_brand":[],"product_cat":[254,168],"product_tag":[1027,2574,352,2579,1037,2223,2576,2561,2577,2578,426,1792,2575,2243,2236],"class_list":{"0":"post-32927","1":"product","2":"type-product","3":"status-publish","4":"has-post-thumbnail","6":"product_cat-celik-altin-bileklik","7":"product_cat-for-men","8":"product_tag-altin-detayli-bileklik","9":"product_tag-celik-bileklik","10":"product_tag-contemporary-jewelry","11":"product_tag-durable-jewelry","12":"product_tag-gold-detail-bracelet","13":"product_tag-gunluk-bileklik","14":"product_tag-hasir-bileklik","15":"product_tag-iki-renkli-bileklik","16":"product_tag-mesh-bracelet","17":"product_tag-minimal-bilezik","18":"product_tag-minimalist-bracelet","19":"product_tag-modern-taki","20":"product_tag-steel-bracelet","21":"product_tag-two-tone-bracelet","22":"product_tag-unisex-bileklik","23":"pa_cinsiyet-erkek","25":"first","26":"instock","27":"shipping-taxable","28":"purchasable","29":"product-type-simple"},"_links":{"self":[{"href":"https:\/\/www.gasia.com.tr\/en\/wp-json\/wp\/v2\/product\/32927","targetHints":{"allow":["GET"]}}],"collection":[{"href":"https:\/\/www.gasia.com.tr\/en\/wp-json\/wp\/v2\/product"}],"about":[{"href":"https:\/\/www.gasia.com.tr\/en\/wp-json\/wp\/v2\/types\/product"}],"replies":[{"embeddable":true,"href":"https:\/\/www.gasia.com.tr\/en\/wp-json\/wp\/v2\/comments?post=32927"}],"version-history":[{"count":2,"href":"https:\/\/www.gasia.com.tr\/en\/wp-json\/wp\/v2\/product\/32927\/revisions"}],"predecessor-version":[{"id":40579,"href":"https:\/\/www.gasia.com.tr\/en\/wp-json\/wp\/v2\/product\/32927\/revisions\/40579"}],"wp:featuredmedia":[{"embeddable":true,"href":"https:\/\/www.gasia.com.tr\/en\/wp-json\/wp\/v2\/media\/40578"}],"wp:attachment":[{"href":"https:\/\/www.gasia.com.tr\/en\/wp-json\/wp\/v2\/media?parent=32927"}],"wp:term":[{"taxonomy":"product_brand","embeddable":true,"href":"https:\/\/www.gasia.com.tr\/en\/wp-json\/wp\/v2\/product_brand?post=32927"},{"taxonomy":"product_cat","embeddable":true,"href":"https:\/\/www.gasia.com.tr\/en\/wp-json\/wp\/v2\/product_cat?post=32927"},{"taxonomy":"product_tag","embeddable":true,"href":"https:\/\/www.gasia.com.tr\/en\/wp-json\/wp\/v2\/product_tag?post=32927"}],"curies":[{"name":"wp","href":"https:\/\/api.w.org\/{rel}","templated":true}]}}