{"id":33077,"date":"2025-11-22T21:32:55","date_gmt":"2025-11-22T18:32:55","guid":{"rendered":"https:\/\/www.gasia.com.tr\/?post_type=product&#038;p=33077"},"modified":"2026-03-18T12:15:53","modified_gmt":"2026-03-18T09:15:53","slug":"zambak-motifli-erkek-kol-dugmesi-pirlanta-detayli-oksitli-luks-tasarim","status":"publish","type":"product","link":"https:\/\/www.gasia.com.tr\/en\/collections\/zambak-motifli-erkek-kol-dugmesi-pirlanta-detayli-oksitli-luks-tasarim\/","title":{"rendered":"Zambak Motifli Erkek Kol D\u00fc\u011fmesi | P\u0131rlanta Detayl\u0131 Oksitli L\u00fcks Tasar\u0131m"},"content":{"rendered":"<p>Klasik zambak (fleur-de-lis) motifinden ilham alan bu kol d\u00fc\u011fmesi, oksitli y\u00fczey dokusu ve p\u0131rlanta detaylar\u0131yla g\u00fc\u00e7l\u00fc ve sofistike bir stil sunar. Zamans\u0131z tasar\u0131m\u0131 sayesinde \u00f6zel davetlerden resmi kombinlere kadar \u015f\u0131kl\u0131\u011f\u0131n\u0131z\u0131 tamamlayan se\u00e7kin bir aksesuard\u0131r.<\/p>\n<p>&nbsp;<\/p>\n<p>Fleur-de-lis (zambak\/Frans\u0131z zamba\u011f\u0131) \u015feklinde tasarlanm\u0131\u015f, vintage g\u00f6r\u00fcn\u00fcml\u00fc bir kol d\u00fc\u011fmesi. Motif , <em>Orta \u00c7a\u011f<\/em>dan \u00e7ok daha \u00f6nce de g\u00f6r\u00fcl\u00fcr.M\u00d6 3. y\u00fczy\u0131ldan itibaren Mezopotamya, Hindistan ve M\u0131s\u0131r\u2019daki eserlerde benzer zambak motifleri yer al\u0131r.Avrupa\u2019da sembol\u00fcn g\u00fc\u00e7l\u00fc bir kimlik kazanmas\u0131\u00a0Frank Krall\u0131\u011f\u0131\u00a0d\u00f6nemine denk gelir.\u0130lk kez 6. y\u00fczy\u0131lda Kral\u00a0Clovis ile ili\u015fkilendirilir.12. y\u00fczy\u0131lda Kral VII. Louis, fleur-de-lis\u2019i resm\u00ee kraliyet armas\u0131 h\u00e2line getirir.<\/p>\n<ul>\n<li>Kraliyet ve soyluluk<\/li>\n<li>Safl\u0131k ve masumiyet<\/li>\n<li>G\u00fc\u00e7 ve sadakat<\/li>\n<\/ul>","protected":false},"excerpt":{"rendered":"<ul>\n<li>14 Ayar Alt\u0131n<\/li>\n<li>925 Ayar Okside G\u00fcm\u00fc\u015f<\/li>\n<li>0.04 ct P\u0131rlanta<\/li>\n<\/ul>","protected":false},"featured_media":39963,"comment_status":"open","ping_status":"closed","template":"","meta":[],"product_brand":[],"product_cat":[249,252],"product_tag":[1917,1908,1782,1916,1924,617,1901,1914,1903,1920,1922,1906,1774,1915,1905,1780,1910,1913,1919,1907,1918,1909,1904,1923,1911,1779,1925,1912,1921,1902],"class_list":{"0":"post-33077","1":"product","2":"type-product","3":"status-publish","4":"has-post-thumbnail","6":"product_cat-fleur-de-lis-koleksiyonu","7":"product_cat-kol-dugmesi","8":"product_tag-classic-cufflinks","9":"product_tag-damat-kol-dugmesi","10":"product_tag-designer-cufflinks","11":"product_tag-diamond-detail-cufflinks","12":"product_tag-elegant-cufflinks","13":"product_tag-erkek-aksesuar","14":"product_tag-erkek-kol-dugmesi","15":"product_tag-fleur-de-lis-cufflinks","16":"product_tag-fleur-de-lis-kol-dugmesi","17":"product_tag-formal-cufflinks","18":"product_tag-groom-cufflinks","19":"product_tag-klasik-kol-dugmesi","20":"product_tag-kol-dugmesi","21":"product_tag-lily-motif-cufflinks","22":"product_tag-luks-kol-dugmesi","23":"product_tag-luxury-cufflinks","24":"product_tag-maskulen-aksesuar","25":"product_tag-men-cufflinks","26":"product_tag-mens-accessories","27":"product_tag-oksitli-kol-dugmesi","28":"product_tag-oxidized-cufflinks","29":"product_tag-ozel-gun-aksesuari","30":"product_tag-pirlanta-detayli-kol-dugmesi","31":"product_tag-premium-cufflinks","32":"product_tag-premium-erkek-taki","33":"product_tag-sik-kol-dugmesi","34":"product_tag-statement-cufflinks","35":"product_tag-tasarim-kol-dugmesi-cufflinks","36":"product_tag-wedding-cufflinks","37":"product_tag-zambak-motifli-kol-dugmesi","38":"pa_cinsiyet-erkek","40":"first","41":"instock","42":"shipping-taxable","43":"purchasable","44":"product-type-simple"},"_links":{"self":[{"href":"https:\/\/www.gasia.com.tr\/en\/wp-json\/wp\/v2\/product\/33077","targetHints":{"allow":["GET"]}}],"collection":[{"href":"https:\/\/www.gasia.com.tr\/en\/wp-json\/wp\/v2\/product"}],"about":[{"href":"https:\/\/www.gasia.com.tr\/en\/wp-json\/wp\/v2\/types\/product"}],"replies":[{"embeddable":true,"href":"https:\/\/www.gasia.com.tr\/en\/wp-json\/wp\/v2\/comments?post=33077"}],"version-history":[{"count":2,"href":"https:\/\/www.gasia.com.tr\/en\/wp-json\/wp\/v2\/product\/33077\/revisions"}],"predecessor-version":[{"id":39964,"href":"https:\/\/www.gasia.com.tr\/en\/wp-json\/wp\/v2\/product\/33077\/revisions\/39964"}],"wp:featuredmedia":[{"embeddable":true,"href":"https:\/\/www.gasia.com.tr\/en\/wp-json\/wp\/v2\/media\/39963"}],"wp:attachment":[{"href":"https:\/\/www.gasia.com.tr\/en\/wp-json\/wp\/v2\/media?parent=33077"}],"wp:term":[{"taxonomy":"product_brand","embeddable":true,"href":"https:\/\/www.gasia.com.tr\/en\/wp-json\/wp\/v2\/product_brand?post=33077"},{"taxonomy":"product_cat","embeddable":true,"href":"https:\/\/www.gasia.com.tr\/en\/wp-json\/wp\/v2\/product_cat?post=33077"},{"taxonomy":"product_tag","embeddable":true,"href":"https:\/\/www.gasia.com.tr\/en\/wp-json\/wp\/v2\/product_tag?post=33077"}],"curies":[{"name":"wp","href":"https:\/\/api.w.org\/{rel}","templated":true}]}}