{"id":33171,"date":"2025-11-26T00:00:00","date_gmt":"2025-11-25T21:00:00","guid":{"rendered":"https:\/\/www.gasia.com.tr\/?post_type=product&#038;p=33171"},"modified":"2026-03-22T23:32:35","modified_gmt":"2026-03-22T20:32:35","slug":"pembe-deri-bileklik-siyah-pirlanta-cubuk-detayli","status":"publish","type":"product","link":"https:\/\/www.gasia.com.tr\/en\/collections\/pembe-deri-bileklik-siyah-pirlanta-cubuk-detayli\/","title":{"rendered":"Pembe Deri Bileklik Siyah P\u0131rlanta \u00c7ubuk Detayl\u0131"},"content":{"rendered":"<p><span style=\"color: black\">G\u00f6z kama\u015ft\u0131ran pembe deri, alt\u0131n detaylar ve gece kadar derin siyah p\u0131rlantalar\u0131n b\u00fcy\u00fcleyici uyumu<br \/>\nBu bileklik s\u0131radan bir aksesuar de\u011fil; bile\u011finizde ta\u015f\u0131d\u0131\u011f\u0131n\u0131z cesur bir imza.<\/span><\/p>\n<ul>\n<li><span style=\"color: black\">%100 hakiki \u0130talyan derisi <\/span><\/li>\n<li><span style=\"color: black\">Ayarlanabilir makrome d\u00fc\u011f\u00fcm ile her bile\u011fe m\u00fckemmel uyum<\/span><\/li>\n<\/ul>\n<p><span style=\"color: black\">Pembe tutkuyu, alt\u0131n zarafeti ve siyah\u0131n gizemini bir arada ta\u015f\u0131yan bu limited edition par\u00e7a sadece 50 adet \u00fcretildi. Her biri numaraland\u0131r\u0131lm\u0131\u015f ve \u00f6zel kutusunda geliyor.Bile\u011finizde sadece bir bileklik de\u011fil, bir duru\u015f olacak.<br \/>\nStoklar t\u00fckenmeden senin olsun.<\/span><\/p>","protected":false},"excerpt":{"rendered":"<ul>\n<li>14 Ayar Alt\u0131n<\/li>\n<li>0,09 ct Siyah P\u0131rlanta<\/li>\n<li>5 mm Deri Kal\u0131nl\u0131\u011f\u0131<\/li>\n<li>Ayarlanabilir kilit sistemi<\/li>\n<\/ul>","protected":false},"featured_media":40390,"comment_status":"open","ping_status":"closed","template":"","meta":[],"product_brand":[],"product_cat":[209,247],"product_tag":[1027,2223,2215,365,2315,2302,2318,2277,2320,2317,2238,2316,2319,2321],"class_list":{"0":"post-33171","1":"product","2":"type-product","3":"status-publish","4":"has-post-thumbnail","6":"product_cat-deri-orgu-bileklik","7":"product_cat-hediyelik","8":"product_tag-altin-detayli-bileklik","9":"product_tag-gunluk-bileklik","10":"product_tag-ince-bileklik","11":"product_tag-kadin-bileklik","12":"product_tag-kirmizi-deri-bileklik","13":"product_tag-kombin-bileklik","14":"product_tag-minimalist-red-leather-bracelet-with-gold-accents-and-black-diamonds","15":"product_tag-modern-deri-bileklik","16":"product_tag-modern-women-leather-bracelet-with-black-diamond-centerpiece-and-gold-studs","17":"product_tag-red-leather-bracelet-with-black-diamond-bar-detail","18":"product_tag-siyah-pirlanta-bileklik","19":"product_tag-sik-deri-aksesuar","20":"product_tag-slim-adjustable-leather-bracelet-with-dark-diamond-setting","21":"product_tag-stylish-everyday-red-leather-bracelet-with-luxury-black-diamond-touch","22":"pa_cinsiyet-kadin","24":"first","25":"instock","26":"shipping-taxable","27":"purchasable","28":"product-type-simple"},"_links":{"self":[{"href":"https:\/\/www.gasia.com.tr\/en\/wp-json\/wp\/v2\/product\/33171","targetHints":{"allow":["GET"]}}],"collection":[{"href":"https:\/\/www.gasia.com.tr\/en\/wp-json\/wp\/v2\/product"}],"about":[{"href":"https:\/\/www.gasia.com.tr\/en\/wp-json\/wp\/v2\/types\/product"}],"replies":[{"embeddable":true,"href":"https:\/\/www.gasia.com.tr\/en\/wp-json\/wp\/v2\/comments?post=33171"}],"version-history":[{"count":2,"href":"https:\/\/www.gasia.com.tr\/en\/wp-json\/wp\/v2\/product\/33171\/revisions"}],"predecessor-version":[{"id":40389,"href":"https:\/\/www.gasia.com.tr\/en\/wp-json\/wp\/v2\/product\/33171\/revisions\/40389"}],"wp:featuredmedia":[{"embeddable":true,"href":"https:\/\/www.gasia.com.tr\/en\/wp-json\/wp\/v2\/media\/40390"}],"wp:attachment":[{"href":"https:\/\/www.gasia.com.tr\/en\/wp-json\/wp\/v2\/media?parent=33171"}],"wp:term":[{"taxonomy":"product_brand","embeddable":true,"href":"https:\/\/www.gasia.com.tr\/en\/wp-json\/wp\/v2\/product_brand?post=33171"},{"taxonomy":"product_cat","embeddable":true,"href":"https:\/\/www.gasia.com.tr\/en\/wp-json\/wp\/v2\/product_cat?post=33171"},{"taxonomy":"product_tag","embeddable":true,"href":"https:\/\/www.gasia.com.tr\/en\/wp-json\/wp\/v2\/product_tag?post=33171"}],"curies":[{"name":"wp","href":"https:\/\/api.w.org\/{rel}","templated":true}]}}