{"id":33176,"date":"2025-11-25T16:04:16","date_gmt":"2025-11-25T13:04:16","guid":{"rendered":"https:\/\/www.gasia.com.tr\/?post_type=product&#038;p=33176"},"modified":"2025-12-20T20:25:33","modified_gmt":"2025-12-20T17:25:33","slug":"fleur-de-lis-detayli-trabzon-bileklik","status":"publish","type":"product","link":"https:\/\/www.gasia.com.tr\/en\/collections\/fleur-de-lis-detayli-trabzon-bileklik\/","title":{"rendered":"Fleur De Lis Detayl\u0131 Trabzon Bileklik"},"content":{"rendered":"<p><span style=\"color: black\">Kraliyet armas\u0131 Fleur de Lis, art\u0131k bile\u011finizde<br \/>\nKaradeniz\u2019in 150 y\u0131ll\u0131k geleneksel \u201ctrabzon has\u0131r\u0131\u201d sanat\u0131, 22K alt\u0131n ve g\u00fcm\u00fc\u015f dokusu ve elmas \u0131\u015f\u0131lt\u0131lar\u0131yla yeniden hayat buldu.<\/span><\/p>\n<ul>\n<li><span style=\"color: black\">22K alt\u0131n ve g\u00fcm\u00fc\u015f %100 el \u00f6rg\u00fcs\u00fc trabzon has\u0131r (9 s\u0131ra)<\/span><\/li>\n<li><span style=\"color: black\">Ortada 24K masif alt\u0131n d\u00f6vme plaka<\/span><\/li>\n<li><span style=\"color: black\">Fleur de Lis motifi oksitlenmi\u015f g\u00fcm\u00fc\u015f \u00fczerine 0.47ct elmaslarla i\u015flendi<\/span><\/li>\n<li><span style=\"color: black\">Tamamen elde \u00f6r\u00fcld\u00fc\u011f\u00fc i\u00e7in her bir bileklik e\u015fsizdir<\/span><\/li>\n<li><span style=\"color: black\">19 cm standart boy (istek \u00fczerine ayarlanabilir)<\/span><\/li>\n<\/ul>\n<p><span style=\"color: black\">G\u00fc\u00e7, zarafet ve asaletin sembol\u00fc Fleur de Lis, y\u00fczy\u0131llard\u0131r krallar\u0131n ve soylular\u0131n tercihiydi. \u015eimdi o miras, Karadeniz\u2019in usta ellerinde sizin i\u00e7in yeniden do\u011fdu.S\u0131radan bileklikler kalabal\u0131kta kaybolur.<br \/>\nBu bileklik ise girdi\u011finiz her ortamda \u201cBu neyin nesidir?\u201d dedirtir.Kraliyet sizin bile\u011finizde y\u00fckselsin.<br \/>\n<\/span><\/p>","protected":false},"excerpt":{"rendered":"<p>Kraliyet armas\u0131 Fleur de Lis, art\u0131k bile\u011finizde Karadeniz\u2019in 150 y\u0131ll\u0131k geleneksel \u201ctrabzon has\u0131r\u0131\u201d sanat\u0131, 22K alt\u0131n ve g\u00fcm\u00fc\u015f dokusu ve<\/p>","protected":false},"featured_media":35439,"comment_status":"open","ping_status":"closed","template":"","meta":[],"product_brand":[],"product_cat":[264],"product_tag":[],"class_list":{"0":"post-33176","1":"product","2":"type-product","3":"status-publish","4":"has-post-thumbnail","6":"product_cat-gasia-1974-koleksiyonu","7":"pa_cinsiyet-kadin","9":"first","10":"instock","11":"shipping-taxable","12":"purchasable","13":"product-type-simple"},"_links":{"self":[{"href":"https:\/\/www.gasia.com.tr\/en\/wp-json\/wp\/v2\/product\/33176","targetHints":{"allow":["GET"]}}],"collection":[{"href":"https:\/\/www.gasia.com.tr\/en\/wp-json\/wp\/v2\/product"}],"about":[{"href":"https:\/\/www.gasia.com.tr\/en\/wp-json\/wp\/v2\/types\/product"}],"replies":[{"embeddable":true,"href":"https:\/\/www.gasia.com.tr\/en\/wp-json\/wp\/v2\/comments?post=33176"}],"version-history":[{"count":2,"href":"https:\/\/www.gasia.com.tr\/en\/wp-json\/wp\/v2\/product\/33176\/revisions"}],"predecessor-version":[{"id":35440,"href":"https:\/\/www.gasia.com.tr\/en\/wp-json\/wp\/v2\/product\/33176\/revisions\/35440"}],"wp:featuredmedia":[{"embeddable":true,"href":"https:\/\/www.gasia.com.tr\/en\/wp-json\/wp\/v2\/media\/35439"}],"wp:attachment":[{"href":"https:\/\/www.gasia.com.tr\/en\/wp-json\/wp\/v2\/media?parent=33176"}],"wp:term":[{"taxonomy":"product_brand","embeddable":true,"href":"https:\/\/www.gasia.com.tr\/en\/wp-json\/wp\/v2\/product_brand?post=33176"},{"taxonomy":"product_cat","embeddable":true,"href":"https:\/\/www.gasia.com.tr\/en\/wp-json\/wp\/v2\/product_cat?post=33176"},{"taxonomy":"product_tag","embeddable":true,"href":"https:\/\/www.gasia.com.tr\/en\/wp-json\/wp\/v2\/product_tag?post=33176"}],"curies":[{"name":"wp","href":"https:\/\/api.w.org\/{rel}","templated":true}]}}