{"id":33180,"date":"2025-11-25T16:15:41","date_gmt":"2025-11-25T13:15:41","guid":{"rendered":"https:\/\/www.gasia.com.tr\/?post_type=product&#038;p=33180"},"modified":"2026-01-07T15:11:22","modified_gmt":"2026-01-07T12:11:22","slug":"baharin-muhru-ozel-trabzon-hasir-bileklik","status":"publish","type":"product","link":"https:\/\/www.gasia.com.tr\/en\/collections\/baharin-muhru-ozel-trabzon-hasir-bileklik\/","title":{"rendered":"Bahar\u0131n M\u00fchr\u00fc \u2013\u00d6zel Trabzon Has\u0131r Bileklik"},"content":{"rendered":"<p><span style=\"color: black\">Karadeniz\u2019in en usta ellerinden \u00e7\u0131kan 13 s\u0131ra kal\u0131n trabzon has\u0131r\u0131,<br \/>\n\u00fczerinde adeta bir bahar patlamas\u0131:<br \/>\nAlt\u0131n dalgalar aras\u0131nda a\u00e7an \u00fc\u00e7 \u00e7i\u00e7ek\u2026<br \/>\nBiri beyaz p\u0131rlanta , biri pembe yakut zarafeti, biri yine g\u00f6z al\u0131c\u0131 sar\u0131 P\u0131rlantalar.<\/span><\/p>\n<ul>\n<li><span style=\"color: black\">%100 el \u00f6rg\u00fcs\u00fc 22K alt\u0131n ve G\u00fcm\u00fc\u015f trabzon has\u0131r\u0131 (13 s\u0131ra \u2013 ekstra dolgun)<\/span><\/li>\n<li><span style=\"color: black\">24K masif alt\u0131n d\u00f6vme geni\u015f plaka, tamamen el oymas\u0131 dalga dokusu<\/span><\/li>\n<li><span style=\"color: black\">\u00c7i\u00e7eklerde toplam 0,30 ct p\u0131rlanta ve 0,36 pembe yakut\u00a0<\/span><\/li>\n<li><span style=\"color: black\">19\u201320 cm (istek \u00fczerine ayarlanabilir)<\/span><\/li>\n<\/ul>\n<p><span style=\"color: black\">Bu bileklik tak\u0131ld\u0131\u011f\u0131nda sessizlik olur;<br \/>\n\u00e7\u00fcnk\u00fc herkes sadece onu izler.Sadece 4 adet \u00fcretildi.<br \/>\nBir daha ayn\u0131 \u00e7i\u00e7ekler bir daha a\u00e7mayacak.Bahar\u0131 bile\u011finize m\u00fch\u00fcrleyin.<\/span><\/p>","protected":false},"excerpt":{"rendered":"<p>Karadeniz\u2019in en usta ellerinden \u00e7\u0131kan 13 s\u0131ra kal\u0131n trabzon has\u0131r\u0131, \u00fczerinde adeta bir bahar patlamas\u0131: Alt\u0131n dalgalar aras\u0131nda a\u00e7an \u00fc\u00e7<\/p>","protected":false},"featured_media":36494,"comment_status":"open","ping_status":"closed","template":"","meta":[],"product_brand":[],"product_cat":[264],"product_tag":[],"class_list":{"0":"post-33180","1":"product","2":"type-product","3":"status-publish","4":"has-post-thumbnail","6":"product_cat-gasia-1974-koleksiyonu","7":"pa_cinsiyet-kadin","9":"first","10":"instock","11":"shipping-taxable","12":"purchasable","13":"product-type-simple"},"_links":{"self":[{"href":"https:\/\/www.gasia.com.tr\/en\/wp-json\/wp\/v2\/product\/33180","targetHints":{"allow":["GET"]}}],"collection":[{"href":"https:\/\/www.gasia.com.tr\/en\/wp-json\/wp\/v2\/product"}],"about":[{"href":"https:\/\/www.gasia.com.tr\/en\/wp-json\/wp\/v2\/types\/product"}],"replies":[{"embeddable":true,"href":"https:\/\/www.gasia.com.tr\/en\/wp-json\/wp\/v2\/comments?post=33180"}],"version-history":[{"count":2,"href":"https:\/\/www.gasia.com.tr\/en\/wp-json\/wp\/v2\/product\/33180\/revisions"}],"predecessor-version":[{"id":35436,"href":"https:\/\/www.gasia.com.tr\/en\/wp-json\/wp\/v2\/product\/33180\/revisions\/35436"}],"wp:featuredmedia":[{"embeddable":true,"href":"https:\/\/www.gasia.com.tr\/en\/wp-json\/wp\/v2\/media\/36494"}],"wp:attachment":[{"href":"https:\/\/www.gasia.com.tr\/en\/wp-json\/wp\/v2\/media?parent=33180"}],"wp:term":[{"taxonomy":"product_brand","embeddable":true,"href":"https:\/\/www.gasia.com.tr\/en\/wp-json\/wp\/v2\/product_brand?post=33180"},{"taxonomy":"product_cat","embeddable":true,"href":"https:\/\/www.gasia.com.tr\/en\/wp-json\/wp\/v2\/product_cat?post=33180"},{"taxonomy":"product_tag","embeddable":true,"href":"https:\/\/www.gasia.com.tr\/en\/wp-json\/wp\/v2\/product_tag?post=33180"}],"curies":[{"name":"wp","href":"https:\/\/api.w.org\/{rel}","templated":true}]}}