{"id":33187,"date":"2025-11-25T16:53:53","date_gmt":"2025-11-25T13:53:53","guid":{"rendered":"https:\/\/www.gasia.com.tr\/?post_type=product&#038;p=33187"},"modified":"2026-01-07T16:20:44","modified_gmt":"2026-01-07T13:20:44","slug":"siyah-elmasli-ozel-trabzon-hasir-kelepce","status":"publish","type":"product","link":"https:\/\/www.gasia.com.tr\/en\/collections\/siyah-elmasli-ozel-trabzon-hasir-kelepce\/","title":{"rendered":"Siyah Elmasl\u0131 \u00d6zel Trabzon Has\u0131r Kelep\u00e7e"},"content":{"rendered":"<p><span style=\"color: black\">Karanl\u0131\u011f\u0131n i\u00e7inde parlayan tek bir \u0131\u015f\u0131k\u2026<br \/>\nD\u00fcnyan\u0131n en gizemli ve en nadir ta\u015flar\u0131ndan biri: 1.22 ct siyah elmas (fancy black diamond), rose-cut \u00f6zel kesim.<\/span><\/p>\n<ul>\n<li><span style=\"color: black\">11 s\u0131ra , %100 el \u00f6rg\u00fcs\u00fc trabzon has\u0131r\u0131 (oksit g\u00fcm\u00fc\u015f \u00fczerine 22K a\u011f\u0131r alt\u0131n)<\/span><\/li>\n<li><span style=\"color: black\">24K masif alt\u0131n d\u00f6vme plaka \u2013 tamamen el dokusu ve d\u00f6v\u00fcl\u00fc<\/span><\/li>\n<li><span style=\"color: black\">Ortada 1.22 ct do\u011fal siyah elmas, etraf\u0131nda 0.15 ct p\u0131rlanta<\/span><\/li>\n<\/ul>\n<p><span style=\"color: black\">Siyah elmas s\u0131radan bir ta\u015f de\u011fildir.<br \/>\nO, geceyi yaran bir y\u0131ld\u0131r\u0131m gibidir; bakana korku ve hayranl\u0131k ayn\u0131 anda hissettirir.Bu bileklik tak\u0131ld\u0131\u011f\u0131nda konu\u015fmaz, susturur.D\u00fcnyada sadece 3 adet \u00fcretildi.<br \/>\nSon 1 par\u00e7a kald\u0131.<\/span><\/p>","protected":false},"excerpt":{"rendered":"<p>Karanl\u0131\u011f\u0131n i\u00e7inde parlayan tek bir \u0131\u015f\u0131k\u2026 D\u00fcnyan\u0131n en gizemli ve en nadir ta\u015flar\u0131ndan biri: 1.22 ct siyah elmas (fancy black<\/p>","protected":false},"featured_media":36511,"comment_status":"open","ping_status":"closed","template":"","meta":[],"product_brand":[],"product_cat":[264],"product_tag":[],"class_list":{"0":"post-33187","1":"product","2":"type-product","3":"status-publish","4":"has-post-thumbnail","6":"product_cat-gasia-1974-koleksiyonu","7":"pa_cinsiyet-kadin","9":"first","10":"instock","11":"shipping-taxable","12":"purchasable","13":"product-type-simple"},"_links":{"self":[{"href":"https:\/\/www.gasia.com.tr\/en\/wp-json\/wp\/v2\/product\/33187","targetHints":{"allow":["GET"]}}],"collection":[{"href":"https:\/\/www.gasia.com.tr\/en\/wp-json\/wp\/v2\/product"}],"about":[{"href":"https:\/\/www.gasia.com.tr\/en\/wp-json\/wp\/v2\/types\/product"}],"replies":[{"embeddable":true,"href":"https:\/\/www.gasia.com.tr\/en\/wp-json\/wp\/v2\/comments?post=33187"}],"version-history":[{"count":2,"href":"https:\/\/www.gasia.com.tr\/en\/wp-json\/wp\/v2\/product\/33187\/revisions"}],"predecessor-version":[{"id":36508,"href":"https:\/\/www.gasia.com.tr\/en\/wp-json\/wp\/v2\/product\/33187\/revisions\/36508"}],"wp:featuredmedia":[{"embeddable":true,"href":"https:\/\/www.gasia.com.tr\/en\/wp-json\/wp\/v2\/media\/36511"}],"wp:attachment":[{"href":"https:\/\/www.gasia.com.tr\/en\/wp-json\/wp\/v2\/media?parent=33187"}],"wp:term":[{"taxonomy":"product_brand","embeddable":true,"href":"https:\/\/www.gasia.com.tr\/en\/wp-json\/wp\/v2\/product_brand?post=33187"},{"taxonomy":"product_cat","embeddable":true,"href":"https:\/\/www.gasia.com.tr\/en\/wp-json\/wp\/v2\/product_cat?post=33187"},{"taxonomy":"product_tag","embeddable":true,"href":"https:\/\/www.gasia.com.tr\/en\/wp-json\/wp\/v2\/product_tag?post=33187"}],"curies":[{"name":"wp","href":"https:\/\/api.w.org\/{rel}","templated":true}]}}