{"id":33196,"date":"2025-11-25T20:32:59","date_gmt":"2025-11-25T17:32:59","guid":{"rendered":"https:\/\/www.gasia.com.tr\/?post_type=product&#038;p=33196"},"modified":"2025-12-19T11:47:03","modified_gmt":"2025-12-19T08:47:03","slug":"rainbow-forge-cok-tasli-dovme-bilezik-seti","status":"publish","type":"product","link":"https:\/\/www.gasia.com.tr\/en\/collections\/rainbow-forge-cok-tasli-dovme-bilezik-seti\/","title":{"rendered":"&#8220;Rainbow Forge&#8221; \u00c7ok Ta\u015fl\u0131 D\u00f6vme Bilezik Seti"},"content":{"rendered":"<ul>\n<li><span style=\"color: black\">24 ayar alt\u0131n<\/span><\/li>\n<li><span style=\"color: black\">925 ayar okside g\u00fcm\u00fc\u015f <\/span><\/li>\n<li>K\u0131rm\u0131z\u0131 Safir,<span style=\"color: black\">Sar\u0131 Safir,<\/span><span style=\"color: black\">Ametist<\/span><span style=\"color: black\">,Pembe turmalin,<\/span><span style=\"color: black\">Mavi topaz,<\/span><span style=\"color: black\">Peridot,<\/span><span style=\"color: black\">Sitrin<\/span><\/li>\n<li><span style=\"color: black\">Fiyat\u0131m\u0131z her biri i\u00e7indir<\/span><\/li>\n<\/ul>\n<ul>\n<li style=\"list-style-type: none\">\n<ul>\n<li><span style=\"color: black\">Z\u0131tl\u0131klar\u0131n b\u00fcy\u00fcs\u00fc: Kaba d\u00f6v\u00fclm\u00fc\u015f, oksitlenmi\u015f 925 ayar g\u00fcm\u00fc\u015f\u00fcn derin siyah-mavi tonlar\u0131 ile 24K alt\u0131n yuvalar\u0131n s\u0131cak \u0131\u015f\u0131lt\u0131s\u0131 bir arada. Her bilezik, usta bir demircinin \u00e7ekiciyle \u015fekillendirdi\u011fi gibi organik dokulu; hi\u00e7biri di\u011ferinin tamamen ayn\u0131s\u0131 de\u011fil, hepsi tek.<\/span><\/li>\n<li><span style=\"color: black\">Baz\u0131lar\u0131 yuvarlak, baz\u0131lar\u0131 markiz veya damla kesim; her biri 24 ayar saf alt\u0131n yuvalarla \u00e7evrelenmi\u015f . Ta\u015flar\u0131n renk s\u0131ras\u0131 g\u00f6kku\u015fa\u011f\u0131n\u0131 and\u0131r\u0131yor .Set halinde kullan\u0131ld\u0131\u011f\u0131nda bilek tamamen kaplan\u0131yor ve hareket ettik\u00e7e ta\u015flar \u0131\u015f\u0131k patlamalar\u0131 yarat\u0131yor. Tek tek ya da 3-4\u2019l\u00fc kombinlerle de giyilebilir; her kullan\u0131mda farkl\u0131 bir hik\u00e2ye anlat\u0131r.Bu bilezikler \u201cfazla m\u00fccevher\u201d de\u011fil aksine, sert ve feminen, kaba ve zarif aras\u0131ndaki o ince \u00e7izgide duruyor.<\/span><\/li>\n<\/ul>\n<\/li>\n<\/ul>","protected":false},"excerpt":{"rendered":"<p>24 ayar alt\u0131n 925 ayar okside g\u00fcm\u00fc\u015f K\u0131rm\u0131z\u0131 Safir,Sar\u0131 Safir,Ametist,Pembe turmalin,Mavi topaz,Peridot,Sitrin Fiyat\u0131m\u0131z her biri i\u00e7indir Z\u0131tl\u0131klar\u0131n b\u00fcy\u00fcs\u00fc: Kaba d\u00f6v\u00fclm\u00fc\u015f,<\/p>","protected":false},"featured_media":35382,"comment_status":"open","ping_status":"closed","template":"","meta":[],"product_brand":[],"product_cat":[264,260],"product_tag":[],"class_list":{"0":"post-33196","1":"product","2":"type-product","3":"status-publish","4":"has-post-thumbnail","6":"product_cat-gasia-1974-koleksiyonu","7":"product_cat-kadin","8":"pa_cinsiyet-kadin","10":"first","11":"instock","12":"sale","13":"shipping-taxable","14":"purchasable","15":"product-type-simple"},"_links":{"self":[{"href":"https:\/\/www.gasia.com.tr\/en\/wp-json\/wp\/v2\/product\/33196","targetHints":{"allow":["GET"]}}],"collection":[{"href":"https:\/\/www.gasia.com.tr\/en\/wp-json\/wp\/v2\/product"}],"about":[{"href":"https:\/\/www.gasia.com.tr\/en\/wp-json\/wp\/v2\/types\/product"}],"replies":[{"embeddable":true,"href":"https:\/\/www.gasia.com.tr\/en\/wp-json\/wp\/v2\/comments?post=33196"}],"version-history":[{"count":3,"href":"https:\/\/www.gasia.com.tr\/en\/wp-json\/wp\/v2\/product\/33196\/revisions"}],"predecessor-version":[{"id":34951,"href":"https:\/\/www.gasia.com.tr\/en\/wp-json\/wp\/v2\/product\/33196\/revisions\/34951"}],"wp:featuredmedia":[{"embeddable":true,"href":"https:\/\/www.gasia.com.tr\/en\/wp-json\/wp\/v2\/media\/35382"}],"wp:attachment":[{"href":"https:\/\/www.gasia.com.tr\/en\/wp-json\/wp\/v2\/media?parent=33196"}],"wp:term":[{"taxonomy":"product_brand","embeddable":true,"href":"https:\/\/www.gasia.com.tr\/en\/wp-json\/wp\/v2\/product_brand?post=33196"},{"taxonomy":"product_cat","embeddable":true,"href":"https:\/\/www.gasia.com.tr\/en\/wp-json\/wp\/v2\/product_cat?post=33196"},{"taxonomy":"product_tag","embeddable":true,"href":"https:\/\/www.gasia.com.tr\/en\/wp-json\/wp\/v2\/product_tag?post=33196"}],"curies":[{"name":"wp","href":"https:\/\/api.w.org\/{rel}","templated":true}]}}