{"id":33239,"date":"2025-12-19T00:00:00","date_gmt":"2025-12-18T21:00:00","guid":{"rendered":"https:\/\/www.gasia.com.tr\/?post_type=product&#038;p=33239"},"modified":"2026-03-22T22:24:56","modified_gmt":"2026-03-22T19:24:56","slug":"kahverengi-deri-bileklik-pirlanta-kalp-detayli-turkuaz-boncuklu-tasarim-2","status":"publish","type":"product","link":"https:\/\/www.gasia.com.tr\/en\/collections\/kahverengi-deri-bileklik-pirlanta-kalp-detayli-turkuaz-boncuklu-tasarim-2\/","title":{"rendered":"Kahverengi Deri Bileklik P\u0131rlanta Kalp Detayl\u0131 Turkuaz Boncuklu Tasar\u0131m"},"content":{"rendered":"<p>Do\u011fal dokulu kahverengi deri \u00fczerine yerle\u015ftirilen kalp formundaki ta\u015fl\u0131 detay, bu bilekli\u011fe zarif bir odak noktas\u0131 kazand\u0131r\u0131r. Turkuaz tonlu boncuklar tasar\u0131ma renkli ve enerjik bir dokunu\u015f eklerken, ayarlanabilir ipli yap\u0131s\u0131 sayesinde rahat kullan\u0131m sunar. G\u00fcnl\u00fck kombinlere uyum sa\u011flayan bu model, modern ve dikkat \u00e7ekici bir stil tamamlay\u0131c\u0131s\u0131d\u0131r.<\/p>","protected":false},"excerpt":{"rendered":"<ul>\n<li>18 Ayar Alt\u0131n<\/li>\n<li>0.13 ct P\u0131rlanta<\/li>\n<li>3,5 mm firuze<\/li>\n<li>5 mm Deri Geni\u015flik<\/li>\n<\/ul>","protected":false},"featured_media":40346,"comment_status":"open","ping_status":"closed","template":"","meta":[],"product_brand":[77],"product_cat":[73,209],"product_tag":[2187,1028,2270,2281,2267,2266,2223,2282,544,2268,2280,2185,363,2250,364,505,2265,415],"class_list":{"0":"post-33239","1":"product","2":"type-product","3":"status-publish","4":"has-post-thumbnail","6":"product_brand-gasia","7":"product_cat-altin-pirlanta-bileklik","8":"product_cat-deri-orgu-bileklik","9":"product_tag-adjustable-bracelet","10":"product_tag-ayarlanabilir-bileklik","11":"product_tag-beaded-bracelet","12":"product_tag-boncuklu-bileklik","13":"product_tag-deri-bileklik-erkek","14":"product_tag-deri-bileklik-kadin","15":"product_tag-gunluk-bileklik","16":"product_tag-heart-bracelet","17":"product_tag-kahverengi-deri-bileklik","18":"product_tag-kalp-bileklik","19":"product_tag-kalp-detayli-bileklik","20":"product_tag-leather-bracelet","21":"product_tag-modern-bileklik","22":"product_tag-stylish-bracelet","23":"product_tag-tasarim-bileklik","24":"product_tag-tasli-bileklik","25":"product_tag-turkuaz-boncuklu-bileklik","26":"product_tag-turquoise-bracelet","27":"pa_cinsiyet-kadin","29":"first","30":"instock","31":"shipping-taxable","32":"purchasable","33":"product-type-simple"},"_links":{"self":[{"href":"https:\/\/www.gasia.com.tr\/en\/wp-json\/wp\/v2\/product\/33239","targetHints":{"allow":["GET"]}}],"collection":[{"href":"https:\/\/www.gasia.com.tr\/en\/wp-json\/wp\/v2\/product"}],"about":[{"href":"https:\/\/www.gasia.com.tr\/en\/wp-json\/wp\/v2\/types\/product"}],"replies":[{"embeddable":true,"href":"https:\/\/www.gasia.com.tr\/en\/wp-json\/wp\/v2\/comments?post=33239"}],"version-history":[{"count":2,"href":"https:\/\/www.gasia.com.tr\/en\/wp-json\/wp\/v2\/product\/33239\/revisions"}],"predecessor-version":[{"id":40361,"href":"https:\/\/www.gasia.com.tr\/en\/wp-json\/wp\/v2\/product\/33239\/revisions\/40361"}],"wp:featuredmedia":[{"embeddable":true,"href":"https:\/\/www.gasia.com.tr\/en\/wp-json\/wp\/v2\/media\/40346"}],"wp:attachment":[{"href":"https:\/\/www.gasia.com.tr\/en\/wp-json\/wp\/v2\/media?parent=33239"}],"wp:term":[{"taxonomy":"product_brand","embeddable":true,"href":"https:\/\/www.gasia.com.tr\/en\/wp-json\/wp\/v2\/product_brand?post=33239"},{"taxonomy":"product_cat","embeddable":true,"href":"https:\/\/www.gasia.com.tr\/en\/wp-json\/wp\/v2\/product_cat?post=33239"},{"taxonomy":"product_tag","embeddable":true,"href":"https:\/\/www.gasia.com.tr\/en\/wp-json\/wp\/v2\/product_tag?post=33239"}],"curies":[{"name":"wp","href":"https:\/\/api.w.org\/{rel}","templated":true}]}}