{"id":33260,"date":"2025-11-25T21:19:27","date_gmt":"2025-11-25T18:19:27","guid":{"rendered":"https:\/\/www.gasia.com.tr\/?post_type=product&#038;p=33260"},"modified":"2026-03-22T22:07:12","modified_gmt":"2026-03-22T19:07:12","slug":"yesil-deri-bileklik-dogal-inci-ve-pirlanta-detayli-tasarim","status":"publish","type":"product","link":"https:\/\/www.gasia.com.tr\/en\/collections\/yesil-deri-bileklik-dogal-inci-ve-pirlanta-detayli-tasarim\/","title":{"rendered":"Ye\u015fil Deri Bileklik Do\u011fal \u0130nci ve P\u0131rlanta Detayl\u0131 Tasar\u0131m"},"content":{"rendered":"<p>Ye\u015fil deri kay\u0131\u015f \u00fczerine yerle\u015ftirilen do\u011fal inci, organik formu ve kendine \u00f6zg\u00fc parlakl\u0131\u011f\u0131yla dikkat \u00e7eker. Etraf\u0131n\u0131 saran p\u0131rlanta detaylar tasar\u0131ma zarif bir \u0131\u015f\u0131lt\u0131 katarken, metal kilitli yap\u0131s\u0131 g\u00fcvenli ve konforlu kullan\u0131m sunar. Do\u011fal ve modern unsurlar\u0131 bir araya getiren bu bileklik, g\u00fc\u00e7l\u00fc bir stil ifadesi olu\u015fturur.<\/p>","protected":false},"excerpt":{"rendered":"<ul>\n<li>925 Ayar Okside G\u00fcm\u00fc\u015f<\/li>\n<li>0.31 ct P\u0131rlanta<\/li>\n<li>15 mm Deri geni\u015flik<\/li>\n<\/ul>","protected":false},"featured_media":40348,"comment_status":"open","ping_status":"closed","template":"","meta":[],"product_brand":[],"product_cat":[73,209],"product_tag":[2266,507,2273,2223,2183,2274,2185,363,2186,358,362,366,2250,364,2249,2272],"class_list":{"0":"post-33260","1":"product","2":"type-product","3":"status-publish","4":"has-post-thumbnail","6":"product_cat-altin-pirlanta-bileklik","7":"product_cat-deri-orgu-bileklik","8":"product_tag-deri-bileklik-kadin","9":"product_tag-diamond-bracelet","10":"product_tag-dogal-inci-bileklik","11":"product_tag-gunluk-bileklik","12":"product_tag-inci-bileklik","13":"product_tag-inci-ve-pirlanta-bileklik","14":"product_tag-leather-bracelet","15":"product_tag-modern-bileklik","16":"product_tag-pearl-bracelet","17":"product_tag-pirlanta-bileklik","18":"product_tag-pirlanta-detayli-bileklik","19":"product_tag-sik-bileklik","20":"product_tag-stylish-bracelet","21":"product_tag-tasarim-bileklik","22":"product_tag-unique-bracelet","23":"product_tag-yesil-deri-bileklik","24":"pa_cinsiyet-kadin","26":"first","27":"instock","28":"shipping-taxable","29":"purchasable","30":"product-type-simple"},"_links":{"self":[{"href":"https:\/\/www.gasia.com.tr\/en\/wp-json\/wp\/v2\/product\/33260","targetHints":{"allow":["GET"]}}],"collection":[{"href":"https:\/\/www.gasia.com.tr\/en\/wp-json\/wp\/v2\/product"}],"about":[{"href":"https:\/\/www.gasia.com.tr\/en\/wp-json\/wp\/v2\/types\/product"}],"replies":[{"embeddable":true,"href":"https:\/\/www.gasia.com.tr\/en\/wp-json\/wp\/v2\/comments?post=33260"}],"version-history":[{"count":2,"href":"https:\/\/www.gasia.com.tr\/en\/wp-json\/wp\/v2\/product\/33260\/revisions"}],"predecessor-version":[{"id":40351,"href":"https:\/\/www.gasia.com.tr\/en\/wp-json\/wp\/v2\/product\/33260\/revisions\/40351"}],"wp:featuredmedia":[{"embeddable":true,"href":"https:\/\/www.gasia.com.tr\/en\/wp-json\/wp\/v2\/media\/40348"}],"wp:attachment":[{"href":"https:\/\/www.gasia.com.tr\/en\/wp-json\/wp\/v2\/media?parent=33260"}],"wp:term":[{"taxonomy":"product_brand","embeddable":true,"href":"https:\/\/www.gasia.com.tr\/en\/wp-json\/wp\/v2\/product_brand?post=33260"},{"taxonomy":"product_cat","embeddable":true,"href":"https:\/\/www.gasia.com.tr\/en\/wp-json\/wp\/v2\/product_cat?post=33260"},{"taxonomy":"product_tag","embeddable":true,"href":"https:\/\/www.gasia.com.tr\/en\/wp-json\/wp\/v2\/product_tag?post=33260"}],"curies":[{"name":"wp","href":"https:\/\/api.w.org\/{rel}","templated":true}]}}