{"id":33287,"date":"2025-11-25T21:24:26","date_gmt":"2025-11-25T18:24:26","guid":{"rendered":"https:\/\/www.gasia.com.tr\/?post_type=product&#038;p=33287"},"modified":"2026-03-24T22:51:17","modified_gmt":"2026-03-24T19:51:17","slug":"kuru-kafa-detayli-siyah-deri-bileklik","status":"publish","type":"product","link":"https:\/\/www.gasia.com.tr\/en\/collections\/kuru-kafa-detayli-siyah-deri-bileklik\/","title":{"rendered":"Kuru Kafa Detayl\u0131 Siyah Deri Bileklik"},"content":{"rendered":"<p>Siyah deri bant \u00fczerine yerle\u015ftirilen kuru kafa detay\u0131yla \u00f6ne \u00e7\u0131kan bu bileklik, cesur ve karakterli bir stil sunar. Metal i\u015f\u00e7ili\u011fiyle haz\u0131rlanan kafatas\u0131 formu, tasar\u0131ma g\u00fc\u00e7l\u00fc bir ifade katarken ayarlanabilir ba\u011flama detay\u0131 konforlu kullan\u0131m sa\u011flar. G\u00fcnl\u00fck kombinlerde dikkat \u00e7ekici bir aksesuar olarak \u00f6ne \u00e7\u0131kan bu par\u00e7a, modern ve iddial\u0131 tarz\u0131 tamamlamak isteyenler i\u00e7in ideal bir se\u00e7imdir.<\/p>","protected":false},"excerpt":{"rendered":"<ul>\n<li>14 Ayar Alt\u0131n<\/li>\n<li>925 Ayar Okside G\u00fcm\u011f\u015f<\/li>\n<li>0.08 ct P\u0131rlanta<\/li>\n<li>7,5 mm deri geni\u015fli\u011fi<\/li>\n<\/ul>\n<p>&nbsp;<\/p>\n<p>&nbsp;<\/p>\n<p>&nbsp;<\/p>","protected":false},"featured_media":40714,"comment_status":"open","ping_status":"closed","template":"","meta":[],"product_brand":[],"product_cat":[209,253],"product_tag":[2187,1028,2686,2182,543,2687,2684,2685,2201,2185,556,548,620,363,742,360,366,2204,2688,2250],"class_list":{"0":"post-33287","1":"product","2":"type-product","3":"status-publish","4":"has-post-thumbnail","6":"product_cat-deri-orgu-bileklik","7":"product_cat-deri-bileklikler","8":"product_tag-adjustable-bracelet","9":"product_tag-ayarlanabilir-bileklik","10":"product_tag-black-bracelet","11":"product_tag-deri-bileklik","12":"product_tag-erkek-bileklik","13":"product_tag-gothic-bracelet","14":"product_tag-gotik-bileklik","15":"product_tag-iddiali-aksesuar","16":"product_tag-kuru-kafa-bileklik","17":"product_tag-leather-bracelet","18":"product_tag-masculine-bracelet","19":"product_tag-maskulen-bileklik","20":"product_tag-men-bracelet","21":"product_tag-modern-bileklik","22":"product_tag-modern-jewelry","23":"product_tag-siyah-bileklik","24":"product_tag-sik-bileklik","25":"product_tag-skull-bracelet","26":"product_tag-statement-jewelry","27":"product_tag-stylish-bracelet","28":"pa_cinsiyet-erkek","29":"pa_cinsiyet-kadin","31":"first","32":"instock","33":"shipping-taxable","34":"purchasable","35":"product-type-simple"},"_links":{"self":[{"href":"https:\/\/www.gasia.com.tr\/en\/wp-json\/wp\/v2\/product\/33287","targetHints":{"allow":["GET"]}}],"collection":[{"href":"https:\/\/www.gasia.com.tr\/en\/wp-json\/wp\/v2\/product"}],"about":[{"href":"https:\/\/www.gasia.com.tr\/en\/wp-json\/wp\/v2\/types\/product"}],"replies":[{"embeddable":true,"href":"https:\/\/www.gasia.com.tr\/en\/wp-json\/wp\/v2\/comments?post=33287"}],"version-history":[{"count":2,"href":"https:\/\/www.gasia.com.tr\/en\/wp-json\/wp\/v2\/product\/33287\/revisions"}],"predecessor-version":[{"id":40716,"href":"https:\/\/www.gasia.com.tr\/en\/wp-json\/wp\/v2\/product\/33287\/revisions\/40716"}],"wp:featuredmedia":[{"embeddable":true,"href":"https:\/\/www.gasia.com.tr\/en\/wp-json\/wp\/v2\/media\/40714"}],"wp:attachment":[{"href":"https:\/\/www.gasia.com.tr\/en\/wp-json\/wp\/v2\/media?parent=33287"}],"wp:term":[{"taxonomy":"product_brand","embeddable":true,"href":"https:\/\/www.gasia.com.tr\/en\/wp-json\/wp\/v2\/product_brand?post=33287"},{"taxonomy":"product_cat","embeddable":true,"href":"https:\/\/www.gasia.com.tr\/en\/wp-json\/wp\/v2\/product_cat?post=33287"},{"taxonomy":"product_tag","embeddable":true,"href":"https:\/\/www.gasia.com.tr\/en\/wp-json\/wp\/v2\/product_tag?post=33287"}],"curies":[{"name":"wp","href":"https:\/\/api.w.org\/{rel}","templated":true}]}}