{"id":33291,"date":"2025-11-25T21:25:18","date_gmt":"2025-11-25T18:25:18","guid":{"rendered":"https:\/\/www.gasia.com.tr\/?post_type=product&#038;p=33291"},"modified":"2026-03-24T22:56:09","modified_gmt":"2026-03-24T19:56:09","slug":"pirlanta-tas-detayli-coklu-deri-bileklik","status":"publish","type":"product","link":"https:\/\/www.gasia.com.tr\/en\/collections\/pirlanta-tas-detayli-coklu-deri-bileklik\/","title":{"rendered":"P\u0131rlanta Ta\u015f Detayl\u0131 \u00c7oklu Deri Bileklik"},"content":{"rendered":"<p data-start=\"127\" data-end=\"582\">\u00c7oklu siyah deri bantlar\u0131n bir araya gelmesiyle olu\u015fturulan bu bileklik, ortas\u0131nda yer alan\u00a0 p\u0131rlanta ta\u015fl\u0131 detay ile dikkat \u00e7eker. \u00d6zel tasar\u0131m metal par\u00e7a \u00fczerindeki ta\u015f dizilimi, bilekli\u011fe \u0131\u015f\u0131lt\u0131l\u0131 ve g\u00fc\u00e7l\u00fc bir g\u00f6r\u00fcn\u00fcm kazand\u0131r\u0131r. Alt\u0131n tonlu kilit detay\u0131 ise tasar\u0131ma zarif bir kontrast ekler. G\u00fcnl\u00fck kullan\u0131mdan \u00f6zel kombinlere kadar farkl\u0131 stillerle uyum sa\u011flayan bu bileklik, modern ve iddial\u0131 bir aksesuar arayanlar i\u00e7in ideal bir se\u00e7imdir.<\/p>","protected":false},"excerpt":{"rendered":"<p>\u00c7oklu siyah deri bantlar\u0131n bir araya gelmesiyle olu\u015fturulan bu bileklik, ortas\u0131nda yer alan\u00a0 p\u0131rlanta ta\u015fl\u0131 detay ile dikkat \u00e7eker. \u00d6zel<\/p>","protected":false},"featured_media":40720,"comment_status":"open","ping_status":"closed","template":"","meta":[],"product_brand":[],"product_cat":[209],"product_tag":[2239,2279,2690,2182,420,507,543,365,2185,620,363,742,358,2271,2689,366,2682,2250,505,1803],"class_list":{"0":"post-33291","1":"product","2":"type-product","3":"status-publish","4":"has-post-thumbnail","6":"product_cat-deri-orgu-bileklik","7":"product_tag-black-diamond-bracelet","8":"product_tag-black-leather-bracelet","9":"product_tag-coklu-deri-bileklik","10":"product_tag-deri-bileklik","11":"product_tag-designer-bracelet","12":"product_tag-diamond-bracelet","13":"product_tag-erkek-bileklik","14":"product_tag-kadin-bileklik","15":"product_tag-leather-bracelet","16":"product_tag-men-bracelet","17":"product_tag-modern-bileklik","18":"product_tag-modern-jewelry","19":"product_tag-pirlanta-bileklik","20":"product_tag-siyah-deri-bileklik","21":"product_tag-siyah-pirlanta","22":"product_tag-sik-bileklik","23":"product_tag-stone-bracelet","24":"product_tag-stylish-bracelet","25":"product_tag-tasli-bileklik","26":"product_tag-women-bracelet","27":"pa_cinsiyet-kadin","29":"first","30":"instock","31":"shipping-taxable","32":"purchasable","33":"product-type-simple"},"_links":{"self":[{"href":"https:\/\/www.gasia.com.tr\/en\/wp-json\/wp\/v2\/product\/33291","targetHints":{"allow":["GET"]}}],"collection":[{"href":"https:\/\/www.gasia.com.tr\/en\/wp-json\/wp\/v2\/product"}],"about":[{"href":"https:\/\/www.gasia.com.tr\/en\/wp-json\/wp\/v2\/types\/product"}],"replies":[{"embeddable":true,"href":"https:\/\/www.gasia.com.tr\/en\/wp-json\/wp\/v2\/comments?post=33291"}],"version-history":[{"count":2,"href":"https:\/\/www.gasia.com.tr\/en\/wp-json\/wp\/v2\/product\/33291\/revisions"}],"predecessor-version":[{"id":40719,"href":"https:\/\/www.gasia.com.tr\/en\/wp-json\/wp\/v2\/product\/33291\/revisions\/40719"}],"wp:featuredmedia":[{"embeddable":true,"href":"https:\/\/www.gasia.com.tr\/en\/wp-json\/wp\/v2\/media\/40720"}],"wp:attachment":[{"href":"https:\/\/www.gasia.com.tr\/en\/wp-json\/wp\/v2\/media?parent=33291"}],"wp:term":[{"taxonomy":"product_brand","embeddable":true,"href":"https:\/\/www.gasia.com.tr\/en\/wp-json\/wp\/v2\/product_brand?post=33291"},{"taxonomy":"product_cat","embeddable":true,"href":"https:\/\/www.gasia.com.tr\/en\/wp-json\/wp\/v2\/product_cat?post=33291"},{"taxonomy":"product_tag","embeddable":true,"href":"https:\/\/www.gasia.com.tr\/en\/wp-json\/wp\/v2\/product_tag?post=33291"}],"curies":[{"name":"wp","href":"https:\/\/api.w.org\/{rel}","templated":true}]}}