{"id":33303,"date":"2025-11-25T21:28:41","date_gmt":"2025-11-25T18:28:41","guid":{"rendered":"https:\/\/www.gasia.com.tr\/?post_type=product&#038;p=33303"},"modified":"2026-03-22T20:56:56","modified_gmt":"2026-03-22T17:56:56","slug":"deri-bileklik-pirlanta-serit-detayli-modern-tasarim","status":"publish","type":"product","link":"https:\/\/www.gasia.com.tr\/en\/collections\/deri-bileklik-pirlanta-serit-detayli-modern-tasarim\/","title":{"rendered":"Deri Bileklik P\u0131rlanta \u015eerit Detayl\u0131 Modern Tasar\u0131m"},"content":{"rendered":"<p>Canl\u0131 turuncu tonuyla dikkat \u00e7eken bu deri bileklik, ortas\u0131nda yer alan p\u0131rlanta ta\u015fl\u0131 \u015ferit detay\u0131 ile modern bir \u0131\u015f\u0131lt\u0131 sunar. \u00c7ift katmanl\u0131 deri yap\u0131s\u0131 ve ince alt\u0131n tonlu detaylar\u0131yla tasar\u0131m, dinamik ve stil sahibi bir g\u00f6r\u00fcn\u00fcm kazan\u0131r. Ayarlanabilir ip kapama sistemi sayesinde bile\u011fe kolayca uyum sa\u011flar ve konforlu bir kullan\u0131m sunar. G\u00fcnl\u00fck stilinize enerjik bir dokunu\u015f katarken, sade kombinlere karakter kazand\u0131ran g\u00fc\u00e7l\u00fc bir aksesuard\u0131r.<\/p>","protected":false},"excerpt":{"rendered":"<ul>\n<li>18 Ayar Alt\u0131n<\/li>\n<li>0.22 ct P\u0131rlanta<\/li>\n<li>5 mm deri Geni\u015flik<\/li>\n<\/ul>","protected":false},"featured_media":40303,"comment_status":"open","ping_status":"closed","template":"","meta":[],"product_brand":[],"product_cat":[73,209,247],"product_tag":[1028,623,2232,2182,507,543,2235,2223,365,2185,367,363,2233,358,366,2237,364,2234,2231,2236],"class_list":{"0":"post-33303","1":"product","2":"type-product","3":"status-publish","4":"has-post-thumbnail","6":"product_cat-altin-pirlanta-bileklik","7":"product_cat-deri-orgu-bileklik","8":"product_cat-hediyelik","9":"product_tag-ayarlanabilir-bileklik","10":"product_tag-casual-bracelet","11":"product_tag-cift-kat-bileklik","12":"product_tag-deri-bileklik","13":"product_tag-diamond-bracelet","14":"product_tag-erkek-bileklik","15":"product_tag-fashion-bracelet","16":"product_tag-gunluk-bileklik","17":"product_tag-kadin-bileklik","18":"product_tag-leather-bracelet","19":"product_tag-luks-bileklik","20":"product_tag-modern-bileklik","21":"product_tag-orange-bracelet","22":"product_tag-pirlanta-bileklik","23":"product_tag-sik-bileklik","24":"product_tag-stil-bileklik","25":"product_tag-tasarim-bileklik","26":"product_tag-trendy-bracelet","27":"product_tag-turuncu-deri-bileklik","28":"product_tag-unisex-bileklik","29":"pa_cinsiyet-kadin","31":"first","32":"instock","33":"shipping-taxable","34":"purchasable","35":"product-type-simple"},"_links":{"self":[{"href":"https:\/\/www.gasia.com.tr\/en\/wp-json\/wp\/v2\/product\/33303","targetHints":{"allow":["GET"]}}],"collection":[{"href":"https:\/\/www.gasia.com.tr\/en\/wp-json\/wp\/v2\/product"}],"about":[{"href":"https:\/\/www.gasia.com.tr\/en\/wp-json\/wp\/v2\/types\/product"}],"replies":[{"embeddable":true,"href":"https:\/\/www.gasia.com.tr\/en\/wp-json\/wp\/v2\/comments?post=33303"}],"version-history":[{"count":2,"href":"https:\/\/www.gasia.com.tr\/en\/wp-json\/wp\/v2\/product\/33303\/revisions"}],"predecessor-version":[{"id":40305,"href":"https:\/\/www.gasia.com.tr\/en\/wp-json\/wp\/v2\/product\/33303\/revisions\/40305"}],"wp:featuredmedia":[{"embeddable":true,"href":"https:\/\/www.gasia.com.tr\/en\/wp-json\/wp\/v2\/media\/40303"}],"wp:attachment":[{"href":"https:\/\/www.gasia.com.tr\/en\/wp-json\/wp\/v2\/media?parent=33303"}],"wp:term":[{"taxonomy":"product_brand","embeddable":true,"href":"https:\/\/www.gasia.com.tr\/en\/wp-json\/wp\/v2\/product_brand?post=33303"},{"taxonomy":"product_cat","embeddable":true,"href":"https:\/\/www.gasia.com.tr\/en\/wp-json\/wp\/v2\/product_cat?post=33303"},{"taxonomy":"product_tag","embeddable":true,"href":"https:\/\/www.gasia.com.tr\/en\/wp-json\/wp\/v2\/product_tag?post=33303"}],"curies":[{"name":"wp","href":"https:\/\/api.w.org\/{rel}","templated":true}]}}