{"id":33305,"date":"2025-12-17T00:00:00","date_gmt":"2025-12-16T21:00:00","guid":{"rendered":"https:\/\/www.gasia.com.tr\/?post_type=product&#038;p=33305"},"modified":"2026-03-22T22:30:20","modified_gmt":"2026-03-22T19:30:20","slug":"kahverengi-deri-bileklik-sari-ve-okside-altin-detayli-tasarim","status":"publish","type":"product","link":"https:\/\/www.gasia.com.tr\/en\/collections\/kahverengi-deri-bileklik-sari-ve-okside-altin-detayli-tasarim\/","title":{"rendered":"Kahverengi Deri Bileklik Sar\u0131 ve Okside Alt\u0131n Detayl\u0131 Tasar\u0131m"},"content":{"rendered":"<p>Kahverengi deri zemin \u00fczerine yerle\u015ftirilen sar\u0131 alt\u0131n ve okside alt\u0131n plakalar, bilekli\u011fe karakterli ve g\u00fc\u00e7l\u00fc bir g\u00f6r\u00fcn\u00fcm kazand\u0131r\u0131r. Minimal detaylarla zenginle\u015fen tasar\u0131m, g\u00fcnl\u00fck kullan\u0131ma uygun yap\u0131s\u0131yla \u00f6ne \u00e7\u0131kar. Ayarlanabilir ipli kapan\u0131\u015f\u0131 sayesinde konforlu ve pratik kullan\u0131m sunar.<\/p>","protected":false},"excerpt":{"rendered":"<p>Kahverengi deri zemin \u00fczerine yerle\u015ftirilen sar\u0131 alt\u0131n ve okside alt\u0131n plakalar, bilekli\u011fe karakterli ve g\u00fc\u00e7l\u00fc bir g\u00f6r\u00fcn\u00fcm kazand\u0131r\u0131r. Minimal detaylarla<\/p>","protected":false},"featured_media":40353,"comment_status":"open","ping_status":"closed","template":"","meta":[],"product_brand":[],"product_cat":[73,209,247],"product_tag":[2187,1027,2267,2266,420,794,2223,544,2185,2276,363,2275,2241,364],"class_list":{"0":"post-33305","1":"product","2":"type-product","3":"status-publish","4":"has-post-thumbnail","6":"product_cat-altin-pirlanta-bileklik","7":"product_cat-deri-orgu-bileklik","8":"product_cat-hediyelik","9":"product_tag-adjustable-bracelet","10":"product_tag-altin-detayli-bileklik","11":"product_tag-deri-bileklik-erkek","12":"product_tag-deri-bileklik-kadin","13":"product_tag-designer-bracelet","14":"product_tag-gold-bracelet","15":"product_tag-gunluk-bileklik","16":"product_tag-kahverengi-deri-bileklik","17":"product_tag-leather-bracelet","18":"product_tag-minimal-deri-bileklik","19":"product_tag-modern-bileklik","20":"product_tag-okside-altin-bileklik","21":"product_tag-sari-altin-bileklik","22":"product_tag-tasarim-bileklik","23":"pa_cinsiyet-kadin","25":"first","26":"instock","27":"sale","28":"shipping-taxable","29":"purchasable","30":"product-type-simple"},"_links":{"self":[{"href":"https:\/\/www.gasia.com.tr\/en\/wp-json\/wp\/v2\/product\/33305","targetHints":{"allow":["GET"]}}],"collection":[{"href":"https:\/\/www.gasia.com.tr\/en\/wp-json\/wp\/v2\/product"}],"about":[{"href":"https:\/\/www.gasia.com.tr\/en\/wp-json\/wp\/v2\/types\/product"}],"replies":[{"embeddable":true,"href":"https:\/\/www.gasia.com.tr\/en\/wp-json\/wp\/v2\/comments?post=33305"}],"version-history":[{"count":2,"href":"https:\/\/www.gasia.com.tr\/en\/wp-json\/wp\/v2\/product\/33305\/revisions"}],"predecessor-version":[{"id":40354,"href":"https:\/\/www.gasia.com.tr\/en\/wp-json\/wp\/v2\/product\/33305\/revisions\/40354"}],"wp:featuredmedia":[{"embeddable":true,"href":"https:\/\/www.gasia.com.tr\/en\/wp-json\/wp\/v2\/media\/40353"}],"wp:attachment":[{"href":"https:\/\/www.gasia.com.tr\/en\/wp-json\/wp\/v2\/media?parent=33305"}],"wp:term":[{"taxonomy":"product_brand","embeddable":true,"href":"https:\/\/www.gasia.com.tr\/en\/wp-json\/wp\/v2\/product_brand?post=33305"},{"taxonomy":"product_cat","embeddable":true,"href":"https:\/\/www.gasia.com.tr\/en\/wp-json\/wp\/v2\/product_cat?post=33305"},{"taxonomy":"product_tag","embeddable":true,"href":"https:\/\/www.gasia.com.tr\/en\/wp-json\/wp\/v2\/product_tag?post=33305"}],"curies":[{"name":"wp","href":"https:\/\/api.w.org\/{rel}","templated":true}]}}