{"id":33307,"date":"2025-11-25T21:29:49","date_gmt":"2025-11-25T18:29:49","guid":{"rendered":"https:\/\/www.gasia.com.tr\/?post_type=product&#038;p=33307"},"modified":"2026-03-22T20:02:28","modified_gmt":"2026-03-22T17:02:28","slug":"deri-ve-altin-detayli-inci-bileklik","status":"publish","type":"product","link":"https:\/\/www.gasia.com.tr\/en\/collections\/deri-ve-altin-detayli-inci-bileklik\/","title":{"rendered":"Deri ve Alt\u0131n Detayl\u0131 \u0130nci Bileklik"},"content":{"rendered":"<p>Do\u011fal dokular\u0131n s\u0131cakl\u0131\u011f\u0131 ile zarif detaylar\u0131n bulu\u015ftu\u011fu bu \u00f6zel bileklik, deri y\u00fczeyi ve alt\u0131n plakalar\u0131yla g\u00fc\u00e7l\u00fc bir karakter sunar. \u0130nci dizilimi ve ortadaki turkuaz tonlu ta\u015f detay\u0131, tasar\u0131ma ferah ve sofistike bir dokunu\u015f katarken, bilekli\u011fe dengeli bir estetik kazand\u0131r\u0131r. Ayarlanabilir yap\u0131s\u0131 sayesinde farkl\u0131 bilek \u00f6l\u00e7\u00fclerine uyum sa\u011flayarak konforlu bir kullan\u0131m sunar. G\u00fcnl\u00fck stilinize do\u011fal ve dikkat \u00e7ekici bir \u015f\u0131kl\u0131k eklemek i\u00e7in ideal bir par\u00e7ad\u0131r.<\/p>","protected":false},"excerpt":{"rendered":"<ul>\n<li>14 Ayar Alt\u0131n<\/li>\n<li>4 mm Deri Geni\u015flik<\/li>\n<li>Do\u011fal \u0130nci ve Firuze<\/li>\n<\/ul>","protected":false},"featured_media":40275,"comment_status":"open","ping_status":"closed","template":"","meta":[],"product_brand":[],"product_cat":[73,209],"product_tag":[2187,1027,2182,2184,543,1037,2188,2183,365,2185,2186,406,415],"class_list":{"0":"post-33307","1":"product","2":"type-product","3":"status-publish","4":"has-post-thumbnail","6":"product_cat-altin-pirlanta-bileklik","7":"product_cat-deri-orgu-bileklik","8":"product_tag-adjustable-bracelet","9":"product_tag-altin-detayli-bileklik","10":"product_tag-deri-bileklik","11":"product_tag-dogal-bileklik","12":"product_tag-erkek-bileklik","13":"product_tag-gold-detail-bracelet","14":"product_tag-handmade-bracelet","15":"product_tag-inci-bileklik","16":"product_tag-kadin-bileklik","17":"product_tag-leather-bracelet","18":"product_tag-pearl-bracelet","19":"product_tag-turkuaz-tasli-bileklik","20":"product_tag-turquoise-bracelet","21":"pa_cinsiyet-kadin","23":"first","24":"instock","25":"shipping-taxable","26":"purchasable","27":"product-type-simple"},"_links":{"self":[{"href":"https:\/\/www.gasia.com.tr\/en\/wp-json\/wp\/v2\/product\/33307","targetHints":{"allow":["GET"]}}],"collection":[{"href":"https:\/\/www.gasia.com.tr\/en\/wp-json\/wp\/v2\/product"}],"about":[{"href":"https:\/\/www.gasia.com.tr\/en\/wp-json\/wp\/v2\/types\/product"}],"replies":[{"embeddable":true,"href":"https:\/\/www.gasia.com.tr\/en\/wp-json\/wp\/v2\/comments?post=33307"}],"version-history":[{"count":2,"href":"https:\/\/www.gasia.com.tr\/en\/wp-json\/wp\/v2\/product\/33307\/revisions"}],"predecessor-version":[{"id":40277,"href":"https:\/\/www.gasia.com.tr\/en\/wp-json\/wp\/v2\/product\/33307\/revisions\/40277"}],"wp:featuredmedia":[{"embeddable":true,"href":"https:\/\/www.gasia.com.tr\/en\/wp-json\/wp\/v2\/media\/40275"}],"wp:attachment":[{"href":"https:\/\/www.gasia.com.tr\/en\/wp-json\/wp\/v2\/media?parent=33307"}],"wp:term":[{"taxonomy":"product_brand","embeddable":true,"href":"https:\/\/www.gasia.com.tr\/en\/wp-json\/wp\/v2\/product_brand?post=33307"},{"taxonomy":"product_cat","embeddable":true,"href":"https:\/\/www.gasia.com.tr\/en\/wp-json\/wp\/v2\/product_cat?post=33307"},{"taxonomy":"product_tag","embeddable":true,"href":"https:\/\/www.gasia.com.tr\/en\/wp-json\/wp\/v2\/product_tag?post=33307"}],"curies":[{"name":"wp","href":"https:\/\/api.w.org\/{rel}","templated":true}]}}