{"id":33408,"date":"2025-11-27T10:18:06","date_gmt":"2025-11-27T07:18:06","guid":{"rendered":"https:\/\/www.gasia.com.tr\/?post_type=product&#038;p=33408"},"modified":"2026-03-24T00:07:37","modified_gmt":"2026-03-23T21:07:37","slug":"panter-basli-erkek-deri-bileklik","status":"publish","type":"product","link":"https:\/\/www.gasia.com.tr\/en\/collections\/panter-basli-erkek-deri-bileklik\/","title":{"rendered":"Panter Ba\u015fl\u0131 Erkek Deri Bileklik"},"content":{"rendered":"<p>G\u00fcc\u00fcn, cesaretin ve karizman\u0131n simgesi panter fig\u00fcr\u00fcyle tasarlanan bu \u00f6zel bileklik, iddial\u0131 ve sofistike bir stil sunar. Kahverengi hakiki deri \u00fczerine yerle\u015ftirilen detayl\u0131 panter ba\u015f\u0131, g\u00fc\u00e7l\u00fc duru\u015fu ve ince i\u015f\u00e7ili\u011fiyle dikkat \u00e7eker.<\/p>","protected":false},"excerpt":{"rendered":"<p>G\u00fcc\u00fcn, cesaretin ve karizman\u0131n simgesi panter fig\u00fcr\u00fcyle tasarlanan bu \u00f6zel bileklik, iddial\u0131 ve sofistike bir stil sunar. Kahverengi hakiki deri<\/p>","protected":false},"featured_media":40593,"comment_status":"open","ping_status":"closed","template":"","meta":[],"product_brand":[],"product_cat":[253],"product_tag":[2614,551,2603,2613,2267,2610,617,543,2601,540,2600,2599,1861,2618,2620,2597,541,2619,2428,544,2596,2606,2595,2609,556,548,1778,620,2605,2423,1873,2607,546,2621,2208,2594,2426,2598,2427,2604,2615,2611,2602,2608,547,2617,2612,545,2616],"class_list":{"0":"post-33408","1":"product","2":"type-product","3":"status-publish","4":"has-post-thumbnail","6":"product_cat-deri-bileklikler","7":"product_tag-animal-bracelet-men","8":"product_tag-brown-leather-bracelet","9":"product_tag-cool-erkek-bileklik","10":"product_tag-cool-men-bracelet","11":"product_tag-deri-bileklik-erkek","12":"product_tag-designer-men-bracelet","13":"product_tag-erkek-aksesuar","14":"product_tag-erkek-bileklik","15":"product_tag-erkek-bileklik-modelleri","16":"product_tag-erkek-deri-bileklik","17":"product_tag-erkek-hediye-bileklik","18":"product_tag-erkek-stil-bileklik","19":"product_tag-erkek-taki","20":"product_tag-fashion-men-bracelet","21":"product_tag-gift-for-men-bracelet","22":"product_tag-guc-sembollu-bileklik","23":"product_tag-gumus-detayli-bileklik","24":"product_tag-handmade-leather-bracelet","25":"product_tag-hayvan-figurlu-bileklik","26":"product_tag-kahverengi-deri-bileklik","27":"product_tag-karizmatik-bileklik","28":"product_tag-leather-bracelet-men","29":"product_tag-luks-erkek-bileklik","30":"product_tag-luxury-men-bracelet","31":"product_tag-masculine-bracelet","32":"product_tag-maskulen-bileklik","33":"product_tag-men-accessories","34":"product_tag-men-bracelet","35":"product_tag-men-leather-bracelet","36":"product_tag-mens-bracelet","37":"product_tag-mens-jewelry","38":"product_tag-mens-accessories-bracelet","39":"product_tag-modern-erkek-bileklik","40":"product_tag-modern-men-bracelet","41":"product_tag-ozel-tasarim-bileklik","42":"product_tag-panter-basli-bileklik","43":"product_tag-panter-bileklik","44":"product_tag-panter-figurlu-taki","45":"product_tag-panther-bracelet","46":"product_tag-panther-head-bracelet","47":"product_tag-panther-jewelry","48":"product_tag-premium-bracelet-men","49":"product_tag-premium-erkek-bileklik","50":"product_tag-silver-detail-bracelet","51":"product_tag-sik-erkek-bileklik","52":"product_tag-statement-bracelet-men","53":"product_tag-stylish-men-bracelet","54":"product_tag-tasarim-erkek-bileklik","55":"product_tag-wild-animal-bracelet","56":"pa_cinsiyet-erkek","58":"first","59":"instock","60":"shipping-taxable","61":"purchasable","62":"product-type-simple"},"_links":{"self":[{"href":"https:\/\/www.gasia.com.tr\/en\/wp-json\/wp\/v2\/product\/33408","targetHints":{"allow":["GET"]}}],"collection":[{"href":"https:\/\/www.gasia.com.tr\/en\/wp-json\/wp\/v2\/product"}],"about":[{"href":"https:\/\/www.gasia.com.tr\/en\/wp-json\/wp\/v2\/types\/product"}],"replies":[{"embeddable":true,"href":"https:\/\/www.gasia.com.tr\/en\/wp-json\/wp\/v2\/comments?post=33408"}],"version-history":[{"count":2,"href":"https:\/\/www.gasia.com.tr\/en\/wp-json\/wp\/v2\/product\/33408\/revisions"}],"predecessor-version":[{"id":40595,"href":"https:\/\/www.gasia.com.tr\/en\/wp-json\/wp\/v2\/product\/33408\/revisions\/40595"}],"wp:featuredmedia":[{"embeddable":true,"href":"https:\/\/www.gasia.com.tr\/en\/wp-json\/wp\/v2\/media\/40593"}],"wp:attachment":[{"href":"https:\/\/www.gasia.com.tr\/en\/wp-json\/wp\/v2\/media?parent=33408"}],"wp:term":[{"taxonomy":"product_brand","embeddable":true,"href":"https:\/\/www.gasia.com.tr\/en\/wp-json\/wp\/v2\/product_brand?post=33408"},{"taxonomy":"product_cat","embeddable":true,"href":"https:\/\/www.gasia.com.tr\/en\/wp-json\/wp\/v2\/product_cat?post=33408"},{"taxonomy":"product_tag","embeddable":true,"href":"https:\/\/www.gasia.com.tr\/en\/wp-json\/wp\/v2\/product_tag?post=33408"}],"curies":[{"name":"wp","href":"https:\/\/api.w.org\/{rel}","templated":true}]}}