{"id":33450,"date":"2026-03-19T00:00:00","date_gmt":"2026-03-18T21:00:00","guid":{"rendered":"https:\/\/www.gasia.com.tr\/?post_type=product&#038;p=33450"},"modified":"2026-04-02T11:42:23","modified_gmt":"2026-04-02T08:42:23","slug":"siyah-orgu-deri-erkek-bileklik-gumus-detayli-modern-ve-maskulen-tasarim-erkek-bileklik","status":"publish","type":"product","link":"https:\/\/www.gasia.com.tr\/en\/collections\/siyah-orgu-deri-erkek-bileklik-gumus-detayli-modern-ve-maskulen-tasarim-erkek-bileklik\/","title":{"rendered":"Siyah \u00d6rg\u00fc Deri Erkek Bileklik \u2013 G\u00fcm\u00fc\u015f Detayl\u0131, Modern ve Mask\u00fclen Tasar\u0131m Erkek Bileklik"},"content":{"rendered":"<p>\u015e\u0131kl\u0131k ve g\u00fcc\u00fc bir araya getiren bu siyah \u00f6rg\u00fc deri erkek bileklik, zarif g\u00fcm\u00fc\u015f detaylar\u0131yla modern ve mask\u00fclen bir stil sunar. G\u00fcnl\u00fck kullan\u0131mdan \u00f6zel kombinlere kadar her stile uyum sa\u011flayan tasar\u0131m\u0131, g\u00fc\u00e7l\u00fc ve karizmatik bir g\u00f6r\u00fcn\u00fcm kazand\u0131r\u0131r. Kaliteli i\u015f\u00e7ili\u011fi ve dikkat \u00e7ekici detaylar\u0131yla erkek aksesuar koleksiyonunun vazge\u00e7ilmez par\u00e7alar\u0131ndan biridir.<\/p>\n<p>&nbsp;<\/p>\n<p>Zanaatk\u00e2r dokunu\u015fuyla haz\u0131rlanm\u0131\u015f bu \u00f6zel bileklik, \u00f6rg\u00fcl\u00fc siyah deri ve ince i\u015f\u00e7ilikli g\u00fcm\u00fc\u015f ve p\u0131rlanta\u00a0 detaylarla birle\u015ferek g\u00fc\u00e7l\u00fc ve sofistike bir g\u00f6r\u00fcn\u00fcm yarat\u0131r. Tarz\u0131na \u00f6zen g\u00f6sterenler i\u00e7in dikkat \u00e7ekici bir aksesuar.<\/p>","protected":false},"excerpt":{"rendered":"<ul>\n<li>925 Ayar Okside G\u00fcm\u00fc\u015f<\/li>\n<li>0.03 Ct P\u0131rlanta<\/li>\n<li>M\u0131knat\u0131sl\u0131 kilit sistemi<\/li>\n<li>19 cm Uzunluk<\/li>\n<\/ul>","protected":false},"featured_media":40597,"comment_status":"open","ping_status":"closed","template":"","meta":[],"product_brand":[],"product_cat":[253],"product_tag":[2279,2630,2633,2629,2631,2623,2635,2603,2613,2610,617,543,2601,540,2600,2599,1861,2620,541,2625,2628,2606,2595,2609,556,548,1778,620,2605,2423,559,1873,2634,2627,546,2621,2626,2622,2602,2632,2271,2624,547,2612,545],"class_list":{"0":"post-33450","1":"product","2":"type-product","3":"status-publish","4":"has-post-thumbnail","6":"product_cat-deri-bileklikler","7":"product_tag-black-leather-bracelet","8":"product_tag-black-men-bracelet","9":"product_tag-braided-bracelet-men","10":"product_tag-braided-leather-bracelet","11":"product_tag-casual-men-bracelet","12":"product_tag-celik-detayli-bileklik","13":"product_tag-classic-men-bracelet","14":"product_tag-cool-erkek-bileklik","15":"product_tag-cool-men-bracelet","16":"product_tag-designer-men-bracelet","17":"product_tag-erkek-aksesuar","18":"product_tag-erkek-bileklik","19":"product_tag-erkek-bileklik-modelleri","20":"product_tag-erkek-deri-bileklik","21":"product_tag-erkek-hediye-bileklik","22":"product_tag-erkek-stil-bileklik","23":"product_tag-erkek-taki","24":"product_tag-gift-for-men-bracelet","25":"product_tag-gumus-detayli-bileklik","26":"product_tag-gunluk-erkek-bileklik","27":"product_tag-klasik-erkek-bileklik","28":"product_tag-leather-bracelet-men","29":"product_tag-luks-erkek-bileklik","30":"product_tag-luxury-men-bracelet","31":"product_tag-masculine-bracelet","32":"product_tag-maskulen-bileklik","33":"product_tag-men-accessories","34":"product_tag-men-bracelet","35":"product_tag-men-leather-bracelet","36":"product_tag-mens-bracelet","37":"product_tag-mens-fashion-bracelet","38":"product_tag-mens-jewelry","39":"product_tag-minimalist-bracelet-men","40":"product_tag-minimalist-erkek-bileklik","41":"product_tag-modern-erkek-bileklik","42":"product_tag-modern-men-bracelet","43":"product_tag-orgu-bileklik-erkek","44":"product_tag-orgu-deri-bileklik","45":"product_tag-premium-erkek-bileklik","46":"product_tag-premium-men-bracelet","47":"product_tag-siyah-deri-bileklik","48":"product_tag-siyah-erkek-bileklik","49":"product_tag-sik-erkek-bileklik","50":"product_tag-stylish-men-bracelet","51":"product_tag-tasarim-erkek-bileklik","52":"pa_cinsiyet-erkek","54":"first","55":"instock","56":"shipping-taxable","57":"purchasable","58":"product-type-simple"},"_links":{"self":[{"href":"https:\/\/www.gasia.com.tr\/en\/wp-json\/wp\/v2\/product\/33450","targetHints":{"allow":["GET"]}}],"collection":[{"href":"https:\/\/www.gasia.com.tr\/en\/wp-json\/wp\/v2\/product"}],"about":[{"href":"https:\/\/www.gasia.com.tr\/en\/wp-json\/wp\/v2\/types\/product"}],"replies":[{"embeddable":true,"href":"https:\/\/www.gasia.com.tr\/en\/wp-json\/wp\/v2\/comments?post=33450"}],"version-history":[{"count":2,"href":"https:\/\/www.gasia.com.tr\/en\/wp-json\/wp\/v2\/product\/33450\/revisions"}],"predecessor-version":[{"id":40598,"href":"https:\/\/www.gasia.com.tr\/en\/wp-json\/wp\/v2\/product\/33450\/revisions\/40598"}],"wp:featuredmedia":[{"embeddable":true,"href":"https:\/\/www.gasia.com.tr\/en\/wp-json\/wp\/v2\/media\/40597"}],"wp:attachment":[{"href":"https:\/\/www.gasia.com.tr\/en\/wp-json\/wp\/v2\/media?parent=33450"}],"wp:term":[{"taxonomy":"product_brand","embeddable":true,"href":"https:\/\/www.gasia.com.tr\/en\/wp-json\/wp\/v2\/product_brand?post=33450"},{"taxonomy":"product_cat","embeddable":true,"href":"https:\/\/www.gasia.com.tr\/en\/wp-json\/wp\/v2\/product_cat?post=33450"},{"taxonomy":"product_tag","embeddable":true,"href":"https:\/\/www.gasia.com.tr\/en\/wp-json\/wp\/v2\/product_tag?post=33450"}],"curies":[{"name":"wp","href":"https:\/\/api.w.org\/{rel}","templated":true}]}}