{"id":33461,"date":"2025-11-26T22:11:32","date_gmt":"2025-11-26T19:11:32","guid":{"rendered":"https:\/\/www.gasia.com.tr\/?post_type=product&#038;p=33461"},"modified":"2026-04-27T21:34:31","modified_gmt":"2026-04-27T18:34:31","slug":"siyah-rodajli-siyah-pirlantali-altin-bileklik","status":"publish","type":"product","link":"https:\/\/www.gasia.com.tr\/en\/collections\/siyah-rodajli-siyah-pirlantali-altin-bileklik\/","title":{"rendered":"Siyah Rodajl\u0131 Siyah P\u0131rlantal\u0131 Alt\u0131n Bileklik"},"content":{"rendered":"<p>G\u00fc\u00e7l\u00fc ve sofistike tasar\u0131m\u0131yla \u00f6ne \u00e7\u0131kan bu \u00f6zel bileklik, siyah rodaj kaplama ile derinlik kazanm\u0131\u015f alt\u0131n detaylar\u0131 ve siyah p\u0131rlantalar\u0131n etkileyici \u0131\u015f\u0131lt\u0131s\u0131n\u0131 bir araya getirir. Modern geometrik formu, koyu tonlar\u0131n asaletiyle birle\u015ferek dikkat \u00e7ekici ve karakterli bir stil sunar. Ayarlanabilir ip yap\u0131s\u0131 sayesinde konforlu kullan\u0131m sa\u011flarken, hem g\u00fcnl\u00fck hem de \u00f6zel kombinlerde fark yaratan \u015f\u0131k bir tamamlay\u0131c\u0131d\u0131r.<\/p>","protected":false},"excerpt":{"rendered":"<p>G\u00fc\u00e7l\u00fc ve sofistike tasar\u0131m\u0131yla \u00f6ne \u00e7\u0131kan bu \u00f6zel bileklik, siyah rodaj kaplama ile derinlik kazanm\u0131\u015f alt\u0131n detaylar\u0131 ve siyah p\u0131rlantalar\u0131n<\/p>","protected":false},"featured_media":43016,"comment_status":"open","ping_status":"closed","template":"","meta":[],"product_brand":[2718],"product_cat":[73,209],"product_tag":[504,2239,3819,2589,543,794,1025,367,510,620,363,622,3820,3818,2236,2424],"class_list":{"0":"post-33461","1":"product","2":"type-product","3":"status-publish","4":"has-post-thumbnail","6":"product_brand-gasia-casuals","7":"product_cat-altin-pirlanta-bileklik","8":"product_cat-deri-orgu-bileklik","9":"product_tag-altin-bileklik","10":"product_tag-black-diamond-bracelet","11":"product_tag-black-rhodium-bracelet","12":"product_tag-cord-bracelet","13":"product_tag-erkek-bileklik","14":"product_tag-gold-bracelet","15":"product_tag-ip-bileklik","16":"product_tag-luks-bileklik","17":"product_tag-luxury-bracelet","18":"product_tag-men-bracelet","19":"product_tag-modern-bileklik","20":"product_tag-modern-bracelet","21":"product_tag-siyah-pirlantali-bileklik","22":"product_tag-siyah-rodajli-bileklik","23":"product_tag-unisex-bileklik","24":"product_tag-unisex-bracelet","25":"pa_cinsiyet-kadin","27":"first","28":"instock","29":"shipping-taxable","30":"purchasable","31":"product-type-simple"},"_links":{"self":[{"href":"https:\/\/www.gasia.com.tr\/en\/wp-json\/wp\/v2\/product\/33461","targetHints":{"allow":["GET"]}}],"collection":[{"href":"https:\/\/www.gasia.com.tr\/en\/wp-json\/wp\/v2\/product"}],"about":[{"href":"https:\/\/www.gasia.com.tr\/en\/wp-json\/wp\/v2\/types\/product"}],"replies":[{"embeddable":true,"href":"https:\/\/www.gasia.com.tr\/en\/wp-json\/wp\/v2\/comments?post=33461"}],"version-history":[{"count":3,"href":"https:\/\/www.gasia.com.tr\/en\/wp-json\/wp\/v2\/product\/33461\/revisions"}],"predecessor-version":[{"id":43017,"href":"https:\/\/www.gasia.com.tr\/en\/wp-json\/wp\/v2\/product\/33461\/revisions\/43017"}],"wp:featuredmedia":[{"embeddable":true,"href":"https:\/\/www.gasia.com.tr\/en\/wp-json\/wp\/v2\/media\/43016"}],"wp:attachment":[{"href":"https:\/\/www.gasia.com.tr\/en\/wp-json\/wp\/v2\/media?parent=33461"}],"wp:term":[{"taxonomy":"product_brand","embeddable":true,"href":"https:\/\/www.gasia.com.tr\/en\/wp-json\/wp\/v2\/product_brand?post=33461"},{"taxonomy":"product_cat","embeddable":true,"href":"https:\/\/www.gasia.com.tr\/en\/wp-json\/wp\/v2\/product_cat?post=33461"},{"taxonomy":"product_tag","embeddable":true,"href":"https:\/\/www.gasia.com.tr\/en\/wp-json\/wp\/v2\/product_tag?post=33461"}],"curies":[{"name":"wp","href":"https:\/\/api.w.org\/{rel}","templated":true}]}}