{"id":33561,"date":"2026-01-21T00:00:00","date_gmt":"2026-01-20T21:00:00","guid":{"rendered":"https:\/\/www.gasia.com.tr\/?post_type=product&#038;p=33561"},"modified":"2026-04-27T14:23:54","modified_gmt":"2026-04-27T11:23:54","slug":"inci-ve-zumrut-detayli-altin-yildiz-kolye","status":"publish","type":"product","link":"https:\/\/www.gasia.com.tr\/en\/collections\/inci-ve-zumrut-detayli-altin-yildiz-kolye\/","title":{"rendered":"\u0130nci ve Z\u00fcmr\u00fct Detayl\u0131 Alt\u0131n Y\u0131ld\u0131z Kolye"},"content":{"rendered":"<p>G\u00f6z al\u0131c\u0131 y\u0131ld\u0131z formuyla tasarlanan bu kolye, merkezde yer alan z\u00fcmr\u00fct ta\u015f\u0131yla g\u00fc\u00e7l\u00fc ve zarif bir g\u00f6r\u00fcn\u00fcm sunar. Y\u0131ld\u0131z\u0131n u\u00e7lar\u0131nda konumlanan inciler, tasar\u0131ma klasik bir dokunu\u015f katarken p\u0131rlanta detaylar \u0131\u015f\u0131lt\u0131y\u0131 tamamlar. Alt\u0131n tonlu ince i\u015f\u00e7ilik, kolyeye zengin ve estetik bir karakter kazand\u0131r\u0131r. Dengeli ve dikkat \u00e7ekici yap\u0131s\u0131yla hem g\u00fcnl\u00fck kullan\u0131mda hem de \u00f6zel anlarda stilinizi \u00f6n plana \u00e7\u0131karan \u00f6zel bir aksesuard\u0131r.<\/p>","protected":false},"excerpt":{"rendered":"<ul>\n<li>14 Ayar Alt\u0131n<\/li>\n<li>0.09 ct P\u0131rlanta<\/li>\n<li>0.46 ct Brezilya Z\u00fcmr\u00fct<\/li>\n<li>Do\u011fal \u0130nci<\/li>\n<\/ul>\n<p>&nbsp;<\/p>","protected":false},"featured_media":42961,"comment_status":"open","ping_status":"closed","template":"","meta":[],"product_brand":[2718],"product_cat":[247,75,208],"product_tag":[278,633,294,1408,811,1641,322,3790,2102,473,2105,276,2936,274,329,1632,2934,1401],"class_list":{"0":"post-33561","1":"product","2":"type-product","3":"status-publish","4":"has-post-thumbnail","6":"product_brand-gasia-casuals","7":"product_cat-hediyelik","8":"product_cat-kolye","9":"product_cat-yildiz-mucevher-modelleri","10":"product_tag-altin-kolye","11":"product_tag-designer-necklace","12":"product_tag-diamond-necklace","13":"product_tag-emerald-necklace","14":"product_tag-gemstone-necklace","15":"product_tag-gift-necklace","16":"product_tag-gold-necklace","17":"product_tag-hediyelik-kolye","18":"product_tag-inci-kolye","19":"product_tag-kadin-kolye","20":"product_tag-pearl-necklace","21":"product_tag-pirlanta-kolye","22":"product_tag-star-necklace","23":"product_tag-tasarim-kolye","24":"product_tag-tasli-kolye","25":"product_tag-women-necklace","26":"product_tag-yildiz-kolye","27":"product_tag-zumrut-kolye","28":"pa_cinsiyet-kadin","30":"first","31":"instock","32":"sale","33":"shipping-taxable","34":"purchasable","35":"product-type-simple"},"_links":{"self":[{"href":"https:\/\/www.gasia.com.tr\/en\/wp-json\/wp\/v2\/product\/33561","targetHints":{"allow":["GET"]}}],"collection":[{"href":"https:\/\/www.gasia.com.tr\/en\/wp-json\/wp\/v2\/product"}],"about":[{"href":"https:\/\/www.gasia.com.tr\/en\/wp-json\/wp\/v2\/types\/product"}],"replies":[{"embeddable":true,"href":"https:\/\/www.gasia.com.tr\/en\/wp-json\/wp\/v2\/comments?post=33561"}],"version-history":[{"count":4,"href":"https:\/\/www.gasia.com.tr\/en\/wp-json\/wp\/v2\/product\/33561\/revisions"}],"predecessor-version":[{"id":42962,"href":"https:\/\/www.gasia.com.tr\/en\/wp-json\/wp\/v2\/product\/33561\/revisions\/42962"}],"wp:featuredmedia":[{"embeddable":true,"href":"https:\/\/www.gasia.com.tr\/en\/wp-json\/wp\/v2\/media\/42961"}],"wp:attachment":[{"href":"https:\/\/www.gasia.com.tr\/en\/wp-json\/wp\/v2\/media?parent=33561"}],"wp:term":[{"taxonomy":"product_brand","embeddable":true,"href":"https:\/\/www.gasia.com.tr\/en\/wp-json\/wp\/v2\/product_brand?post=33561"},{"taxonomy":"product_cat","embeddable":true,"href":"https:\/\/www.gasia.com.tr\/en\/wp-json\/wp\/v2\/product_cat?post=33561"},{"taxonomy":"product_tag","embeddable":true,"href":"https:\/\/www.gasia.com.tr\/en\/wp-json\/wp\/v2\/product_tag?post=33561"}],"curies":[{"name":"wp","href":"https:\/\/api.w.org\/{rel}","templated":true}]}}