{"id":34446,"date":"2026-03-07T00:00:00","date_gmt":"2026-03-06T21:00:00","guid":{"rendered":"https:\/\/www.gasia.com.tr\/?post_type=product&#038;p=34446"},"modified":"2026-04-02T12:37:57","modified_gmt":"2026-04-02T09:37:57","slug":"turkbuku-yuvarlak-siyah-deri-pirlanta-detayli-erkek-bileklik","status":"publish","type":"product","link":"https:\/\/www.gasia.com.tr\/en\/collections\/turkbuku-yuvarlak-siyah-deri-pirlanta-detayli-erkek-bileklik\/","title":{"rendered":"T\u00fcrkb\u00fck\u00fc Yuvarlak Siyah Deri P\u0131rlanta Detayl\u0131 Erkek Bileklik"},"content":{"rendered":"<p data-start=\"112\" data-end=\"313\">Sade ve g\u00fc\u00e7l\u00fc tasar\u0131m\u0131yla \u00f6ne \u00e7\u0131kan bu bileklik, siyah deri\u00a0 \u00fczerine yerle\u015ftirilmi\u015f p\u0131rlanta detaylarla tamamlan\u0131r. Orta b\u00f6l\u00fcmde yer alan ta\u015f dizilimi, tasar\u0131ma net bir vurgu kazand\u0131r\u0131r.<\/p>\n<p data-start=\"315\" data-end=\"536\">Mat deri y\u00fczey ile i\u015f\u00e7ilikli g\u00fcm\u00fc\u015f detaylar\u0131n birle\u015fimi, bilekli\u011fe karakterli bir g\u00f6r\u00fcn\u00fcm verir. G\u00fcnl\u00fck kullan\u0131mda rahatl\u0131k sunarken, stiline sade ama dikkat \u00e7eken bir dokunu\u015f eklemek isteyenler i\u00e7in ideal bir par\u00e7ad\u0131r.<\/p>","protected":false},"excerpt":{"rendered":"<ul>\n<li>925 Ayar Okside G\u00fcm\u00fc\u015f<\/li>\n<li>0.23 ct Elmas<\/li>\n<li>5.5 mm deri \u00e7ap<\/li>\n<\/ul>","protected":false},"featured_media":41262,"comment_status":"open","ping_status":"closed","template":"","meta":[],"product_brand":[2718,2957],"product_cat":[253],"product_tag":[504,2279,2182,617,543,2961,2185,2960,620,426,363,358,2271,366,505],"class_list":{"0":"post-34446","1":"product","2":"type-product","3":"status-publish","4":"has-post-thumbnail","6":"product_brand-gasia-casuals","7":"product_brand-gasia-for-man","8":"product_cat-deri-bileklikler","9":"product_tag-altin-bileklik","10":"product_tag-black-leather-bracelet","11":"product_tag-deri-bileklik","12":"product_tag-erkek-aksesuar","13":"product_tag-erkek-bileklik","14":"product_tag-gold-diamond-bracelet","15":"product_tag-leather-bracelet","16":"product_tag-masculine-jewelry","17":"product_tag-men-bracelet","18":"product_tag-minimalist-bracelet","19":"product_tag-modern-bileklik","20":"product_tag-pirlanta-bileklik","21":"product_tag-siyah-deri-bileklik","22":"product_tag-sik-bileklik","23":"product_tag-tasli-bileklik","24":"pa_cinsiyet-erkek","26":"first","27":"instock","28":"shipping-taxable","29":"purchasable","30":"product-type-simple"},"_links":{"self":[{"href":"https:\/\/www.gasia.com.tr\/en\/wp-json\/wp\/v2\/product\/34446","targetHints":{"allow":["GET"]}}],"collection":[{"href":"https:\/\/www.gasia.com.tr\/en\/wp-json\/wp\/v2\/product"}],"about":[{"href":"https:\/\/www.gasia.com.tr\/en\/wp-json\/wp\/v2\/types\/product"}],"replies":[{"embeddable":true,"href":"https:\/\/www.gasia.com.tr\/en\/wp-json\/wp\/v2\/comments?post=34446"}],"version-history":[{"count":2,"href":"https:\/\/www.gasia.com.tr\/en\/wp-json\/wp\/v2\/product\/34446\/revisions"}],"predecessor-version":[{"id":41263,"href":"https:\/\/www.gasia.com.tr\/en\/wp-json\/wp\/v2\/product\/34446\/revisions\/41263"}],"wp:featuredmedia":[{"embeddable":true,"href":"https:\/\/www.gasia.com.tr\/en\/wp-json\/wp\/v2\/media\/41262"}],"wp:attachment":[{"href":"https:\/\/www.gasia.com.tr\/en\/wp-json\/wp\/v2\/media?parent=34446"}],"wp:term":[{"taxonomy":"product_brand","embeddable":true,"href":"https:\/\/www.gasia.com.tr\/en\/wp-json\/wp\/v2\/product_brand?post=34446"},{"taxonomy":"product_cat","embeddable":true,"href":"https:\/\/www.gasia.com.tr\/en\/wp-json\/wp\/v2\/product_cat?post=34446"},{"taxonomy":"product_tag","embeddable":true,"href":"https:\/\/www.gasia.com.tr\/en\/wp-json\/wp\/v2\/product_tag?post=34446"}],"curies":[{"name":"wp","href":"https:\/\/api.w.org\/{rel}","templated":true}]}}