{"id":34511,"date":"2026-03-19T15:08:42","date_gmt":"2026-03-19T12:08:42","guid":{"rendered":"https:\/\/www.gasia.com.tr\/?post_type=product&#038;p=34511"},"modified":"2026-04-02T11:58:06","modified_gmt":"2026-04-02T08:58:06","slug":"mavi-orgu-deri-ve-nazar-detayli-gumus-erkek-bileklik","status":"publish","type":"product","link":"https:\/\/www.gasia.com.tr\/en\/collections\/mavi-orgu-deri-ve-nazar-detayli-gumus-erkek-bileklik\/","title":{"rendered":"Mavi \u00d6rg\u00fc Deri ve Nazar Detayl\u0131 G\u00fcm\u00fc\u015f Erkek Bileklik"},"content":{"rendered":"<p data-start=\"113\" data-end=\"310\">Mavi \u00f6rg\u00fc deri ve nazar detayl\u0131 g\u00fcm\u00fc\u015f y\u00fczeyiyle dikkat \u00e7eken bu bileklik, g\u00fc\u00e7l\u00fc ve net bir stil sunar. Canl\u0131 mavi ton, ortadaki nazar motifiyle birle\u015ferek tasar\u0131ma enerjik bir g\u00f6r\u00fcn\u00fcm kazand\u0131r\u0131r.<\/p>\n<p data-start=\"312\" data-end=\"499\">Dokulu metal y\u00fczey ve \u00f6rg\u00fc deri yap\u0131s\u0131, bilekli\u011fe karakterli bir ifade verir. G\u00fcnl\u00fck kullan\u0131mda konfor sa\u011flarken, kombinlere farkl\u0131 bir vurgu eklemek isteyenler i\u00e7in ideal bir par\u00e7ad\u0131r.<\/p>","protected":false},"excerpt":{"rendered":"<ul>\n<li>925 Ayar G\u00fcm\u00fc\u015f<\/li>\n<li>0.05 ct P\u0131rlanta<\/li>\n<li>0.24 ct Avustralya Safir<\/li>\n<li>9 mm deri geni\u015flik<\/li>\n<li>Denim blue-Siyah deri renk se\u00e7enekleri<\/li>\n<\/ul>","protected":false},"featured_media":41251,"comment_status":"open","ping_status":"closed","template":"","meta":[],"product_brand":[2957],"product_cat":[253],"product_tag":[2959,2629,2182,617,543,417,541,2185,2207,2958,620,363,407,412,2622,2608],"class_list":{"0":"post-34511","1":"product","2":"type-product","3":"status-publish","4":"has-post-thumbnail","6":"product_brand-gasia-for-man","7":"product_cat-deri-bileklikler","8":"product_tag-blue-leather-bracelet","9":"product_tag-braided-leather-bracelet","10":"product_tag-deri-bileklik","11":"product_tag-erkek-aksesuar","12":"product_tag-erkek-bileklik","13":"product_tag-evil-eye-bracelet","14":"product_tag-gumus-detayli-bileklik","15":"product_tag-leather-bracelet","16":"product_tag-maskulen-taki","17":"product_tag-mavi-deri-bileklik","18":"product_tag-men-bracelet","19":"product_tag-modern-bileklik","20":"product_tag-nazar-bileklik","21":"product_tag-nazar-boncuklu-bileklik","22":"product_tag-orgu-deri-bileklik","23":"product_tag-silver-detail-bracelet","24":"pa_cinsiyet-erkek","26":"first","27":"instock","28":"shipping-taxable","29":"purchasable","30":"product-type-simple"},"_links":{"self":[{"href":"https:\/\/www.gasia.com.tr\/en\/wp-json\/wp\/v2\/product\/34511","targetHints":{"allow":["GET"]}}],"collection":[{"href":"https:\/\/www.gasia.com.tr\/en\/wp-json\/wp\/v2\/product"}],"about":[{"href":"https:\/\/www.gasia.com.tr\/en\/wp-json\/wp\/v2\/types\/product"}],"replies":[{"embeddable":true,"href":"https:\/\/www.gasia.com.tr\/en\/wp-json\/wp\/v2\/comments?post=34511"}],"version-history":[{"count":2,"href":"https:\/\/www.gasia.com.tr\/en\/wp-json\/wp\/v2\/product\/34511\/revisions"}],"predecessor-version":[{"id":41252,"href":"https:\/\/www.gasia.com.tr\/en\/wp-json\/wp\/v2\/product\/34511\/revisions\/41252"}],"wp:featuredmedia":[{"embeddable":true,"href":"https:\/\/www.gasia.com.tr\/en\/wp-json\/wp\/v2\/media\/41251"}],"wp:attachment":[{"href":"https:\/\/www.gasia.com.tr\/en\/wp-json\/wp\/v2\/media?parent=34511"}],"wp:term":[{"taxonomy":"product_brand","embeddable":true,"href":"https:\/\/www.gasia.com.tr\/en\/wp-json\/wp\/v2\/product_brand?post=34511"},{"taxonomy":"product_cat","embeddable":true,"href":"https:\/\/www.gasia.com.tr\/en\/wp-json\/wp\/v2\/product_cat?post=34511"},{"taxonomy":"product_tag","embeddable":true,"href":"https:\/\/www.gasia.com.tr\/en\/wp-json\/wp\/v2\/product_tag?post=34511"}],"curies":[{"name":"wp","href":"https:\/\/api.w.org\/{rel}","templated":true}]}}