{"id":34580,"date":"2025-12-03T18:02:10","date_gmt":"2025-12-03T15:02:10","guid":{"rendered":"https:\/\/www.gasia.com.tr\/?post_type=product&#038;p=34580"},"modified":"2026-03-26T22:10:11","modified_gmt":"2026-03-26T19:10:11","slug":"deri-erkek-bileklik-gumus-kurukafa-detayli-cok-sirali-tasarim-bileklik","status":"publish","type":"product","link":"https:\/\/www.gasia.com.tr\/en\/collections\/deri-erkek-bileklik-gumus-kurukafa-detayli-cok-sirali-tasarim-bileklik\/","title":{"rendered":"Deri Erkek Bileklik \u2013 G\u00fcm\u00fc\u015f Kurukafa Detayl\u0131 \u00c7ok S\u0131ral\u0131 Tasar\u0131m Bileklik"},"content":{"rendered":"<ul>\n<li>925 ayar okside g\u00fcm\u00fc\u015f<\/li>\n<li>21 mm geni\u015flik<\/li>\n<li>4.5 mm deri \u00e7ap<\/li>\n<\/ul>\n<p data-start=\"625\" data-end=\"891\">Modern ve mask\u00fclen tasar\u0131m\u0131yla \u00f6ne \u00e7\u0131kan bu erkek bileklik, \u00e7ok s\u0131ral\u0131 kahverengi deri \u015feritleri ve g\u00fcm\u00fc\u015f kurukafa detayl\u0131 par\u00e7alar\u0131yla g\u00fc\u00e7l\u00fc bir stil sunar. Derinin do\u011fal dokusu ile g\u00fcm\u00fc\u015f\u00fcn\u00a0parlak y\u00fczeyi aras\u0131ndaki kontrast tasar\u0131ma sofistike bir g\u00f6r\u00fcn\u00fcm kazand\u0131r\u0131r.<\/p>\n<p data-start=\"893\" data-end=\"1096\">G\u00fcnl\u00fck kullan\u0131m i\u00e7in hem rahat hem de dayan\u0131kl\u0131 olan bu bileklik, casual ve modern kombinlerle m\u00fckemmel uyum sa\u011flar. Karakterli ve dikkat \u00e7ekici aksesuarlar\u0131 tercih eden erkekler i\u00e7in ideal bir se\u00e7imdir.<\/p>","protected":false},"excerpt":{"rendered":"<p>925 ayar okside g\u00fcm\u00fc\u015f 21 mm geni\u015flik 4.5 mm deri \u00e7ap Modern ve mask\u00fclen tasar\u0131m\u0131yla \u00f6ne \u00e7\u0131kan bu erkek bileklik,<\/p>","protected":false},"featured_media":39040,"comment_status":"open","ping_status":"closed","template":"","meta":[],"product_brand":[],"product_cat":[253],"product_tag":[230,551,542,543,540,95,541,231,544,557,556,548,553,559,550,546,555,552,554,547,549,558,232,545],"class_list":{"0":"post-34580","1":"product","2":"type-product","3":"status-publish","4":"has-post-thumbnail","6":"product_cat-deri-bileklikler","7":"product_tag-bileklik","8":"product_tag-brown-leather-bracelet","9":"product_tag-cok-sirali-deri-bileklik","10":"product_tag-erkek-bileklik","11":"product_tag-erkek-deri-bileklik","12":"product_tag-for-man","13":"product_tag-gumus-detayli-bileklik","14":"product_tag-hediye","15":"product_tag-kahverengi-deri-bileklik","16":"product_tag-leather-jewelry-for-men","17":"product_tag-masculine-bracelet","18":"product_tag-maskulen-bileklik","19":"product_tag-mens-designer-bracelet","20":"product_tag-mens-fashion-bracelet","21":"product_tag-mens-leather-bracelet","22":"product_tag-modern-erkek-bileklik","23":"product_tag-modern-mens-bracelet","24":"product_tag-multi-strand-bracelet","25":"product_tag-silver-accent-bracelet","26":"product_tag-sik-erkek-bileklik","27":"product_tag-stil-sahibi-bileklik","28":"product_tag-stylish-mens-bracelet","29":"product_tag-tasarim","30":"product_tag-tasarim-erkek-bileklik","31":"pa_cinsiyet-erkek","33":"first","34":"instock","35":"shipping-taxable","36":"purchasable","37":"product-type-simple"},"_links":{"self":[{"href":"https:\/\/www.gasia.com.tr\/en\/wp-json\/wp\/v2\/product\/34580","targetHints":{"allow":["GET"]}}],"collection":[{"href":"https:\/\/www.gasia.com.tr\/en\/wp-json\/wp\/v2\/product"}],"about":[{"href":"https:\/\/www.gasia.com.tr\/en\/wp-json\/wp\/v2\/types\/product"}],"replies":[{"embeddable":true,"href":"https:\/\/www.gasia.com.tr\/en\/wp-json\/wp\/v2\/comments?post=34580"}],"version-history":[{"count":3,"href":"https:\/\/www.gasia.com.tr\/en\/wp-json\/wp\/v2\/product\/34580\/revisions"}],"predecessor-version":[{"id":40937,"href":"https:\/\/www.gasia.com.tr\/en\/wp-json\/wp\/v2\/product\/34580\/revisions\/40937"}],"wp:featuredmedia":[{"embeddable":true,"href":"https:\/\/www.gasia.com.tr\/en\/wp-json\/wp\/v2\/media\/39040"}],"wp:attachment":[{"href":"https:\/\/www.gasia.com.tr\/en\/wp-json\/wp\/v2\/media?parent=34580"}],"wp:term":[{"taxonomy":"product_brand","embeddable":true,"href":"https:\/\/www.gasia.com.tr\/en\/wp-json\/wp\/v2\/product_brand?post=34580"},{"taxonomy":"product_cat","embeddable":true,"href":"https:\/\/www.gasia.com.tr\/en\/wp-json\/wp\/v2\/product_cat?post=34580"},{"taxonomy":"product_tag","embeddable":true,"href":"https:\/\/www.gasia.com.tr\/en\/wp-json\/wp\/v2\/product_tag?post=34580"}],"curies":[{"name":"wp","href":"https:\/\/api.w.org\/{rel}","templated":true}]}}