{"id":34583,"date":"2026-03-02T00:00:00","date_gmt":"2026-03-01T21:00:00","guid":{"rendered":"https:\/\/www.gasia.com.tr\/?post_type=product&#038;p=34583"},"modified":"2026-04-02T13:49:00","modified_gmt":"2026-04-02T10:49:00","slug":"siyah-deri-ve-altin-detayli-fleur-de-lis-kilit-bileklik","status":"publish","type":"product","link":"https:\/\/www.gasia.com.tr\/en\/collections\/siyah-deri-ve-altin-detayli-fleur-de-lis-kilit-bileklik\/","title":{"rendered":"Siyah Deri ve Alt\u0131n Detayl\u0131 Fleur de Lis Kilit Bileklik"},"content":{"rendered":"<p data-start=\"108\" data-end=\"300\">Siyah deri g\u00f6vde ve dikkat \u00e7eken kilit tasar\u0131m\u0131yla \u00f6ne \u00e7\u0131kan bu bileklik, g\u00fc\u00e7l\u00fc ve net bir g\u00f6r\u00fcn\u00fcm sunar. Okside g\u00fcm\u00fc\u015f y\u00fczey \u00fczerindeki detaylar ve alt\u0131n vurgu, tasar\u0131ma karakter kazand\u0131r\u0131r.<\/p>\n<p data-start=\"302\" data-end=\"479\">Kilit k\u0131sm\u0131ndaki Fleur de lis\u00a0 form bilekli\u011fe farkl\u0131 bir hava katarken kullan\u0131m kolayl\u0131\u011f\u0131 da sa\u011flar. G\u00fcnl\u00fck kombinlerle rahat\u00e7a uyum sa\u011flar ve sade stilleri tamamlayan bir par\u00e7a olur.<\/p>","protected":false},"excerpt":{"rendered":"<ul>\n<li>14 ayar alt\u0131n<\/li>\n<li>925 ayar okside g\u00fcm\u00fc\u015f<\/li>\n<li>5.5 mm deri \u00e7ap<\/li>\n<\/ul>","protected":false},"featured_media":41268,"comment_status":"open","ping_status":"closed","template":"","meta":[],"product_brand":[2718,2957],"product_cat":[253,168,249],"product_tag":[1027,230,2279,2964,2965,2962,617,543,95,1037,231,2963,2185,620,1873,363,2271,232],"class_list":{"0":"post-34583","1":"product","2":"type-product","3":"status-publish","4":"has-post-thumbnail","6":"product_brand-gasia-casuals","7":"product_brand-gasia-for-man","8":"product_cat-deri-bileklikler","9":"product_cat-for-men","10":"product_cat-fleur-de-lis-koleksiyonu","11":"product_tag-altin-detayli-bileklik","12":"product_tag-bileklik","13":"product_tag-black-leather-bracelet","14":"product_tag-casual-bileklik","15":"product_tag-clasp-bracelet","16":"product_tag-deri-erkek-bileklik","17":"product_tag-erkek-aksesuar","18":"product_tag-erkek-bileklik","19":"product_tag-for-man","20":"product_tag-gold-detail-bracelet","21":"product_tag-hediye","22":"product_tag-kilitli-bileklik","23":"product_tag-leather-bracelet","24":"product_tag-men-bracelet","25":"product_tag-mens-jewelry","26":"product_tag-modern-bileklik","27":"product_tag-siyah-deri-bileklik","28":"product_tag-tasarim","29":"pa_cinsiyet-erkek","31":"first","32":"instock","33":"shipping-taxable","34":"purchasable","35":"product-type-simple"},"_links":{"self":[{"href":"https:\/\/www.gasia.com.tr\/en\/wp-json\/wp\/v2\/product\/34583","targetHints":{"allow":["GET"]}}],"collection":[{"href":"https:\/\/www.gasia.com.tr\/en\/wp-json\/wp\/v2\/product"}],"about":[{"href":"https:\/\/www.gasia.com.tr\/en\/wp-json\/wp\/v2\/types\/product"}],"replies":[{"embeddable":true,"href":"https:\/\/www.gasia.com.tr\/en\/wp-json\/wp\/v2\/comments?post=34583"}],"version-history":[{"count":2,"href":"https:\/\/www.gasia.com.tr\/en\/wp-json\/wp\/v2\/product\/34583\/revisions"}],"predecessor-version":[{"id":41267,"href":"https:\/\/www.gasia.com.tr\/en\/wp-json\/wp\/v2\/product\/34583\/revisions\/41267"}],"wp:featuredmedia":[{"embeddable":true,"href":"https:\/\/www.gasia.com.tr\/en\/wp-json\/wp\/v2\/media\/41268"}],"wp:attachment":[{"href":"https:\/\/www.gasia.com.tr\/en\/wp-json\/wp\/v2\/media?parent=34583"}],"wp:term":[{"taxonomy":"product_brand","embeddable":true,"href":"https:\/\/www.gasia.com.tr\/en\/wp-json\/wp\/v2\/product_brand?post=34583"},{"taxonomy":"product_cat","embeddable":true,"href":"https:\/\/www.gasia.com.tr\/en\/wp-json\/wp\/v2\/product_cat?post=34583"},{"taxonomy":"product_tag","embeddable":true,"href":"https:\/\/www.gasia.com.tr\/en\/wp-json\/wp\/v2\/product_tag?post=34583"}],"curies":[{"name":"wp","href":"https:\/\/api.w.org\/{rel}","templated":true}]}}