{"id":34589,"date":"2025-12-03T21:27:04","date_gmt":"2025-12-03T18:27:04","guid":{"rendered":"https:\/\/www.gasia.com.tr\/?post_type=product&#038;p=34589"},"modified":"2026-03-09T11:49:28","modified_gmt":"2026-03-09T08:49:28","slug":"baget-pirlanta-ve-zumrut-tasli-yuzuk","status":"publish","type":"product","link":"https:\/\/www.gasia.com.tr\/en\/collections\/baget-pirlanta-ve-zumrut-tasli-yuzuk\/","title":{"rendered":"Baget P\u0131rlanta ve Z\u00fcmr\u00fct Ta\u015fl\u0131  Y\u00fcz\u00fck"},"content":{"rendered":"<ul>\n<li>1.08 ct 2 adet Trapez kesim P\u0131rlanta<\/li>\n<li>0.51 ct 56 Adet Yuvarlak kesim P\u0131rlanta<\/li>\n<li>4.65 ct Z\u00fcmr\u00fct<\/li>\n<\/ul>\n<p>&nbsp;<\/p>\n<p>Merkezinde yer alan etkileyici dikd\u00f6rtgen kesim z\u00fcmr\u00fct ta\u015f\u0131yla dikkat \u00e7eken bu y\u00fcz\u00fck, etraf\u0131n\u0131 saran p\u0131rlanta halo tasar\u0131m\u0131yla zarif bir \u0131\u015f\u0131lt\u0131 sunar. Yan k\u0131s\u0131mlarda bulunan baget kesim p\u0131rlantalar, y\u00fcz\u00fc\u011fe modern ve sofistike bir g\u00f6r\u00fcn\u00fcm kazand\u0131r\u0131r. Z\u00fcmr\u00fct\u00fcn canl\u0131 ye\u015fil tonu, p\u0131rlantalar\u0131n parlakl\u0131\u011f\u0131yla birle\u015ferek g\u00fc\u00e7l\u00fc ve g\u00f6z al\u0131c\u0131 bir stil olu\u015fturur. Alt\u0131n g\u00f6vdesiyle klasik ve zamans\u0131z bir tasar\u0131m sunan bu z\u00fcmr\u00fct p\u0131rlanta y\u00fcz\u00fck, \u00f6zel g\u00fcnlerde ve \u015f\u0131k kombinlerde stilinizi tamamlayan l\u00fcks bir m\u00fccevherdir.<\/p>","protected":false},"excerpt":{"rendered":"<p>1.08 ct 2 adet Trapez kesim P\u0131rlanta 0.51 ct 56 Adet Yuvarlak kesim P\u0131rlanta 4.65 ct Z\u00fcmr\u00fct &nbsp; Merkezinde yer<\/p>","protected":false},"featured_media":39055,"comment_status":"open","ping_status":"closed","template":"","meta":[],"product_brand":[77],"product_cat":[76],"product_tag":[534,569,516,535,570,571,537,572,532,530],"class_list":{"0":"post-34589","1":"product","2":"type-product","3":"status-publish","4":"has-post-thumbnail","6":"product_brand-gasia","7":"product_cat-yuzuk-modelleri","8":"product_tag-altin-zumrut-yuzuk","9":"product_tag-baget-pirlanta-zumrut-yuzuk","10":"product_tag-baget-tasli-yuzuk","11":"product_tag-degerli-tas-yuzuk","12":"product_tag-dikdortgen-zumrut-yuzuk","13":"product_tag-halo-zumrut-yuzuk","14":"product_tag-kadin-zumrut-yuzuk","15":"product_tag-luks-tasli-yuzuk","16":"product_tag-zumrut-pirlanta-yuzuk","17":"product_tag-zumrut-yuzuk","18":"pa_cinsiyet-kadin","20":"first","21":"instock","22":"shipping-taxable","23":"product-type-simple"},"_links":{"self":[{"href":"https:\/\/www.gasia.com.tr\/en\/wp-json\/wp\/v2\/product\/34589","targetHints":{"allow":["GET"]}}],"collection":[{"href":"https:\/\/www.gasia.com.tr\/en\/wp-json\/wp\/v2\/product"}],"about":[{"href":"https:\/\/www.gasia.com.tr\/en\/wp-json\/wp\/v2\/types\/product"}],"replies":[{"embeddable":true,"href":"https:\/\/www.gasia.com.tr\/en\/wp-json\/wp\/v2\/comments?post=34589"}],"version-history":[{"count":2,"href":"https:\/\/www.gasia.com.tr\/en\/wp-json\/wp\/v2\/product\/34589\/revisions"}],"predecessor-version":[{"id":39057,"href":"https:\/\/www.gasia.com.tr\/en\/wp-json\/wp\/v2\/product\/34589\/revisions\/39057"}],"wp:featuredmedia":[{"embeddable":true,"href":"https:\/\/www.gasia.com.tr\/en\/wp-json\/wp\/v2\/media\/39055"}],"wp:attachment":[{"href":"https:\/\/www.gasia.com.tr\/en\/wp-json\/wp\/v2\/media?parent=34589"}],"wp:term":[{"taxonomy":"product_brand","embeddable":true,"href":"https:\/\/www.gasia.com.tr\/en\/wp-json\/wp\/v2\/product_brand?post=34589"},{"taxonomy":"product_cat","embeddable":true,"href":"https:\/\/www.gasia.com.tr\/en\/wp-json\/wp\/v2\/product_cat?post=34589"},{"taxonomy":"product_tag","embeddable":true,"href":"https:\/\/www.gasia.com.tr\/en\/wp-json\/wp\/v2\/product_tag?post=34589"}],"curies":[{"name":"wp","href":"https:\/\/api.w.org\/{rel}","templated":true}]}}