{"id":34881,"date":"2026-03-05T00:00:00","date_gmt":"2026-03-04T21:00:00","guid":{"rendered":"https:\/\/www.gasia.com.tr\/?post_type=product&#038;p=34881"},"modified":"2026-04-07T21:45:45","modified_gmt":"2026-04-07T18:45:45","slug":"pirlanta-cerceveli-mine-fatma-ana-eli-nazar-kolye","status":"publish","type":"product","link":"https:\/\/www.gasia.com.tr\/en\/collections\/pirlanta-cerceveli-mine-fatma-ana-eli-nazar-kolye\/","title":{"rendered":"P\u0131rlanta \u00c7er\u00e7eveli Mine Fatima Ana Eli Nazar Kolye"},"content":{"rendered":"<p data-start=\"115\" data-end=\"400\">Sedef g\u00f6r\u00fcn\u00fcml\u00fc mine zemin \u00fczerine tasarlanan bu kolye, Fatma Ana Eli ve g\u00f6z motifini bir araya getirerek anlam ve esteti\u011fi g\u00fc\u00e7l\u00fc bir \u015fekilde sunar. Merkezde yer alan Fatma Ana Eli fig\u00fcr\u00fc, micro el i\u015f\u00e7ili\u011fi ile boyanm\u0131\u015f renkli detaylar\u0131 sayesinde dikkat \u00e7ekici bir g\u00f6r\u00fcn\u00fcm olu\u015fturur.<\/p>\n<p data-start=\"402\" data-end=\"614\">Alt b\u00f6l\u00fcmde yer alan g\u00f6z motifi tasar\u0131ma sembolik bir anlam katarken, etraf\u0131n\u0131 saran p\u0131rlanta \u00e7er\u00e7eve kolyeye \u0131\u015f\u0131lt\u0131 kazand\u0131r\u0131r. Alt\u0131n ton \u00e7er\u00e7eve ve zincir ile tamamlanan form, dengeli ve zarif bir stil sunar.<\/p>\n<p data-start=\"616\" data-end=\"817\">G\u00fcnl\u00fck kullan\u0131mda anlaml\u0131 bir aksesuar olarak \u00f6ne \u00e7\u0131karken, \u00f6zel anlarda da dikkat \u00e7ekici bir tamamlay\u0131c\u0131 olarak tercih edilebilir. Detay ve i\u015f\u00e7ilik odakl\u0131 tasar\u0131mlar\u0131 sevenler i\u00e7in ideal bir se\u00e7imdir.<\/p>\n<p>&nbsp;<\/p>\n<p>Sedef \u00fczerine mikro el i\u015f\u00e7ili\u011fi ile i\u015flenmi\u015f Fatima Eli ve g\u00f6z.<\/p>","protected":false},"excerpt":{"rendered":"<ul>\n<li>18 ayar alt\u0131n<\/li>\n<li>0.14 ct P\u0131rlanta<\/li>\n<li>42 cm Uzunlu\u011funda Zincir<\/li>\n<\/ul>","protected":false},"featured_media":41509,"comment_status":"open","ping_status":"closed","template":"","meta":[],"product_brand":[2718,2719],"product_cat":[260,75,198],"product_tag":[278,1089,2709,294,2723,2715,726,747,322,2673,1995,744,2726,473,2722,2727,2711,277,280,2744,276,2724,474,2679,1632,476],"class_list":{"0":"post-34881","1":"product","2":"type-product","3":"status-publish","4":"has-post-thumbnail","6":"product_brand-gasia-casuals","7":"product_brand-gasia-protect","8":"product_cat-kadin","9":"product_cat-kolye","10":"product_cat-eye-collection","11":"product_tag-altin-kolye","12":"product_tag-anlamli-kolye","13":"product_tag-dainty-necklace","14":"product_tag-diamond-necklace","15":"product_tag-el-boyama-kolye","16":"product_tag-enamel-necklace","17":"product_tag-evil-eye-necklace","18":"product_tag-fatma-ana-eli-kolye","19":"product_tag-gold-necklace","20":"product_tag-goz-kolye","21":"product_tag-gunluk-kolye","22":"product_tag-hamsa-necklace","23":"product_tag-hand-painted-necklace","24":"product_tag-kadin-kolye","25":"product_tag-micro-iscilik-kolye","26":"product_tag-micro-painted-jewelry","27":"product_tag-mine-kolye","28":"product_tag-modern-kolye","29":"product_tag-nazar-kolye","30":"product_tag-pirlanta-cerceveli-kolye","31":"product_tag-pirlanta-kolye","32":"product_tag-sembol-kolye","33":"product_tag-sik-kolye","34":"product_tag-symbolic-jewelry","35":"product_tag-women-necklace","36":"product_tag-zarif-kolye","37":"pa_cinsiyet-kadin","39":"first","40":"instock","41":"sale","42":"shipping-taxable","43":"purchasable","44":"product-type-simple"},"_links":{"self":[{"href":"https:\/\/www.gasia.com.tr\/en\/wp-json\/wp\/v2\/product\/34881","targetHints":{"allow":["GET"]}}],"collection":[{"href":"https:\/\/www.gasia.com.tr\/en\/wp-json\/wp\/v2\/product"}],"about":[{"href":"https:\/\/www.gasia.com.tr\/en\/wp-json\/wp\/v2\/types\/product"}],"replies":[{"embeddable":true,"href":"https:\/\/www.gasia.com.tr\/en\/wp-json\/wp\/v2\/comments?post=34881"}],"version-history":[{"count":2,"href":"https:\/\/www.gasia.com.tr\/en\/wp-json\/wp\/v2\/product\/34881\/revisions"}],"predecessor-version":[{"id":41510,"href":"https:\/\/www.gasia.com.tr\/en\/wp-json\/wp\/v2\/product\/34881\/revisions\/41510"}],"wp:featuredmedia":[{"embeddable":true,"href":"https:\/\/www.gasia.com.tr\/en\/wp-json\/wp\/v2\/media\/41509"}],"wp:attachment":[{"href":"https:\/\/www.gasia.com.tr\/en\/wp-json\/wp\/v2\/media?parent=34881"}],"wp:term":[{"taxonomy":"product_brand","embeddable":true,"href":"https:\/\/www.gasia.com.tr\/en\/wp-json\/wp\/v2\/product_brand?post=34881"},{"taxonomy":"product_cat","embeddable":true,"href":"https:\/\/www.gasia.com.tr\/en\/wp-json\/wp\/v2\/product_cat?post=34881"},{"taxonomy":"product_tag","embeddable":true,"href":"https:\/\/www.gasia.com.tr\/en\/wp-json\/wp\/v2\/product_tag?post=34881"}],"curies":[{"name":"wp","href":"https:\/\/api.w.org\/{rel}","templated":true}]}}