{"id":34883,"date":"2025-12-06T21:49:52","date_gmt":"2025-12-06T18:49:52","guid":{"rendered":"https:\/\/www.gasia.com.tr\/?post_type=product&#038;p=34883"},"modified":"2026-04-13T18:01:31","modified_gmt":"2026-04-13T15:01:31","slug":"pirlanta-detayli-nazar-goz-motifli-sedefli-altin-kolye","status":"publish","type":"product","link":"https:\/\/www.gasia.com.tr\/en\/collections\/pirlanta-detayli-nazar-goz-motifli-sedefli-altin-kolye\/","title":{"rendered":"P\u0131rlanta Detayl\u0131 Nazar G\u00f6z Motifli Sedefli Alt\u0131n Kolye"},"content":{"rendered":"<p data-start=\"110\" data-end=\"340\">Alt\u0131n\u0131n s\u0131cak \u0131\u015f\u0131lt\u0131s\u0131n\u0131 sedef y\u00fczeyin do\u011fal parlakl\u0131\u011f\u0131yla bulu\u015fturan bu kolye, merkezindeki nazar g\u00f6z motifi ile dikkat \u00e7eker. \u00c7er\u00e7evesini saran p\u0131rlanta detaylar, tasar\u0131ma zarif bir \u0131\u015f\u0131lt\u0131 katarak g\u00f6z al\u0131c\u0131 bir etki olu\u015fturur.<\/p>\n<p data-start=\"342\" data-end=\"548\">Sedefin kendine \u00f6zg\u00fc \u0131\u015f\u0131k oyunlar\u0131, her a\u00e7\u0131dan farkl\u0131 bir g\u00f6r\u00fcn\u00fcm sunarken nazar motifi kolyeye anlaml\u0131 bir karakter kazand\u0131r\u0131r. \u0130nce zincir yap\u0131s\u0131 sayesinde boyunda hafif ve konforlu bir kullan\u0131m sa\u011flar.<\/p>\n<p data-start=\"550\" data-end=\"669\">Hem g\u00fcnl\u00fck stiline zarif bir dokunu\u015f katmak hem de anlaml\u0131 bir aksesuar tercih etmek isteyenler i\u00e7in \u00f6zel bir par\u00e7ad\u0131r.<\/p>","protected":false},"excerpt":{"rendered":"<ul>\n<li>14 ayar alt\u0131n<\/li>\n<li>0.17 ct P\u0131rlanta<\/li>\n<\/ul>","protected":false},"featured_media":42124,"comment_status":"open","ping_status":"closed","template":"","meta":[],"product_brand":[2718,2719],"product_cat":[260,75,198],"product_tag":[278,2709,294,726,811,322,473,1668,987,1202,280,276,977,329],"class_list":{"0":"post-34883","1":"product","2":"type-product","3":"status-publish","4":"has-post-thumbnail","6":"product_brand-gasia-casuals","7":"product_brand-gasia-protect","8":"product_cat-kadin","9":"product_cat-kolye","10":"product_cat-eye-collection","11":"product_tag-altin-kolye","12":"product_tag-dainty-necklace","13":"product_tag-diamond-necklace","14":"product_tag-evil-eye-necklace","15":"product_tag-gemstone-necklace","16":"product_tag-gold-necklace","17":"product_tag-kadin-kolye","18":"product_tag-luxury-jewelry","19":"product_tag-mother-of-pearl-necklace","20":"product_tag-nazar-goz-kolye","21":"product_tag-nazar-kolye","22":"product_tag-pirlanta-kolye","23":"product_tag-sedef-kolye","24":"product_tag-tasli-kolye","25":"pa_cinsiyet-kadin","27":"first","28":"instock","29":"sale","30":"shipping-taxable","31":"purchasable","32":"product-type-simple"},"_links":{"self":[{"href":"https:\/\/www.gasia.com.tr\/en\/wp-json\/wp\/v2\/product\/34883","targetHints":{"allow":["GET"]}}],"collection":[{"href":"https:\/\/www.gasia.com.tr\/en\/wp-json\/wp\/v2\/product"}],"about":[{"href":"https:\/\/www.gasia.com.tr\/en\/wp-json\/wp\/v2\/types\/product"}],"replies":[{"embeddable":true,"href":"https:\/\/www.gasia.com.tr\/en\/wp-json\/wp\/v2\/comments?post=34883"}],"version-history":[{"count":4,"href":"https:\/\/www.gasia.com.tr\/en\/wp-json\/wp\/v2\/product\/34883\/revisions"}],"predecessor-version":[{"id":42110,"href":"https:\/\/www.gasia.com.tr\/en\/wp-json\/wp\/v2\/product\/34883\/revisions\/42110"}],"wp:featuredmedia":[{"embeddable":true,"href":"https:\/\/www.gasia.com.tr\/en\/wp-json\/wp\/v2\/media\/42124"}],"wp:attachment":[{"href":"https:\/\/www.gasia.com.tr\/en\/wp-json\/wp\/v2\/media?parent=34883"}],"wp:term":[{"taxonomy":"product_brand","embeddable":true,"href":"https:\/\/www.gasia.com.tr\/en\/wp-json\/wp\/v2\/product_brand?post=34883"},{"taxonomy":"product_cat","embeddable":true,"href":"https:\/\/www.gasia.com.tr\/en\/wp-json\/wp\/v2\/product_cat?post=34883"},{"taxonomy":"product_tag","embeddable":true,"href":"https:\/\/www.gasia.com.tr\/en\/wp-json\/wp\/v2\/product_tag?post=34883"}],"curies":[{"name":"wp","href":"https:\/\/api.w.org\/{rel}","templated":true}]}}