{"id":34889,"date":"2026-01-11T00:00:00","date_gmt":"2026-01-10T21:00:00","guid":{"rendered":"https:\/\/www.gasia.com.tr\/?post_type=product&#038;p=34889"},"modified":"2026-03-27T22:02:36","modified_gmt":"2026-03-27T19:02:36","slug":"turkuaz-mineli-pirlanta-detayli-nazar-goz-kolye","status":"publish","type":"product","link":"https:\/\/www.gasia.com.tr\/en\/collections\/turkuaz-mineli-pirlanta-detayli-nazar-goz-kolye\/","title":{"rendered":"Turkuaz Mineli P\u0131rlanta Detayl\u0131 Nazar G\u00f6z Kolye"},"content":{"rendered":"<p>Parlak mine y\u00fczeyi ile dikkat \u00e7eken bu kolye, turkuaz tonunun enerjisini nazar g\u00f6z detay\u0131yla birle\u015ftirir. Yumu\u015fak hatl\u0131 \u00e7i\u00e7ek formu, etraf\u0131n\u0131 saran p\u0131rlanta \u00e7er\u00e7eve ile \u0131\u015f\u0131lt\u0131l\u0131 bir g\u00f6r\u00fcn\u00fcm kazan\u0131r. Ortadaki g\u00f6z motifi, koruyucu bir sembol olarak tasar\u0131ma anlam katarken; alt\u0131n zinciri ile zarif bir b\u00fct\u00fcnl\u00fck sunar. G\u00fcnl\u00fck stilinize renk ve hareket katmak i\u00e7in ideal bir par\u00e7ad\u0131r.<\/p>","protected":false},"excerpt":{"rendered":"<ul>\n<li>14 ayar alt\u0131n<\/li>\n<li>0.13 ct p\u0131rlanta<\/li>\n<li>bodrum mavisi mine<\/li>\n<\/ul>","protected":false},"featured_media":40998,"comment_status":"open","ping_status":"closed","template":"","meta":[],"product_brand":[2719],"product_cat":[260,75,198],"product_tag":[278,2709,294,2715,726,1180,1697,2673,473,2711,2712,280,276,2811,284,329,2713,2716],"class_list":{"0":"post-34889","1":"product","2":"type-product","3":"status-publish","4":"has-post-thumbnail","6":"product_brand-gasia-protect","7":"product_cat-kadin","8":"product_cat-kolye","9":"product_cat-eye-collection","10":"product_tag-altin-kolye","11":"product_tag-dainty-necklace","12":"product_tag-diamond-necklace","13":"product_tag-enamel-necklace","14":"product_tag-evil-eye-necklace","15":"product_tag-fine-jewelry-necklace","16":"product_tag-gold-pendant","17":"product_tag-goz-kolye","18":"product_tag-kadin-kolye","19":"product_tag-mine-kolye","20":"product_tag-mine-nazar-kolye","21":"product_tag-nazar-kolye","22":"product_tag-pirlanta-kolye","23":"product_tag-protective-necklace","24":"product_tag-sans-kolyesi","25":"product_tag-tasli-kolye","26":"product_tag-turkuaz-mine-kolye","27":"product_tag-turquoise-enamel-necklace","28":"pa_cinsiyet-kadin","30":"first","31":"instock","32":"sale","33":"shipping-taxable","34":"purchasable","35":"product-type-simple"},"_links":{"self":[{"href":"https:\/\/www.gasia.com.tr\/en\/wp-json\/wp\/v2\/product\/34889","targetHints":{"allow":["GET"]}}],"collection":[{"href":"https:\/\/www.gasia.com.tr\/en\/wp-json\/wp\/v2\/product"}],"about":[{"href":"https:\/\/www.gasia.com.tr\/en\/wp-json\/wp\/v2\/types\/product"}],"replies":[{"embeddable":true,"href":"https:\/\/www.gasia.com.tr\/en\/wp-json\/wp\/v2\/comments?post=34889"}],"version-history":[{"count":2,"href":"https:\/\/www.gasia.com.tr\/en\/wp-json\/wp\/v2\/product\/34889\/revisions"}],"predecessor-version":[{"id":40999,"href":"https:\/\/www.gasia.com.tr\/en\/wp-json\/wp\/v2\/product\/34889\/revisions\/40999"}],"wp:featuredmedia":[{"embeddable":true,"href":"https:\/\/www.gasia.com.tr\/en\/wp-json\/wp\/v2\/media\/40998"}],"wp:attachment":[{"href":"https:\/\/www.gasia.com.tr\/en\/wp-json\/wp\/v2\/media?parent=34889"}],"wp:term":[{"taxonomy":"product_brand","embeddable":true,"href":"https:\/\/www.gasia.com.tr\/en\/wp-json\/wp\/v2\/product_brand?post=34889"},{"taxonomy":"product_cat","embeddable":true,"href":"https:\/\/www.gasia.com.tr\/en\/wp-json\/wp\/v2\/product_cat?post=34889"},{"taxonomy":"product_tag","embeddable":true,"href":"https:\/\/www.gasia.com.tr\/en\/wp-json\/wp\/v2\/product_tag?post=34889"}],"curies":[{"name":"wp","href":"https:\/\/api.w.org\/{rel}","templated":true}]}}