{"id":34899,"date":"2025-12-06T23:30:36","date_gmt":"2025-12-06T20:30:36","guid":{"rendered":"https:\/\/www.gasia.com.tr\/?post_type=product&#038;p=34899"},"modified":"2026-03-16T22:31:59","modified_gmt":"2026-03-16T19:31:59","slug":"minimal-pirlanta-detayli-karbon-fiber-bileklik","status":"publish","type":"product","link":"https:\/\/www.gasia.com.tr\/en\/collections\/minimal-pirlanta-detayli-karbon-fiber-bileklik\/","title":{"rendered":"Minimal P\u0131rlanta Detayl\u0131 Karbon Fiber Bileklik"},"content":{"rendered":"<ul>\n<li>14 ayar alt\u0131n<\/li>\n<li>0.12 ct oval kesim p\u0131rlanta<\/li>\n<li>5 mm geni\u015flik<\/li>\n<\/ul>\n<p>Tarz\u0131n\u0131 detaylarda g\u00f6steren erkekler i\u00e7in \u00f6zel olarak tasarlanan bileklik modellerimiz, hem g\u00fcnl\u00fck kombinlere hem de \u00f6zel davetler i\u00e7in ideal. Modern, \u015f\u0131k ve karizmatik g\u00f6r\u00fcn\u00fcm\u00fc bir arada sunan bilekliklerimiz benzersiz tasar\u0131mlar\u0131yla farkl\u0131 hissettirir.<\/p>","protected":false},"excerpt":{"rendered":"<p>14 ayar alt\u0131n 0.12 ct oval kesim p\u0131rlanta 5 mm geni\u015flik Tarz\u0131n\u0131 detaylarda g\u00f6steren erkekler i\u00e7in \u00f6zel olarak tasarlanan bileklik<\/p>","protected":false},"featured_media":39280,"comment_status":"open","ping_status":"closed","template":"","meta":[],"product_brand":[],"product_cat":[267],"product_tag":[],"class_list":{"0":"post-34899","1":"product","2":"type-product","3":"status-publish","4":"has-post-thumbnail","6":"product_cat-karbon-fiber-bileklikler","7":"pa_cinsiyet-erkek","8":"pa_cinsiyet-kadin","10":"first","11":"instock","12":"shipping-taxable","13":"purchasable","14":"product-type-simple"},"_links":{"self":[{"href":"https:\/\/www.gasia.com.tr\/en\/wp-json\/wp\/v2\/product\/34899","targetHints":{"allow":["GET"]}}],"collection":[{"href":"https:\/\/www.gasia.com.tr\/en\/wp-json\/wp\/v2\/product"}],"about":[{"href":"https:\/\/www.gasia.com.tr\/en\/wp-json\/wp\/v2\/types\/product"}],"replies":[{"embeddable":true,"href":"https:\/\/www.gasia.com.tr\/en\/wp-json\/wp\/v2\/comments?post=34899"}],"version-history":[{"count":2,"href":"https:\/\/www.gasia.com.tr\/en\/wp-json\/wp\/v2\/product\/34899\/revisions"}],"predecessor-version":[{"id":39282,"href":"https:\/\/www.gasia.com.tr\/en\/wp-json\/wp\/v2\/product\/34899\/revisions\/39282"}],"wp:featuredmedia":[{"embeddable":true,"href":"https:\/\/www.gasia.com.tr\/en\/wp-json\/wp\/v2\/media\/39280"}],"wp:attachment":[{"href":"https:\/\/www.gasia.com.tr\/en\/wp-json\/wp\/v2\/media?parent=34899"}],"wp:term":[{"taxonomy":"product_brand","embeddable":true,"href":"https:\/\/www.gasia.com.tr\/en\/wp-json\/wp\/v2\/product_brand?post=34899"},{"taxonomy":"product_cat","embeddable":true,"href":"https:\/\/www.gasia.com.tr\/en\/wp-json\/wp\/v2\/product_cat?post=34899"},{"taxonomy":"product_tag","embeddable":true,"href":"https:\/\/www.gasia.com.tr\/en\/wp-json\/wp\/v2\/product_tag?post=34899"}],"curies":[{"name":"wp","href":"https:\/\/api.w.org\/{rel}","templated":true}]}}