{"id":34910,"date":"2025-12-06T23:37:42","date_gmt":"2025-12-06T20:37:42","guid":{"rendered":"https:\/\/www.gasia.com.tr\/?post_type=product&#038;p=34910"},"modified":"2026-03-14T00:49:53","modified_gmt":"2026-03-13T21:49:53","slug":"sedef-uzerine-nazar-boncuklu-altin-kolye","status":"publish","type":"product","link":"https:\/\/www.gasia.com.tr\/en\/collections\/sedef-uzerine-nazar-boncuklu-altin-kolye\/","title":{"rendered":"Sedef \u00dczerine Nazar Boncuklu Alt\u0131n Kolye"},"content":{"rendered":"<p data-start=\"95\" data-end=\"362\">Zarif ve anlaml\u0131 tasar\u0131m\u0131yla \u00f6ne \u00e7\u0131kan bu alt\u0131n kolye, sedef zemin \u00fczerine yerle\u015ftirilmi\u015f nazar boncu\u011fu detay\u0131yla dikkat \u00e7eker. Do\u011fal sedefin \u0131\u015f\u0131lt\u0131l\u0131 dokusu ve alt\u0131n\u0131n s\u0131cak tonu bir araya gelerek hem \u015f\u0131k hem de koruyucu sembol ta\u015f\u0131yan modern bir m\u00fccevher olu\u015fturur.<\/p>\n<p data-section-id=\"1lkd8hy\" data-start=\"364\" data-end=\"383\">\n<p data-section-id=\"1lkd8hy\" data-start=\"364\" data-end=\"383\">\n<p data-section-id=\"1lkd8hy\" data-start=\"364\" data-end=\"383\">Nazarl\u0131k, insanlar\u0131n k\u00f6t\u00fc bak\u0131\u015flardan ve negatif enerjiden korunmak i\u00e7in kulland\u0131\u011f\u0131 \u00e7ok eski bir sembold\u00fcr. \u201cNazar\u201d kelimesi, bir ki\u015finin k\u0131skan\u00e7l\u0131k veya hayranl\u0131k i\u00e7eren bak\u0131\u015flar\u0131n\u0131n ba\u015fkalar\u0131na zarar verebilece\u011fi inanc\u0131ndan do\u011fmu\u015ftur. Bu inan\u00e7, binlerce y\u0131l \u00f6ncesine kadar uzan\u0131r ve \u00f6zellikle Orta Do\u011fu, Anadolu, Akdeniz ve Orta Asya k\u00fclt\u00fcrlerinde yayg\u0131nd\u0131r.<\/p>","protected":false},"excerpt":{"rendered":"<ul>\n<li>14 ayar alt\u0131n<\/li>\n<li>sedef-firuze-onyx g\u00f6z<\/li>\n<li>15 mm g\u00f6z \u00e7ap<\/li>\n<li>45 cm zincir uzunluk<\/li>\n<\/ul>","protected":false},"featured_media":39678,"comment_status":"open","ping_status":"closed","template":"","meta":[],"product_brand":[77],"product_cat":[260,198],"product_tag":[1412,1029,1416,726,1180,1414,1167,1417,987,281,280,1415,977,1413],"class_list":{"0":"post-34910","1":"product","2":"type-product","3":"status-publish","4":"has-post-thumbnail","6":"product_brand-gasia","7":"product_cat-kadin","8":"product_cat-eye-collection","9":"product_tag-altin-nazar-kolye","10":"product_tag-anlamli-taki","11":"product_tag-designer-gold-necklace","12":"product_tag-evil-eye-necklace","13":"product_tag-fine-jewelry-necklace","14":"product_tag-gold-evil-eye-necklace","15":"product_tag-kadin-altin-kolye","16":"product_tag-luxury-necklace","17":"product_tag-mother-of-pearl-necklace","18":"product_tag-nazar-boncuklu-kolye","19":"product_tag-nazar-kolye","20":"product_tag-protective-jewelry","21":"product_tag-sedef-kolye","22":"product_tag-sedef-nazar-kolye","23":"pa_cinsiyet-kadin","25":"first","26":"instock","27":"sale","28":"shipping-taxable","29":"purchasable","30":"product-type-simple"},"_links":{"self":[{"href":"https:\/\/www.gasia.com.tr\/en\/wp-json\/wp\/v2\/product\/34910","targetHints":{"allow":["GET"]}}],"collection":[{"href":"https:\/\/www.gasia.com.tr\/en\/wp-json\/wp\/v2\/product"}],"about":[{"href":"https:\/\/www.gasia.com.tr\/en\/wp-json\/wp\/v2\/types\/product"}],"replies":[{"embeddable":true,"href":"https:\/\/www.gasia.com.tr\/en\/wp-json\/wp\/v2\/comments?post=34910"}],"version-history":[{"count":2,"href":"https:\/\/www.gasia.com.tr\/en\/wp-json\/wp\/v2\/product\/34910\/revisions"}],"predecessor-version":[{"id":39679,"href":"https:\/\/www.gasia.com.tr\/en\/wp-json\/wp\/v2\/product\/34910\/revisions\/39679"}],"wp:featuredmedia":[{"embeddable":true,"href":"https:\/\/www.gasia.com.tr\/en\/wp-json\/wp\/v2\/media\/39678"}],"wp:attachment":[{"href":"https:\/\/www.gasia.com.tr\/en\/wp-json\/wp\/v2\/media?parent=34910"}],"wp:term":[{"taxonomy":"product_brand","embeddable":true,"href":"https:\/\/www.gasia.com.tr\/en\/wp-json\/wp\/v2\/product_brand?post=34910"},{"taxonomy":"product_cat","embeddable":true,"href":"https:\/\/www.gasia.com.tr\/en\/wp-json\/wp\/v2\/product_cat?post=34910"},{"taxonomy":"product_tag","embeddable":true,"href":"https:\/\/www.gasia.com.tr\/en\/wp-json\/wp\/v2\/product_tag?post=34910"}],"curies":[{"name":"wp","href":"https:\/\/api.w.org\/{rel}","templated":true}]}}