{"id":34931,"date":"2025-12-08T15:25:37","date_gmt":"2025-12-08T12:25:37","guid":{"rendered":"https:\/\/www.gasia.com.tr\/?post_type=product&#038;p=34931"},"modified":"2026-04-27T21:12:08","modified_gmt":"2026-04-27T18:12:08","slug":"altin-zincirli-oval-mercan-tasli-pirlanta-detayli-bileklik","status":"publish","type":"product","link":"https:\/\/www.gasia.com.tr\/en\/collections\/altin-zincirli-oval-mercan-tasli-pirlanta-detayli-bileklik\/","title":{"rendered":"Alt\u0131n Zincirli Oval Mercan Ta\u015fl\u0131 P\u0131rlanta Detayl\u0131 Bileklik"},"content":{"rendered":"<p>Do\u011fal ve s\u0131cak tonlar\u0131n zarafetle bulu\u015ftu\u011fu bu bileklik, merkezde yer alan oval kesim mercan ta\u015f\u0131yla dikkat \u00e7eker. Yumu\u015fak ve do\u011fal turuncu tonlar\u0131yla \u00f6ne \u00e7\u0131kan mercan, etraf\u0131n\u0131 saran p\u0131rlanta detaylarla birlikte \u0131\u015f\u0131lt\u0131s\u0131n\u0131 art\u0131r\u0131r. \u0130nce alt\u0131n zincir ve yanlardaki p\u0131rlanta dokunu\u015flar, tasar\u0131ma dengeli ve sofistike bir g\u00f6r\u00fcn\u00fcm kazand\u0131r\u0131r. Hem g\u00fcnl\u00fck kullan\u0131mda hem de \u00f6zel anlarda \u015f\u0131kl\u0131\u011f\u0131n\u0131 tamamlayacak zarif ve etkileyici bir par\u00e7ad\u0131r.<\/p>\n<p>&nbsp;<\/p>","protected":false},"excerpt":{"rendered":"<ul>\n<li>\u00a018 ayar alt\u0131n<\/li>\n<li>0.16 ct P\u0131rlanta<\/li>\n<li>2.11 ct Mercan<\/li>\n<li>16-17.5 cm ayarlanabilir uzunluk<\/li>\n<\/ul>","protected":false},"featured_media":43012,"comment_status":"open","ping_status":"closed","template":"","meta":[],"product_brand":[2718],"product_cat":[73,269,247,260],"product_tag":[504,3816,507,2227,512,794,365,3815,3424,3817,2285,358,1803,1083],"class_list":{"0":"post-34931","1":"product","2":"type-product","3":"status-publish","4":"has-post-thumbnail","6":"product_brand-gasia-casuals","7":"product_cat-altin-pirlanta-bileklik","8":"product_cat-gem-world-degerli-tasli-mucevher","9":"product_cat-hediyelik","10":"product_cat-kadin","11":"product_tag-altin-bileklik","12":"product_tag-coral-bracelet","13":"product_tag-diamond-bracelet","14":"product_tag-dogal-tas-bileklik","15":"product_tag-elegant-bracelet","16":"product_tag-gold-bracelet","17":"product_tag-kadin-bileklik","18":"product_tag-mercan-bileklik","19":"product_tag-natural-stone-bracelet","20":"product_tag-oval-stone-bracelet","21":"product_tag-oval-tas-bileklik","22":"product_tag-pirlanta-bileklik","23":"product_tag-women-bracelet","24":"product_tag-zarif-bileklik","25":"pa_cinsiyet-kadin","27":"first","28":"instock","29":"sale","30":"shipping-taxable","31":"purchasable","32":"product-type-simple"},"_links":{"self":[{"href":"https:\/\/www.gasia.com.tr\/en\/wp-json\/wp\/v2\/product\/34931","targetHints":{"allow":["GET"]}}],"collection":[{"href":"https:\/\/www.gasia.com.tr\/en\/wp-json\/wp\/v2\/product"}],"about":[{"href":"https:\/\/www.gasia.com.tr\/en\/wp-json\/wp\/v2\/types\/product"}],"replies":[{"embeddable":true,"href":"https:\/\/www.gasia.com.tr\/en\/wp-json\/wp\/v2\/comments?post=34931"}],"version-history":[{"count":3,"href":"https:\/\/www.gasia.com.tr\/en\/wp-json\/wp\/v2\/product\/34931\/revisions"}],"predecessor-version":[{"id":43014,"href":"https:\/\/www.gasia.com.tr\/en\/wp-json\/wp\/v2\/product\/34931\/revisions\/43014"}],"wp:featuredmedia":[{"embeddable":true,"href":"https:\/\/www.gasia.com.tr\/en\/wp-json\/wp\/v2\/media\/43012"}],"wp:attachment":[{"href":"https:\/\/www.gasia.com.tr\/en\/wp-json\/wp\/v2\/media?parent=34931"}],"wp:term":[{"taxonomy":"product_brand","embeddable":true,"href":"https:\/\/www.gasia.com.tr\/en\/wp-json\/wp\/v2\/product_brand?post=34931"},{"taxonomy":"product_cat","embeddable":true,"href":"https:\/\/www.gasia.com.tr\/en\/wp-json\/wp\/v2\/product_cat?post=34931"},{"taxonomy":"product_tag","embeddable":true,"href":"https:\/\/www.gasia.com.tr\/en\/wp-json\/wp\/v2\/product_tag?post=34931"}],"curies":[{"name":"wp","href":"https:\/\/api.w.org\/{rel}","templated":true}]}}