{"id":34988,"date":"2025-12-09T22:43:16","date_gmt":"2025-12-09T19:43:16","guid":{"rendered":"https:\/\/www.gasia.com.tr\/?post_type=product&#038;p=34988"},"modified":"2026-03-27T10:14:31","modified_gmt":"2026-03-27T07:14:31","slug":"c-harfli-pirlanta-detay-altin-kolye","status":"publish","type":"product","link":"https:\/\/www.gasia.com.tr\/en\/collections\/c-harfli-pirlanta-detay-altin-kolye\/","title":{"rendered":"C Harfli P\u0131rlanta Detay Alt\u0131n Kolye"},"content":{"rendered":"<p>Minimal ve ki\u015fisel bir dokunu\u015f sunan bu harf kolye, sade tasar\u0131m\u0131yla g\u00fcnl\u00fck \u015f\u0131kl\u0131\u011f\u0131n vazge\u00e7ilmez par\u00e7alar\u0131ndan biridir. \u201cC\u201d harfi formundaki alt\u0131n y\u00fczey, modern ve temiz bir g\u00f6r\u00fcn\u00fcm sunarken; \u00fcst k\u0131sm\u0131nda yer alan k\u00fc\u00e7\u00fck p\u0131rlanta detay\u0131 tasar\u0131ma zarif bir \u0131\u015f\u0131lt\u0131 katar. Tek ba\u015f\u0131na kullan\u0131ld\u0131\u011f\u0131nda g\u00fc\u00e7l\u00fc bir ifade sunan bu model, di\u011fer kolyelerle kombinlenerek katmanl\u0131 bir stil de olu\u015fturabilir.<\/p>","protected":false},"excerpt":{"rendered":"<ul>\n<li>14 ayar alt\u0131n<\/li>\n<li>0.025 ct p\u0131rlanta<\/li>\n<li>44 cm zincir uzunluk<\/li>\n<li>21 mm harf y\u00fckseklik<\/li>\n<\/ul>","protected":false},"featured_media":40996,"comment_status":"open","ping_status":"closed","template":"","meta":[],"product_brand":[2718],"product_cat":[211,247,75],"product_tag":[2806,2804,2709,1605,2809,307,298,2805,473,693,2808,273,2810,2807],"class_list":{"0":"post-34988","1":"product","2":"type-product","3":"status-publish","4":"has-post-thumbnail","6":"product_brand-gasia-casuals","7":"product_cat-harf-kolye-modelleri","8":"product_cat-hediyelik","9":"product_cat-kolye","10":"product_tag-altin-harf-kolye","11":"product_tag-c-harf-kolye","12":"product_tag-dainty-necklace","13":"product_tag-diamond-detail-necklace","14":"product_tag-gold-initial-necklace","15":"product_tag-harf-kolye","16":"product_tag-initial-necklace","17":"product_tag-isim-kolyesi","18":"product_tag-kadin-kolye","19":"product_tag-kisisel-kolye","20":"product_tag-letter-c-necklace","21":"product_tag-minimal-kolye","22":"product_tag-personalized-jewelry","23":"product_tag-pirlanta-detay-kolye","24":"pa_cinsiyet-kadin","26":"first","27":"instock","28":"sale","29":"shipping-taxable","30":"purchasable","31":"product-type-simple"},"_links":{"self":[{"href":"https:\/\/www.gasia.com.tr\/en\/wp-json\/wp\/v2\/product\/34988","targetHints":{"allow":["GET"]}}],"collection":[{"href":"https:\/\/www.gasia.com.tr\/en\/wp-json\/wp\/v2\/product"}],"about":[{"href":"https:\/\/www.gasia.com.tr\/en\/wp-json\/wp\/v2\/types\/product"}],"replies":[{"embeddable":true,"href":"https:\/\/www.gasia.com.tr\/en\/wp-json\/wp\/v2\/comments?post=34988"}],"version-history":[{"count":2,"href":"https:\/\/www.gasia.com.tr\/en\/wp-json\/wp\/v2\/product\/34988\/revisions"}],"predecessor-version":[{"id":40997,"href":"https:\/\/www.gasia.com.tr\/en\/wp-json\/wp\/v2\/product\/34988\/revisions\/40997"}],"wp:featuredmedia":[{"embeddable":true,"href":"https:\/\/www.gasia.com.tr\/en\/wp-json\/wp\/v2\/media\/40996"}],"wp:attachment":[{"href":"https:\/\/www.gasia.com.tr\/en\/wp-json\/wp\/v2\/media?parent=34988"}],"wp:term":[{"taxonomy":"product_brand","embeddable":true,"href":"https:\/\/www.gasia.com.tr\/en\/wp-json\/wp\/v2\/product_brand?post=34988"},{"taxonomy":"product_cat","embeddable":true,"href":"https:\/\/www.gasia.com.tr\/en\/wp-json\/wp\/v2\/product_cat?post=34988"},{"taxonomy":"product_tag","embeddable":true,"href":"https:\/\/www.gasia.com.tr\/en\/wp-json\/wp\/v2\/product_tag?post=34988"}],"curies":[{"name":"wp","href":"https:\/\/api.w.org\/{rel}","templated":true}]}}