{"id":34993,"date":"2025-12-09T22:43:55","date_gmt":"2025-12-09T19:43:55","guid":{"rendered":"https:\/\/www.gasia.com.tr\/?post_type=product&#038;p=34993"},"modified":"2026-02-10T17:27:42","modified_gmt":"2026-02-10T14:27:42","slug":"d-harf-kolye","status":"publish","type":"product","link":"https:\/\/www.gasia.com.tr\/en\/collections\/d-harf-kolye\/","title":{"rendered":"D Harfi Kolye"},"content":{"rendered":"<ul>\n<li>14 ayar alt\u0131n<\/li>\n<li>0.025 ct p\u0131rlanta<\/li>\n<li>40 cm zincir uzunluk<\/li>\n<li>21 mm harf y\u00fckseklik<\/li>\n<\/ul>","protected":false},"excerpt":{"rendered":"<p>14 ayar alt\u0131n 0.025 ct p\u0131rlanta 40 cm zincir uzunluk 21 mm harf y\u00fckseklik<\/p>","protected":false},"featured_media":34989,"comment_status":"open","ping_status":"closed","template":"","meta":[],"product_brand":[],"product_cat":[211,247,75],"product_tag":[],"class_list":{"0":"post-34993","1":"product","2":"type-product","3":"status-publish","4":"has-post-thumbnail","6":"product_cat-harf-kolye-modelleri","7":"product_cat-hediyelik","8":"product_cat-kolye","9":"pa_cinsiyet-kadin","11":"first","12":"instock","13":"sale","14":"shipping-taxable","15":"purchasable","16":"product-type-simple"},"_links":{"self":[{"href":"https:\/\/www.gasia.com.tr\/en\/wp-json\/wp\/v2\/product\/34993","targetHints":{"allow":["GET"]}}],"collection":[{"href":"https:\/\/www.gasia.com.tr\/en\/wp-json\/wp\/v2\/product"}],"about":[{"href":"https:\/\/www.gasia.com.tr\/en\/wp-json\/wp\/v2\/types\/product"}],"replies":[{"embeddable":true,"href":"https:\/\/www.gasia.com.tr\/en\/wp-json\/wp\/v2\/comments?post=34993"}],"version-history":[{"count":2,"href":"https:\/\/www.gasia.com.tr\/en\/wp-json\/wp\/v2\/product\/34993\/revisions"}],"predecessor-version":[{"id":35184,"href":"https:\/\/www.gasia.com.tr\/en\/wp-json\/wp\/v2\/product\/34993\/revisions\/35184"}],"wp:featuredmedia":[{"embeddable":true,"href":"https:\/\/www.gasia.com.tr\/en\/wp-json\/wp\/v2\/media\/34989"}],"wp:attachment":[{"href":"https:\/\/www.gasia.com.tr\/en\/wp-json\/wp\/v2\/media?parent=34993"}],"wp:term":[{"taxonomy":"product_brand","embeddable":true,"href":"https:\/\/www.gasia.com.tr\/en\/wp-json\/wp\/v2\/product_brand?post=34993"},{"taxonomy":"product_cat","embeddable":true,"href":"https:\/\/www.gasia.com.tr\/en\/wp-json\/wp\/v2\/product_cat?post=34993"},{"taxonomy":"product_tag","embeddable":true,"href":"https:\/\/www.gasia.com.tr\/en\/wp-json\/wp\/v2\/product_tag?post=34993"}],"curies":[{"name":"wp","href":"https:\/\/api.w.org\/{rel}","templated":true}]}}