{"id":35112,"date":"2025-12-10T18:17:10","date_gmt":"2025-12-10T15:17:10","guid":{"rendered":"https:\/\/www.gasia.com.tr\/?post_type=product&#038;p=35112"},"modified":"2026-03-05T18:21:30","modified_gmt":"2026-03-05T15:21:30","slug":"35112","status":"publish","type":"product","link":"https:\/\/www.gasia.com.tr\/en\/collections\/35112\/","title":{"rendered":"A Harfi alt\u0131n ve okside g\u00fcm\u00fc\u015f tasar\u0131m kolye"},"content":{"rendered":"<ul>\n<li>14 ayar alt\u0131n<\/li>\n<li>925 ayar okside g\u00fcm\u00fc\u015f<\/li>\n<li>45 cm zincir uzunluk<\/li>\n<\/ul>","protected":false},"excerpt":{"rendered":"<p>14 ayar alt\u0131n 925 ayar okside g\u00fcm\u00fc\u015f 45 cm zincir uzunluk<\/p>","protected":false},"featured_media":38919,"comment_status":"open","ping_status":"closed","template":"","meta":[],"product_brand":[77],"product_cat":[211,247,75],"product_tag":[309,305,236,307,301,310,311],"class_list":{"0":"post-35112","1":"product","2":"type-product","3":"status-publish","4":"has-post-thumbnail","6":"product_brand-gasia","7":"product_cat-harf-kolye-modelleri","8":"product_cat-hediyelik","9":"product_cat-kolye","10":"product_tag-a-harf-kolye","11":"product_tag-designer-pendant","12":"product_tag-gasia","13":"product_tag-harf-kolye","14":"product_tag-letter-pendant","15":"product_tag-pendant-for-woman","16":"product_tag-woman-pendant","17":"pa_cinsiyet-kadin","19":"first","20":"instock","21":"sale","22":"shipping-taxable","23":"purchasable","24":"product-type-simple"},"_links":{"self":[{"href":"https:\/\/www.gasia.com.tr\/en\/wp-json\/wp\/v2\/product\/35112","targetHints":{"allow":["GET"]}}],"collection":[{"href":"https:\/\/www.gasia.com.tr\/en\/wp-json\/wp\/v2\/product"}],"about":[{"href":"https:\/\/www.gasia.com.tr\/en\/wp-json\/wp\/v2\/types\/product"}],"replies":[{"embeddable":true,"href":"https:\/\/www.gasia.com.tr\/en\/wp-json\/wp\/v2\/comments?post=35112"}],"version-history":[{"count":2,"href":"https:\/\/www.gasia.com.tr\/en\/wp-json\/wp\/v2\/product\/35112\/revisions"}],"predecessor-version":[{"id":38932,"href":"https:\/\/www.gasia.com.tr\/en\/wp-json\/wp\/v2\/product\/35112\/revisions\/38932"}],"wp:featuredmedia":[{"embeddable":true,"href":"https:\/\/www.gasia.com.tr\/en\/wp-json\/wp\/v2\/media\/38919"}],"wp:attachment":[{"href":"https:\/\/www.gasia.com.tr\/en\/wp-json\/wp\/v2\/media?parent=35112"}],"wp:term":[{"taxonomy":"product_brand","embeddable":true,"href":"https:\/\/www.gasia.com.tr\/en\/wp-json\/wp\/v2\/product_brand?post=35112"},{"taxonomy":"product_cat","embeddable":true,"href":"https:\/\/www.gasia.com.tr\/en\/wp-json\/wp\/v2\/product_cat?post=35112"},{"taxonomy":"product_tag","embeddable":true,"href":"https:\/\/www.gasia.com.tr\/en\/wp-json\/wp\/v2\/product_tag?post=35112"}],"curies":[{"name":"wp","href":"https:\/\/api.w.org\/{rel}","templated":true}]}}