{"id":35127,"date":"2025-12-10T18:17:52","date_gmt":"2025-12-10T15:17:52","guid":{"rendered":"https:\/\/www.gasia.com.tr\/?post_type=product&#038;p=35127"},"modified":"2026-03-05T18:15:45","modified_gmt":"2026-03-05T15:15:45","slug":"z-harf-kolye","status":"publish","type":"product","link":"https:\/\/www.gasia.com.tr\/en\/collections\/z-harf-kolye\/","title":{"rendered":"Z Harfi Kolye"},"content":{"rendered":"<ul>\n<li>14 ayar alt\u0131n<\/li>\n<li>925 ayar okside g\u00fcm\u00fc\u015f<\/li>\n<li>45 cm zincir uzunluk<\/li>\n<\/ul>","protected":false},"excerpt":{"rendered":"<p>14 ayar alt\u0131n 925 ayar okside g\u00fcm\u00fc\u015f 45 cm zincir uzunluk<\/p>","protected":false},"featured_media":38930,"comment_status":"open","ping_status":"closed","template":"","meta":[],"product_brand":[],"product_cat":[211,247,75],"product_tag":[278,282,294,236,231,298,279,222,300,301,299,232,274,303],"class_list":{"0":"post-35127","1":"product","2":"type-product","3":"status-publish","4":"has-post-thumbnail","6":"product_cat-harf-kolye-modelleri","7":"product_cat-hediyelik","8":"product_cat-kolye","9":"product_tag-altin-kolye","10":"product_tag-balik-kolye-pirlanta","11":"product_tag-diamond-necklace","12":"product_tag-gasia","13":"product_tag-hediye","14":"product_tag-initial-necklace","15":"product_tag-kadin","16":"product_tag-kolye","17":"product_tag-letter-necklace","18":"product_tag-letter-pendant","19":"product_tag-pendant","20":"product_tag-tasarim","21":"product_tag-tasarim-kolye","22":"product_tag-z-letter-pendant","23":"pa_cinsiyet-kadin","25":"first","26":"instock","27":"sale","28":"shipping-taxable","29":"purchasable","30":"product-type-simple"},"_links":{"self":[{"href":"https:\/\/www.gasia.com.tr\/en\/wp-json\/wp\/v2\/product\/35127","targetHints":{"allow":["GET"]}}],"collection":[{"href":"https:\/\/www.gasia.com.tr\/en\/wp-json\/wp\/v2\/product"}],"about":[{"href":"https:\/\/www.gasia.com.tr\/en\/wp-json\/wp\/v2\/types\/product"}],"replies":[{"embeddable":true,"href":"https:\/\/www.gasia.com.tr\/en\/wp-json\/wp\/v2\/comments?post=35127"}],"version-history":[{"count":2,"href":"https:\/\/www.gasia.com.tr\/en\/wp-json\/wp\/v2\/product\/35127\/revisions"}],"predecessor-version":[{"id":35179,"href":"https:\/\/www.gasia.com.tr\/en\/wp-json\/wp\/v2\/product\/35127\/revisions\/35179"}],"wp:featuredmedia":[{"embeddable":true,"href":"https:\/\/www.gasia.com.tr\/en\/wp-json\/wp\/v2\/media\/38930"}],"wp:attachment":[{"href":"https:\/\/www.gasia.com.tr\/en\/wp-json\/wp\/v2\/media?parent=35127"}],"wp:term":[{"taxonomy":"product_brand","embeddable":true,"href":"https:\/\/www.gasia.com.tr\/en\/wp-json\/wp\/v2\/product_brand?post=35127"},{"taxonomy":"product_cat","embeddable":true,"href":"https:\/\/www.gasia.com.tr\/en\/wp-json\/wp\/v2\/product_cat?post=35127"},{"taxonomy":"product_tag","embeddable":true,"href":"https:\/\/www.gasia.com.tr\/en\/wp-json\/wp\/v2\/product_tag?post=35127"}],"curies":[{"name":"wp","href":"https:\/\/api.w.org\/{rel}","templated":true}]}}