{"id":35130,"date":"2025-12-10T18:17:53","date_gmt":"2025-12-10T15:17:53","guid":{"rendered":"https:\/\/www.gasia.com.tr\/?post_type=product&#038;p=35130"},"modified":"2026-03-05T18:12:36","modified_gmt":"2026-03-05T15:12:36","slug":"n-harf-kolye","status":"publish","type":"product","link":"https:\/\/www.gasia.com.tr\/en\/collections\/n-harf-kolye\/","title":{"rendered":"N Harfi Kolye"},"content":{"rendered":"<ul>\n<li>14 ayar alt\u0131n<\/li>\n<li>925 ayar okside g\u00fcm\u00fc\u015f<\/li>\n<li>45 cm zincir uzunluk<\/li>\n<\/ul>","protected":false},"excerpt":{"rendered":"<p>14 ayar alt\u0131n 925 ayar okside g\u00fcm\u00fc\u015f 45 cm zincir uzunluk<\/p>","protected":false},"featured_media":38925,"comment_status":"open","ping_status":"closed","template":"","meta":[],"product_brand":[],"product_cat":[211,247,75],"product_tag":[278,294,231,298,279,290,222,300,299],"class_list":{"0":"post-35130","1":"product","2":"type-product","3":"status-publish","4":"has-post-thumbnail","6":"product_cat-harf-kolye-modelleri","7":"product_cat-hediyelik","8":"product_cat-kolye","9":"product_tag-altin-kolye","10":"product_tag-diamond-necklace","11":"product_tag-hediye","12":"product_tag-initial-necklace","13":"product_tag-kadin","14":"product_tag-kadin-tasarim-yuzuk","15":"product_tag-kolye","16":"product_tag-letter-necklace","17":"product_tag-pendant","18":"pa_cinsiyet-kadin","20":"first","21":"instock","22":"sale","23":"shipping-taxable","24":"purchasable","25":"product-type-simple"},"_links":{"self":[{"href":"https:\/\/www.gasia.com.tr\/en\/wp-json\/wp\/v2\/product\/35130","targetHints":{"allow":["GET"]}}],"collection":[{"href":"https:\/\/www.gasia.com.tr\/en\/wp-json\/wp\/v2\/product"}],"about":[{"href":"https:\/\/www.gasia.com.tr\/en\/wp-json\/wp\/v2\/types\/product"}],"replies":[{"embeddable":true,"href":"https:\/\/www.gasia.com.tr\/en\/wp-json\/wp\/v2\/comments?post=35130"}],"version-history":[{"count":2,"href":"https:\/\/www.gasia.com.tr\/en\/wp-json\/wp\/v2\/product\/35130\/revisions"}],"predecessor-version":[{"id":35177,"href":"https:\/\/www.gasia.com.tr\/en\/wp-json\/wp\/v2\/product\/35130\/revisions\/35177"}],"wp:featuredmedia":[{"embeddable":true,"href":"https:\/\/www.gasia.com.tr\/en\/wp-json\/wp\/v2\/media\/38925"}],"wp:attachment":[{"href":"https:\/\/www.gasia.com.tr\/en\/wp-json\/wp\/v2\/media?parent=35130"}],"wp:term":[{"taxonomy":"product_brand","embeddable":true,"href":"https:\/\/www.gasia.com.tr\/en\/wp-json\/wp\/v2\/product_brand?post=35130"},{"taxonomy":"product_cat","embeddable":true,"href":"https:\/\/www.gasia.com.tr\/en\/wp-json\/wp\/v2\/product_cat?post=35130"},{"taxonomy":"product_tag","embeddable":true,"href":"https:\/\/www.gasia.com.tr\/en\/wp-json\/wp\/v2\/product_tag?post=35130"}],"curies":[{"name":"wp","href":"https:\/\/api.w.org\/{rel}","templated":true}]}}