{"id":35145,"date":"2026-01-31T00:00:00","date_gmt":"2026-01-30T21:00:00","guid":{"rendered":"https:\/\/www.gasia.com.tr\/?post_type=product&#038;p=35145"},"modified":"2026-03-30T22:58:38","modified_gmt":"2026-03-30T19:58:38","slug":"14k-altin-marti-kolye-el-yapimi-istanbul-kolleksiyonu-kolye","status":"publish","type":"product","link":"https:\/\/www.gasia.com.tr\/en\/collections\/14k-altin-marti-kolye-el-yapimi-istanbul-kolleksiyonu-kolye\/","title":{"rendered":"14K Alt\u0131n Mart\u0131 Kolye \u2013 El Yap\u0131m\u0131 \u0130stanbul kolleksiyonu Kolye"},"content":{"rendered":"<ul>\n<li>14 ayar alt\u0131n<\/li>\n<li>925 ayar okside g\u00fcm\u00fc\u015f<\/li>\n<li>0.06 ct p\u0131rlanta<\/li>\n<li>45 cm zincir uzunluk<\/li>\n<\/ul>\n<p>&nbsp;<\/p>\n<p data-start=\"370\" data-end=\"436\">Bu kolye u\u00e7an ku\u015f formunda tasarlanm\u0131\u015ft\u0131r.<\/p>\n<p data-start=\"438\" data-end=\"543\">Ku\u015f fig\u00fcr\u00fc \u00fczerinde k\u00fc\u00e7\u00fck p\u0131rlanta ta\u015flar bulunur. Bu ta\u015flar kolyeye parlak ve zarif bir g\u00f6r\u00fcn\u00fcm verir.<\/p>","protected":false},"excerpt":{"rendered":"<p>14 ayar alt\u0131n 925 ayar okside g\u00fcm\u00fc\u015f 0.06 ct p\u0131rlanta 45 cm zincir uzunluk &nbsp; Bu kolye u\u00e7an ku\u015f formunda<\/p>","protected":false},"featured_media":35121,"comment_status":"open","ping_status":"closed","template":"","meta":[],"product_brand":[],"product_cat":[248,260,75],"product_tag":[278,752,629,633,630,751,473,750,626,277,276,274,635],"class_list":{"0":"post-35145","1":"product","2":"type-product","3":"status-publish","4":"has-post-thumbnail","6":"product_cat-istanbul-koleksiyonu","7":"product_cat-kadin","8":"product_cat-kolye","9":"product_tag-altin-kolye","10":"product_tag-animal-necklace","11":"product_tag-bird-necklace","12":"product_tag-designer-necklace","13":"product_tag-diamond-bird-necklace","14":"product_tag-gold-bird-pendant","15":"product_tag-kadin-kolye","16":"product_tag-kus-figurlu-kolye","17":"product_tag-kus-kolye","18":"product_tag-modern-kolye","19":"product_tag-pirlanta-kolye","20":"product_tag-tasarim-kolye","21":"product_tag-womens-gold-necklace","22":"pa_cinsiyet-kadin","24":"first","25":"instock","26":"sale","27":"shipping-taxable","28":"purchasable","29":"product-type-simple"},"_links":{"self":[{"href":"https:\/\/www.gasia.com.tr\/en\/wp-json\/wp\/v2\/product\/35145","targetHints":{"allow":["GET"]}}],"collection":[{"href":"https:\/\/www.gasia.com.tr\/en\/wp-json\/wp\/v2\/product"}],"about":[{"href":"https:\/\/www.gasia.com.tr\/en\/wp-json\/wp\/v2\/types\/product"}],"replies":[{"embeddable":true,"href":"https:\/\/www.gasia.com.tr\/en\/wp-json\/wp\/v2\/comments?post=35145"}],"version-history":[{"count":2,"href":"https:\/\/www.gasia.com.tr\/en\/wp-json\/wp\/v2\/product\/35145\/revisions"}],"predecessor-version":[{"id":39196,"href":"https:\/\/www.gasia.com.tr\/en\/wp-json\/wp\/v2\/product\/35145\/revisions\/39196"}],"wp:featuredmedia":[{"embeddable":true,"href":"https:\/\/www.gasia.com.tr\/en\/wp-json\/wp\/v2\/media\/35121"}],"wp:attachment":[{"href":"https:\/\/www.gasia.com.tr\/en\/wp-json\/wp\/v2\/media?parent=35145"}],"wp:term":[{"taxonomy":"product_brand","embeddable":true,"href":"https:\/\/www.gasia.com.tr\/en\/wp-json\/wp\/v2\/product_brand?post=35145"},{"taxonomy":"product_cat","embeddable":true,"href":"https:\/\/www.gasia.com.tr\/en\/wp-json\/wp\/v2\/product_cat?post=35145"},{"taxonomy":"product_tag","embeddable":true,"href":"https:\/\/www.gasia.com.tr\/en\/wp-json\/wp\/v2\/product_tag?post=35145"}],"curies":[{"name":"wp","href":"https:\/\/api.w.org\/{rel}","templated":true}]}}