{"id":35170,"date":"2025-12-11T12:53:14","date_gmt":"2025-12-11T09:53:14","guid":{"rendered":"https:\/\/www.gasia.com.tr\/?post_type=product&#038;p=35170"},"modified":"2026-02-10T17:27:42","modified_gmt":"2026-02-10T14:27:42","slug":"s-harf-kolye-copy","status":"publish","type":"product","link":"https:\/\/www.gasia.com.tr\/en\/collections\/s-harf-kolye-copy\/","title":{"rendered":"M Harfi Kolye"},"content":{"rendered":"<ul>\n<li>14 ayar alt\u0131n<\/li>\n<li>0.04 ct p\u0131rlanta<\/li>\n<li>43 cm zincir uzunluk<\/li>\n<li>20 mm \/ 10.5 mm harf \u00f6l\u00e7\u00fcs\u00fc<\/li>\n<\/ul>","protected":false},"excerpt":{"rendered":"<p>14 ayar alt\u0131n 0.04 ct p\u0131rlanta 43 cm zincir uzunluk 20 mm \/ 10.5 mm harf \u00f6l\u00e7\u00fcs\u00fc<\/p>","protected":false},"featured_media":35171,"comment_status":"open","ping_status":"closed","template":"","meta":[],"product_brand":[],"product_cat":[211,247,75],"product_tag":[],"class_list":{"0":"post-35170","1":"product","2":"type-product","3":"status-publish","4":"has-post-thumbnail","6":"product_cat-harf-kolye-modelleri","7":"product_cat-hediyelik","8":"product_cat-kolye","9":"pa_cinsiyet-kadin","11":"first","12":"instock","13":"sale","14":"shipping-taxable","15":"purchasable","16":"product-type-simple"},"_links":{"self":[{"href":"https:\/\/www.gasia.com.tr\/en\/wp-json\/wp\/v2\/product\/35170","targetHints":{"allow":["GET"]}}],"collection":[{"href":"https:\/\/www.gasia.com.tr\/en\/wp-json\/wp\/v2\/product"}],"about":[{"href":"https:\/\/www.gasia.com.tr\/en\/wp-json\/wp\/v2\/types\/product"}],"replies":[{"embeddable":true,"href":"https:\/\/www.gasia.com.tr\/en\/wp-json\/wp\/v2\/comments?post=35170"}],"version-history":[{"count":2,"href":"https:\/\/www.gasia.com.tr\/en\/wp-json\/wp\/v2\/product\/35170\/revisions"}],"predecessor-version":[{"id":35174,"href":"https:\/\/www.gasia.com.tr\/en\/wp-json\/wp\/v2\/product\/35170\/revisions\/35174"}],"wp:featuredmedia":[{"embeddable":true,"href":"https:\/\/www.gasia.com.tr\/en\/wp-json\/wp\/v2\/media\/35171"}],"wp:attachment":[{"href":"https:\/\/www.gasia.com.tr\/en\/wp-json\/wp\/v2\/media?parent=35170"}],"wp:term":[{"taxonomy":"product_brand","embeddable":true,"href":"https:\/\/www.gasia.com.tr\/en\/wp-json\/wp\/v2\/product_brand?post=35170"},{"taxonomy":"product_cat","embeddable":true,"href":"https:\/\/www.gasia.com.tr\/en\/wp-json\/wp\/v2\/product_cat?post=35170"},{"taxonomy":"product_tag","embeddable":true,"href":"https:\/\/www.gasia.com.tr\/en\/wp-json\/wp\/v2\/product_tag?post=35170"}],"curies":[{"name":"wp","href":"https:\/\/api.w.org\/{rel}","templated":true}]}}