{"id":35187,"date":"2025-12-11T13:02:40","date_gmt":"2025-12-11T10:02:40","guid":{"rendered":"https:\/\/www.gasia.com.tr\/?post_type=product&#038;p=35187"},"modified":"2026-04-22T22:27:09","modified_gmt":"2026-04-22T19:27:09","slug":"pirlanta-tasli-a-harf-kolye-beyaz-altin-modern-tasarim","status":"publish","type":"product","link":"https:\/\/www.gasia.com.tr\/en\/collections\/pirlanta-tasli-a-harf-kolye-beyaz-altin-modern-tasarim\/","title":{"rendered":"P\u0131rlanta Ta\u015fl\u0131 A Harf Kolye \u2013 Beyaz Alt\u0131n Modern Tasar\u0131m"},"content":{"rendered":"<p data-start=\"393\" data-end=\"620\">Modern \u00e7izgilerle tasarlanm\u0131\u015f \u201cA\u201d harf kolye, zarif p\u0131rlanta ta\u015f detaylar\u0131yla g\u00f6z al\u0131c\u0131 bir \u0131\u015f\u0131lt\u0131 sunar. Beyaz alt\u0131n tonunun sofistike g\u00f6r\u00fcn\u00fcm\u00fc ile birle\u015fen bu tasar\u0131m, g\u00fc\u00e7l\u00fc ve \u015f\u0131k bir stil olu\u015fturur.<\/p>\n<p data-start=\"622\" data-end=\"892\">Harf formunun bir y\u00fczeyinde yo\u011funla\u015ft\u0131r\u0131lm\u0131\u015f p\u0131rlanta dizilimi, kolyeye dinamik ve dikkat \u00e7ekici bir karakter kazand\u0131r\u0131rken, ince i\u015f\u00e7ilik detaylar\u0131 \u00fcr\u00fcn\u00fcn kalitesini \u00f6n plana \u00e7\u0131kar\u0131r. G\u00fcnl\u00fck \u015f\u0131kl\u0131kta veya \u00f6zel anlarda rahatl\u0131kla kullan\u0131labilecek zamans\u0131z bir par\u00e7ad\u0131r.<\/p>\n<p data-start=\"894\" data-end=\"1032\" data-is-last-node=\"\" data-is-only-node=\"\">Kendi ba\u015f harfinizi ta\u015f\u0131mak ya da anlaml\u0131 bir hediye vermek i\u00e7in ideal olan bu kolye, minimal ve modern tasar\u0131m\u0131yla her stile uyum sa\u011flar.<\/p>","protected":false},"excerpt":{"rendered":"<ul>\n<li>A-Z T\u00fcm Harfler i\u00e7in l\u00fctfen ileti\u015fime ge\u00e7iniz<\/li>\n<li>14-18 ayar \u00d6zel \u00fcretim<\/li>\n<li>Sar\u0131-Rose-Beyaz alt\u0131n se\u00e7enekleri<\/li>\n<\/ul>","protected":false},"featured_media":42600,"comment_status":"open","ping_status":"closed","template":"","meta":[],"product_brand":[2718,77],"product_cat":[211,247,75],"product_tag":[309,2353,294,307,3611,3610,3609,473,3608,300,277,1993,699,276,2938,1632],"class_list":{"0":"post-35187","1":"product","2":"type-product","3":"status-publish","4":"has-post-thumbnail","6":"product_brand-gasia-casuals","7":"product_brand-gasia","8":"product_cat-harf-kolye-modelleri","9":"product_cat-hediyelik","10":"product_cat-kolye","11":"product_tag-a-harf-kolye","12":"product_tag-beyaz-altin-kolye","13":"product_tag-diamond-necklace","14":"product_tag-harf-kolye","15":"product_tag-initial-necklace-a","16":"product_tag-initial-pendant","17":"product_tag-isim-bas-harf-kolye","18":"product_tag-kadin-kolye","19":"product_tag-kisiye-ozel-kolye","20":"product_tag-letter-necklace","21":"product_tag-modern-kolye","22":"product_tag-modern-necklace","23":"product_tag-personalized-necklace","24":"product_tag-pirlanta-kolye","25":"product_tag-white-gold-necklace","26":"product_tag-women-necklace","27":"pa_cinsiyet-kadin","29":"first","30":"instock","31":"shipping-taxable","32":"product-type-simple"},"_links":{"self":[{"href":"https:\/\/www.gasia.com.tr\/en\/wp-json\/wp\/v2\/product\/35187","targetHints":{"allow":["GET"]}}],"collection":[{"href":"https:\/\/www.gasia.com.tr\/en\/wp-json\/wp\/v2\/product"}],"about":[{"href":"https:\/\/www.gasia.com.tr\/en\/wp-json\/wp\/v2\/types\/product"}],"replies":[{"embeddable":true,"href":"https:\/\/www.gasia.com.tr\/en\/wp-json\/wp\/v2\/comments?post=35187"}],"version-history":[{"count":4,"href":"https:\/\/www.gasia.com.tr\/en\/wp-json\/wp\/v2\/product\/35187\/revisions"}],"predecessor-version":[{"id":42601,"href":"https:\/\/www.gasia.com.tr\/en\/wp-json\/wp\/v2\/product\/35187\/revisions\/42601"}],"wp:featuredmedia":[{"embeddable":true,"href":"https:\/\/www.gasia.com.tr\/en\/wp-json\/wp\/v2\/media\/42600"}],"wp:attachment":[{"href":"https:\/\/www.gasia.com.tr\/en\/wp-json\/wp\/v2\/media?parent=35187"}],"wp:term":[{"taxonomy":"product_brand","embeddable":true,"href":"https:\/\/www.gasia.com.tr\/en\/wp-json\/wp\/v2\/product_brand?post=35187"},{"taxonomy":"product_cat","embeddable":true,"href":"https:\/\/www.gasia.com.tr\/en\/wp-json\/wp\/v2\/product_cat?post=35187"},{"taxonomy":"product_tag","embeddable":true,"href":"https:\/\/www.gasia.com.tr\/en\/wp-json\/wp\/v2\/product_tag?post=35187"}],"curies":[{"name":"wp","href":"https:\/\/api.w.org\/{rel}","templated":true}]}}