{"id":35191,"date":"2026-01-11T00:00:00","date_gmt":"2026-01-10T21:00:00","guid":{"rendered":"https:\/\/www.gasia.com.tr\/?post_type=product&#038;p=35191"},"modified":"2026-03-28T12:14:30","modified_gmt":"2026-03-28T09:14:30","slug":"oval-nazar-goz-motifli-pirlanta-cerceveli-altin-kolye","status":"publish","type":"product","link":"https:\/\/www.gasia.com.tr\/en\/collections\/oval-nazar-goz-motifli-pirlanta-cerceveli-altin-kolye\/","title":{"rendered":"Oval Nazar G\u00f6z Motifli P\u0131rlanta \u00c7er\u00e7eveli Alt\u0131n Kolye"},"content":{"rendered":"<p>Oval formda tasarlanan bu kolye, merkezindeki nazar g\u00f6z motifi ile g\u00fc\u00e7l\u00fc ve anlaml\u0131 bir g\u00f6r\u00fcn\u00fcm sunar. Mavi ve beyaz tonlar\u0131n kontrast\u0131 dikkat \u00e7ekerken, etraf\u0131n\u0131 saran p\u0131rlanta detaylar tasar\u0131ma \u0131\u015f\u0131lt\u0131 katar. Alt\u0131n zemin \u00fczerindeki dokulu y\u00fczey kolyeye karakter kazand\u0131r\u0131r. G\u00fcnl\u00fck kullan\u0131ma uygun oldu\u011fu gibi, \u00f6zel kombinlerde de \u00f6ne \u00e7\u0131kan bir tamamlay\u0131c\u0131d\u0131r.<\/p>","protected":false},"excerpt":{"rendered":"<ul>\n<li>14 ayar alt\u0131n<\/li>\n<li>0.46 ct Konyak p\u0131rlanta<\/li>\n<li>42.5 cm zincir uzunluk<\/li>\n<\/ul>","protected":false},"featured_media":41036,"comment_status":"open","ping_status":"closed","template":"","meta":[],"product_brand":[],"product_cat":[260,75,198],"product_tag":[278,294,2715,726,322,2673,473,2711,280,1305,2836,2839,276,284,2679],"class_list":{"0":"post-35191","1":"product","2":"type-product","3":"status-publish","4":"has-post-thumbnail","6":"product_cat-kadin","7":"product_cat-kolye","8":"product_cat-eye-collection","9":"product_tag-altin-kolye","10":"product_tag-diamond-necklace","11":"product_tag-enamel-necklace","12":"product_tag-evil-eye-necklace","13":"product_tag-gold-necklace","14":"product_tag-goz-kolye","15":"product_tag-kadin-kolye","16":"product_tag-mine-kolye","17":"product_tag-nazar-kolye","18":"product_tag-nazar-necklace","19":"product_tag-oval-kolye","20":"product_tag-oval-pendant","21":"product_tag-pirlanta-kolye","22":"product_tag-sans-kolyesi","23":"product_tag-symbolic-jewelry","24":"pa_cinsiyet-kadin","26":"first","27":"instock","28":"shipping-taxable","29":"purchasable","30":"product-type-simple"},"_links":{"self":[{"href":"https:\/\/www.gasia.com.tr\/en\/wp-json\/wp\/v2\/product\/35191","targetHints":{"allow":["GET"]}}],"collection":[{"href":"https:\/\/www.gasia.com.tr\/en\/wp-json\/wp\/v2\/product"}],"about":[{"href":"https:\/\/www.gasia.com.tr\/en\/wp-json\/wp\/v2\/types\/product"}],"replies":[{"embeddable":true,"href":"https:\/\/www.gasia.com.tr\/en\/wp-json\/wp\/v2\/comments?post=35191"}],"version-history":[{"count":2,"href":"https:\/\/www.gasia.com.tr\/en\/wp-json\/wp\/v2\/product\/35191\/revisions"}],"predecessor-version":[{"id":41037,"href":"https:\/\/www.gasia.com.tr\/en\/wp-json\/wp\/v2\/product\/35191\/revisions\/41037"}],"wp:featuredmedia":[{"embeddable":true,"href":"https:\/\/www.gasia.com.tr\/en\/wp-json\/wp\/v2\/media\/41036"}],"wp:attachment":[{"href":"https:\/\/www.gasia.com.tr\/en\/wp-json\/wp\/v2\/media?parent=35191"}],"wp:term":[{"taxonomy":"product_brand","embeddable":true,"href":"https:\/\/www.gasia.com.tr\/en\/wp-json\/wp\/v2\/product_brand?post=35191"},{"taxonomy":"product_cat","embeddable":true,"href":"https:\/\/www.gasia.com.tr\/en\/wp-json\/wp\/v2\/product_cat?post=35191"},{"taxonomy":"product_tag","embeddable":true,"href":"https:\/\/www.gasia.com.tr\/en\/wp-json\/wp\/v2\/product_tag?post=35191"}],"curies":[{"name":"wp","href":"https:\/\/api.w.org\/{rel}","templated":true}]}}