{"id":35220,"date":"2025-12-11T14:10:21","date_gmt":"2025-12-11T11:10:21","guid":{"rendered":"https:\/\/www.gasia.com.tr\/?post_type=product&#038;p=35220"},"modified":"2026-03-05T21:19:07","modified_gmt":"2026-03-05T18:19:07","slug":"p-harfli-pirlantali-altin-kolye-diamond-p-initial-gold-necklace","status":"publish","type":"product","link":"https:\/\/www.gasia.com.tr\/en\/collections\/p-harfli-pirlantali-altin-kolye-diamond-p-initial-gold-necklace\/","title":{"rendered":"P Harfli P\u0131rlantal\u0131 Alt\u0131n Kolye | Diamond P Initial Gold Necklace"},"content":{"rendered":"<ul>\n<li>18 ayar alt\u0131n<\/li>\n<li>0.055 ct p\u0131rlanta<\/li>\n<li>45 cm zincir uzunluk<\/li>\n<\/ul>","protected":false},"excerpt":{"rendered":"<p>18 ayar alt\u0131n 0.055 ct p\u0131rlanta 45 cm zincir uzunluk<\/p>","protected":false},"featured_media":38934,"comment_status":"open","ping_status":"closed","template":"","meta":[],"product_brand":[],"product_cat":[211,247,75],"product_tag":[294,318,317,322,315,298,279,325,300,319,323,321,312,313,316,324,320,314,274],"class_list":{"0":"post-35220","1":"product","2":"type-product","3":"status-publish","4":"has-post-thumbnail","6":"product_cat-harf-kolye-modelleri","7":"product_cat-hediyelik","8":"product_cat-kolye","9":"product_tag-diamond-necklace","10":"product_tag-diamond-p-necklace","11":"product_tag-gold-letter-p-necklace","12":"product_tag-gold-necklace","13":"product_tag-harf-kolye-altin","14":"product_tag-initial-necklace","15":"product_tag-kadin","16":"product_tag-layered-necklace","17":"product_tag-letter-necklace","18":"product_tag-minimal-letter-necklace","19":"product_tag-minimal-necklace","20":"product_tag-name-necklace","21":"product_tag-p-harf-kolye","22":"product_tag-p-harfli-altin-kolye","23":"product_tag-p-initial-necklace","24":"product_tag-pendant-necklace","25":"product_tag-personalized-initial-necklace","26":"product_tag-pirlantali-harf-kolye","27":"product_tag-tasarim-kolye","28":"pa_cinsiyet-kadin","30":"first","31":"instock","32":"shipping-taxable","33":"purchasable","34":"product-type-simple"},"_links":{"self":[{"href":"https:\/\/www.gasia.com.tr\/en\/wp-json\/wp\/v2\/product\/35220","targetHints":{"allow":["GET"]}}],"collection":[{"href":"https:\/\/www.gasia.com.tr\/en\/wp-json\/wp\/v2\/product"}],"about":[{"href":"https:\/\/www.gasia.com.tr\/en\/wp-json\/wp\/v2\/types\/product"}],"replies":[{"embeddable":true,"href":"https:\/\/www.gasia.com.tr\/en\/wp-json\/wp\/v2\/comments?post=35220"}],"version-history":[{"count":3,"href":"https:\/\/www.gasia.com.tr\/en\/wp-json\/wp\/v2\/product\/35220\/revisions"}],"predecessor-version":[{"id":38933,"href":"https:\/\/www.gasia.com.tr\/en\/wp-json\/wp\/v2\/product\/35220\/revisions\/38933"}],"wp:featuredmedia":[{"embeddable":true,"href":"https:\/\/www.gasia.com.tr\/en\/wp-json\/wp\/v2\/media\/38934"}],"wp:attachment":[{"href":"https:\/\/www.gasia.com.tr\/en\/wp-json\/wp\/v2\/media?parent=35220"}],"wp:term":[{"taxonomy":"product_brand","embeddable":true,"href":"https:\/\/www.gasia.com.tr\/en\/wp-json\/wp\/v2\/product_brand?post=35220"},{"taxonomy":"product_cat","embeddable":true,"href":"https:\/\/www.gasia.com.tr\/en\/wp-json\/wp\/v2\/product_cat?post=35220"},{"taxonomy":"product_tag","embeddable":true,"href":"https:\/\/www.gasia.com.tr\/en\/wp-json\/wp\/v2\/product_tag?post=35220"}],"curies":[{"name":"wp","href":"https:\/\/api.w.org\/{rel}","templated":true}]}}